{"id":50719,"date":"2022-02-03T15:05:20","date_gmt":"2022-02-03T12:05:20","guid":{"rendered":"https:\/\/seacare.com\/tr\/?page_id=50719"},"modified":"2022-02-03T15:05:20","modified_gmt":"2022-02-03T12:05:20","slug":"amisoft-cs-22","status":"publish","type":"page","link":"https:\/\/seacare.com\/tr\/amisoft-cs-22\/","title":{"rendered":"Amisoft\u00ae CS-22"},"content":{"rendered":"<h1 class=\"text-head\" style=\"text-align: center;\"><span data-text-color=\"primary\">Amisoft\u00ae CS-22<\/span><\/h1>\n<p>Amisoft \u00ae CS-22, amino asit, L-glutamik asit ve hindistancevizi ya\u011f asitlerinden olu\u015fan aktif bir do\u011fal bile\u015fendir. Cilt i\u00e7in m\u00fckemmel bir bak\u0131m sa\u011flayarak gerginlik hissi olmadan nemlendirilmi\u015f bir his b\u0131rak\u0131r ve sa\u00e7 \u00fczerinde de benzer bir etkiye sahip olup sa\u00e7lar\u0131n ipeksi yumu\u015fak ve p\u00fcr\u00fczs\u00fcz olmas\u0131n\u0131 sa\u011flar.<\/p>\n","protected":false},"excerpt":{"rendered":"<p>Amisoft\u00ae CS-22 Amisoft \u00ae CS-22, amino asit, L-glutamik asit ve hindistancevizi ya\u011f asitlerinden olu\u015fan aktif bir do\u011fal bile\u015fendir. Cilt i\u00e7in m\u00fckemmel bir bak\u0131m sa\u011flayarak gerginlik hissi olmadan nemlendirilmi\u015f bir his b\u0131rak\u0131r ve sa\u00e7 \u00fczerinde de benzer bir etkiye sahip olup sa\u00e7lar\u0131n ipeksi yumu\u015fak ve p\u00fcr\u00fczs\u00fcz olmas\u0131n\u0131 sa\u011flar.<\/p>\n","protected":false},"author":1,"featured_media":0,"parent":0,"menu_order":0,"comment_status":"closed","ping_status":"closed","template":"","meta":{"footnotes":""},"_links":{"self":[{"href":"https:\/\/seacare.com\/tr\/wp-json\/wp\/v2\/pages\/50719"}],"collection":[{"href":"https:\/\/seacare.com\/tr\/wp-json\/wp\/v2\/pages"}],"about":[{"href":"https:\/\/seacare.com\/tr\/wp-json\/wp\/v2\/types\/page"}],"author":[{"embeddable":true,"href":"https:\/\/seacare.com\/tr\/wp-json\/wp\/v2\/users\/1"}],"replies":[{"embeddable":true,"href":"https:\/\/seacare.com\/tr\/wp-json\/wp\/v2\/comments?post=50719"}],"version-history":[{"count":1,"href":"https:\/\/seacare.com\/tr\/wp-json\/wp\/v2\/pages\/50719\/revisions"}],"predecessor-version":[{"id":50720,"href":"https:\/\/seacare.com\/tr\/wp-json\/wp\/v2\/pages\/50719\/revisions\/50720"}],"wp:attachment":[{"href":"https:\/\/seacare.com\/tr\/wp-json\/wp\/v2\/media?parent=50719"}],"curies":[{"name":"wp","href":"https:\/\/api.w.org\/{rel}","templated":true}]}}