{"id":50723,"date":"2022-02-03T15:10:10","date_gmt":"2022-02-03T12:10:10","guid":{"rendered":"https:\/\/seacare.com\/tr\/?page_id=50723"},"modified":"2022-02-03T15:10:10","modified_gmt":"2022-02-03T12:10:10","slug":"oelue-deniz-tuzu","status":"publish","type":"page","link":"https:\/\/seacare.com\/tr\/oelue-deniz-tuzu\/","title":{"rendered":"\u00d6l\u00fc Deniz Tuzu"},"content":{"rendered":"<h1 class=\"text-head\" style=\"text-align: center;\"><span data-text-color=\"primary\">\u00d6l\u00fc Deniz Tuzu<\/span><\/h1>\n<p>Gerekli mineralleri i\u00e7eren \u00d6l\u00fc Deniz tuzu, genel sa\u011fl\u0131\u011f\u0131m\u0131z ve kendimizi iyi hissetmemiz i\u00e7in tam ihtiya\u00e7 duydu\u011fumuz \u015fey olabilir. \u00d6l\u00fc Deniz tuzu, genel sa\u011fl\u0131\u011f\u0131m\u0131zda \u00f6nemli bir rol oynayan potasyum, kalsiyum, magnezyum, sodyum ve eser miktarda k\u00fck\u00fcrt dahil olmak \u00fczere \u00e7e\u015fitli mineralleri i\u00e7erir. K\u00fck\u00fcrt i\u00e7eri\u011fi, antibakteriyel \u00f6zellikleri sayesinde cilt y\u00fczeyinin temizlenmesi i\u00e7in m\u00fckemmeldir.<\/p>\n","protected":false},"excerpt":{"rendered":"<p>\u00d6l\u00fc Deniz Tuzu Gerekli mineralleri i\u00e7eren \u00d6l\u00fc Deniz tuzu, genel sa\u011fl\u0131\u011f\u0131m\u0131z ve kendimizi iyi hissetmemiz i\u00e7in tam ihtiya\u00e7 duydu\u011fumuz \u015fey olabilir. \u00d6l\u00fc Deniz tuzu, genel sa\u011fl\u0131\u011f\u0131m\u0131zda \u00f6nemli bir rol oynayan potasyum, kalsiyum, magnezyum, sodyum ve eser miktarda k\u00fck\u00fcrt dahil olmak \u00fczere \u00e7e\u015fitli mineralleri i\u00e7erir. K\u00fck\u00fcrt i\u00e7eri\u011fi, antibakteriyel \u00f6zellikleri sayesinde cilt y\u00fczeyinin temizlenmesi i\u00e7in m\u00fckemmeldir.<\/p>\n","protected":false},"author":1,"featured_media":0,"parent":0,"menu_order":0,"comment_status":"closed","ping_status":"closed","template":"","meta":{"footnotes":""},"_links":{"self":[{"href":"https:\/\/seacare.com\/tr\/wp-json\/wp\/v2\/pages\/50723"}],"collection":[{"href":"https:\/\/seacare.com\/tr\/wp-json\/wp\/v2\/pages"}],"about":[{"href":"https:\/\/seacare.com\/tr\/wp-json\/wp\/v2\/types\/page"}],"author":[{"embeddable":true,"href":"https:\/\/seacare.com\/tr\/wp-json\/wp\/v2\/users\/1"}],"replies":[{"embeddable":true,"href":"https:\/\/seacare.com\/tr\/wp-json\/wp\/v2\/comments?post=50723"}],"version-history":[{"count":1,"href":"https:\/\/seacare.com\/tr\/wp-json\/wp\/v2\/pages\/50723\/revisions"}],"predecessor-version":[{"id":50724,"href":"https:\/\/seacare.com\/tr\/wp-json\/wp\/v2\/pages\/50723\/revisions\/50724"}],"wp:attachment":[{"href":"https:\/\/seacare.com\/tr\/wp-json\/wp\/v2\/media?parent=50723"}],"curies":[{"name":"wp","href":"https:\/\/api.w.org\/{rel}","templated":true}]}}