{"id":50725,"date":"2022-02-03T15:09:59","date_gmt":"2022-02-03T12:09:59","guid":{"rendered":"https:\/\/seacare.com\/tr\/?page_id=50725"},"modified":"2022-02-03T15:09:59","modified_gmt":"2022-02-03T12:09:59","slug":"oelue-deniz-camuru","status":"publish","type":"page","link":"https:\/\/seacare.com\/tr\/oelue-deniz-camuru\/","title":{"rendered":"\u00d6l\u00fc Deniz \u00c7amuru"},"content":{"rendered":"<h1 class=\"text-head\" style=\"text-align: center;\"><span data-text-color=\"primary\">\u00d6l\u00fc Deniz \u00c7amuru<\/span><\/h1>\n<p>\u00d6l\u00fc Deniz \u00e7amuru, sedef hastal\u0131\u011f\u0131, artrit, akne ve kronik s\u0131rt a\u011fr\u0131lar\u0131 gibi hastal\u0131klar\u0131n tedavisinde kullan\u0131l\u0131r. Bir\u00e7ok ara\u015ft\u0131rma, \u00d6l\u00fc Deniz \u00e7amurunun a\u011fr\u0131y\u0131 hafifletebildi\u011fi, iltihab\u0131 azaltabildi\u011fi ve daha fazlas\u0131n\u0131 yapabildi\u011fi iddialar\u0131n\u0131 kan\u0131tlam\u0131\u015ft\u0131r. \u00d6l\u00fc Deniz \u00e7amuru kompres olarak kullan\u0131labilir.<\/p>\n","protected":false},"excerpt":{"rendered":"<p>\u00d6l\u00fc Deniz \u00c7amuru \u00d6l\u00fc Deniz \u00e7amuru, sedef hastal\u0131\u011f\u0131, artrit, akne ve kronik s\u0131rt a\u011fr\u0131lar\u0131 gibi hastal\u0131klar\u0131n tedavisinde kullan\u0131l\u0131r. Bir\u00e7ok ara\u015ft\u0131rma, \u00d6l\u00fc Deniz \u00e7amurunun a\u011fr\u0131y\u0131 hafifletebildi\u011fi, iltihab\u0131 azaltabildi\u011fi ve daha fazlas\u0131n\u0131 yapabildi\u011fi iddialar\u0131n\u0131 kan\u0131tlam\u0131\u015ft\u0131r. \u00d6l\u00fc Deniz \u00e7amuru kompres olarak kullan\u0131labilir.<\/p>\n","protected":false},"author":1,"featured_media":0,"parent":0,"menu_order":0,"comment_status":"closed","ping_status":"closed","template":"","meta":{"footnotes":""},"_links":{"self":[{"href":"https:\/\/seacare.com\/tr\/wp-json\/wp\/v2\/pages\/50725"}],"collection":[{"href":"https:\/\/seacare.com\/tr\/wp-json\/wp\/v2\/pages"}],"about":[{"href":"https:\/\/seacare.com\/tr\/wp-json\/wp\/v2\/types\/page"}],"author":[{"embeddable":true,"href":"https:\/\/seacare.com\/tr\/wp-json\/wp\/v2\/users\/1"}],"replies":[{"embeddable":true,"href":"https:\/\/seacare.com\/tr\/wp-json\/wp\/v2\/comments?post=50725"}],"version-history":[{"count":1,"href":"https:\/\/seacare.com\/tr\/wp-json\/wp\/v2\/pages\/50725\/revisions"}],"predecessor-version":[{"id":50726,"href":"https:\/\/seacare.com\/tr\/wp-json\/wp\/v2\/pages\/50725\/revisions\/50726"}],"wp:attachment":[{"href":"https:\/\/seacare.com\/tr\/wp-json\/wp\/v2\/media?parent=50725"}],"curies":[{"name":"wp","href":"https:\/\/api.w.org\/{rel}","templated":true}]}}