{"id":50727,"date":"2022-02-03T15:05:17","date_gmt":"2022-02-03T12:05:17","guid":{"rendered":"https:\/\/seacare.com\/tr\/?page_id=50727"},"modified":"2022-02-03T15:05:17","modified_gmt":"2022-02-03T12:05:17","slug":"altin","status":"publish","type":"page","link":"https:\/\/seacare.com\/tr\/altin\/","title":{"rendered":"Alt\u0131n"},"content":{"rendered":"<h1 class=\"text-head\" style=\"text-align: center;\"><span data-text-color=\"primary\">Alt\u0131n<\/span><\/h1>\n<p>G\u00fcn\u00fcm\u00fczde cilt bak\u0131m\u0131nda alt\u0131n kullan\u0131m\u0131 pop\u00fcler hale geldi. Ancak cilt bak\u0131m \u00fcr\u00fcnlerinde alt\u0131n kullan\u0131m\u0131 \u00e7ok eski zamanlardan beri Japonlar, Romal\u0131lar ve M\u0131s\u0131rl\u0131lar taraf\u0131ndan \u00e7ok iyi biliniyor ve kullan\u0131l\u0131yordu. Alt\u0131n k\u0131r\u0131\u015f\u0131kl\u0131klar\u0131, ince \u00e7izgileri, lekeleri azalt\u0131r. Cilt h\u00fccrelerini uyar\u0131r. Erken cilt ya\u015flanmas\u0131n\u0131 \u00f6nler.<\/p>\n","protected":false},"excerpt":{"rendered":"<p>Alt\u0131n G\u00fcn\u00fcm\u00fczde cilt bak\u0131m\u0131nda alt\u0131n kullan\u0131m\u0131 pop\u00fcler hale geldi. Ancak cilt bak\u0131m \u00fcr\u00fcnlerinde alt\u0131n kullan\u0131m\u0131 \u00e7ok eski zamanlardan beri Japonlar, Romal\u0131lar ve M\u0131s\u0131rl\u0131lar taraf\u0131ndan \u00e7ok iyi biliniyor ve kullan\u0131l\u0131yordu. Alt\u0131n k\u0131r\u0131\u015f\u0131kl\u0131klar\u0131, ince \u00e7izgileri, lekeleri azalt\u0131r. Cilt h\u00fccrelerini uyar\u0131r. Erken cilt ya\u015flanmas\u0131n\u0131 \u00f6nler.<\/p>\n","protected":false},"author":1,"featured_media":0,"parent":0,"menu_order":0,"comment_status":"closed","ping_status":"closed","template":"","meta":{"footnotes":""},"_links":{"self":[{"href":"https:\/\/seacare.com\/tr\/wp-json\/wp\/v2\/pages\/50727"}],"collection":[{"href":"https:\/\/seacare.com\/tr\/wp-json\/wp\/v2\/pages"}],"about":[{"href":"https:\/\/seacare.com\/tr\/wp-json\/wp\/v2\/types\/page"}],"author":[{"embeddable":true,"href":"https:\/\/seacare.com\/tr\/wp-json\/wp\/v2\/users\/1"}],"replies":[{"embeddable":true,"href":"https:\/\/seacare.com\/tr\/wp-json\/wp\/v2\/comments?post=50727"}],"version-history":[{"count":1,"href":"https:\/\/seacare.com\/tr\/wp-json\/wp\/v2\/pages\/50727\/revisions"}],"predecessor-version":[{"id":50728,"href":"https:\/\/seacare.com\/tr\/wp-json\/wp\/v2\/pages\/50727\/revisions\/50728"}],"wp:attachment":[{"href":"https:\/\/seacare.com\/tr\/wp-json\/wp\/v2\/media?parent=50727"}],"curies":[{"name":"wp","href":"https:\/\/api.w.org\/{rel}","templated":true}]}}