{"id":50729,"date":"2022-02-03T15:05:29","date_gmt":"2022-02-03T12:05:29","guid":{"rendered":"https:\/\/seacare.com\/tr\/?page_id=50729"},"modified":"2022-02-03T15:05:29","modified_gmt":"2022-02-03T12:05:29","slug":"argan-yagi","status":"publish","type":"page","link":"https:\/\/seacare.com\/tr\/argan-yagi\/","title":{"rendered":"Argan Ya\u011f\u0131"},"content":{"rendered":"<h1 class=\"text-head\" style=\"text-align: center;\"><span data-text-color=\"primary\">Argan Ya\u011f\u0131<\/span><\/h1>\n<p>Argan ya\u011f\u0131 en \u00e7ok cildi nemlendirmek ve yumu\u015fatmak i\u00e7in kullan\u0131l\u0131r. Y\u00fcksek seviyede i\u00e7erdi\u011fi E vitamini ve ya\u011f asitleri sayesinde cildi do\u011fal bir \u015fekilde iyile\u015ftirmek i\u00e7in ideal bir \u00fcr\u00fcnd\u00fcr. Argan ya\u011f\u0131 h\u0131zl\u0131 emilerek cildi ya\u011fl\u0131 yapmaz ve tahri\u015f etmez, dolay\u0131s\u0131yla harika do\u011fal bir cilt nemlendiricisidir.<\/p>\n","protected":false},"excerpt":{"rendered":"<p>Argan Ya\u011f\u0131 Argan ya\u011f\u0131 en \u00e7ok cildi nemlendirmek ve yumu\u015fatmak i\u00e7in kullan\u0131l\u0131r. Y\u00fcksek seviyede i\u00e7erdi\u011fi E vitamini ve ya\u011f asitleri sayesinde cildi do\u011fal bir \u015fekilde iyile\u015ftirmek i\u00e7in ideal bir \u00fcr\u00fcnd\u00fcr. Argan ya\u011f\u0131 h\u0131zl\u0131 emilerek cildi ya\u011fl\u0131 yapmaz ve tahri\u015f etmez, dolay\u0131s\u0131yla harika do\u011fal bir cilt nemlendiricisidir.<\/p>\n","protected":false},"author":1,"featured_media":0,"parent":0,"menu_order":0,"comment_status":"closed","ping_status":"closed","template":"","meta":{"footnotes":""},"_links":{"self":[{"href":"https:\/\/seacare.com\/tr\/wp-json\/wp\/v2\/pages\/50729"}],"collection":[{"href":"https:\/\/seacare.com\/tr\/wp-json\/wp\/v2\/pages"}],"about":[{"href":"https:\/\/seacare.com\/tr\/wp-json\/wp\/v2\/types\/page"}],"author":[{"embeddable":true,"href":"https:\/\/seacare.com\/tr\/wp-json\/wp\/v2\/users\/1"}],"replies":[{"embeddable":true,"href":"https:\/\/seacare.com\/tr\/wp-json\/wp\/v2\/comments?post=50729"}],"version-history":[{"count":1,"href":"https:\/\/seacare.com\/tr\/wp-json\/wp\/v2\/pages\/50729\/revisions"}],"predecessor-version":[{"id":50730,"href":"https:\/\/seacare.com\/tr\/wp-json\/wp\/v2\/pages\/50729\/revisions\/50730"}],"wp:attachment":[{"href":"https:\/\/seacare.com\/tr\/wp-json\/wp\/v2\/media?parent=50729"}],"curies":[{"name":"wp","href":"https:\/\/api.w.org\/{rel}","templated":true}]}}