{"id":50731,"date":"2022-02-03T15:08:44","date_gmt":"2022-02-03T12:08:44","guid":{"rendered":"https:\/\/seacare.com\/tr\/?page_id=50731"},"modified":"2022-02-03T15:08:44","modified_gmt":"2022-02-03T12:08:44","slug":"inca-inchi-yagi","status":"publish","type":"page","link":"https:\/\/seacare.com\/tr\/inca-inchi-yagi\/","title":{"rendered":"\u0130nca \u0130nchi Ya\u011f\u0131"},"content":{"rendered":"<h1 class=\"text-head\" style=\"text-align: center;\"><span data-text-color=\"primary\">\u0130nca \u0130nchi Ya\u011f\u0131<\/span><\/h1>\n<p>\u0130nca inchi ya\u011f\u0131, omega-6 linolenik ve omega-3 alfa-linolenik asitler dahil olmak \u00fczere esansiyel ya\u011f asitlerinin e\u015fsiz bir bitkisel kayna\u011f\u0131d\u0131r. \u0130nsan v\u00fccudu bu ya\u011f asitlerini kendi ba\u015f\u0131na \u00fcretmez, ancak bunlar kendimizi iyi hissetmemiz i\u00e7in gereklidir. Ayr\u0131ca \u0130nca inchi ya\u011f\u0131 y\u00fcksek seviyede antioksidan i\u00e7erir.<\/p>\n","protected":false},"excerpt":{"rendered":"<p>\u0130nca \u0130nchi Ya\u011f\u0131 \u0130nca inchi ya\u011f\u0131, omega-6 linolenik ve omega-3 alfa-linolenik asitler dahil olmak \u00fczere esansiyel ya\u011f asitlerinin e\u015fsiz bir bitkisel kayna\u011f\u0131d\u0131r. \u0130nsan v\u00fccudu bu ya\u011f asitlerini kendi ba\u015f\u0131na \u00fcretmez, ancak bunlar kendimizi iyi hissetmemiz i\u00e7in gereklidir. Ayr\u0131ca \u0130nca inchi ya\u011f\u0131 y\u00fcksek seviyede antioksidan i\u00e7erir.<\/p>\n","protected":false},"author":1,"featured_media":0,"parent":0,"menu_order":0,"comment_status":"closed","ping_status":"closed","template":"","meta":{"footnotes":""},"_links":{"self":[{"href":"https:\/\/seacare.com\/tr\/wp-json\/wp\/v2\/pages\/50731"}],"collection":[{"href":"https:\/\/seacare.com\/tr\/wp-json\/wp\/v2\/pages"}],"about":[{"href":"https:\/\/seacare.com\/tr\/wp-json\/wp\/v2\/types\/page"}],"author":[{"embeddable":true,"href":"https:\/\/seacare.com\/tr\/wp-json\/wp\/v2\/users\/1"}],"replies":[{"embeddable":true,"href":"https:\/\/seacare.com\/tr\/wp-json\/wp\/v2\/comments?post=50731"}],"version-history":[{"count":1,"href":"https:\/\/seacare.com\/tr\/wp-json\/wp\/v2\/pages\/50731\/revisions"}],"predecessor-version":[{"id":50732,"href":"https:\/\/seacare.com\/tr\/wp-json\/wp\/v2\/pages\/50731\/revisions\/50732"}],"wp:attachment":[{"href":"https:\/\/seacare.com\/tr\/wp-json\/wp\/v2\/media?parent=50731"}],"curies":[{"name":"wp","href":"https:\/\/api.w.org\/{rel}","templated":true}]}}