{"id":50734,"date":"2022-02-03T15:05:14","date_gmt":"2022-02-03T12:05:14","guid":{"rendered":"https:\/\/seacare.com\/tr\/?page_id=50734"},"modified":"2022-02-03T15:05:14","modified_gmt":"2022-02-03T12:05:14","slug":"aloe-vera","status":"publish","type":"page","link":"https:\/\/seacare.com\/tr\/aloe-vera\/","title":{"rendered":"Aloe Vera"},"content":{"rendered":"<h1 class=\"text-head\" style=\"text-align: center;\"><span data-text-color=\"primary\">Aloe Vera<\/span><\/h1>\n<p>Aloe Vera, v\u00fccut cildini nemlendirmeye, beslemeye ve iyile\u015ftirmeye yard\u0131mc\u0131 olur, epitelin \u00fcst tabakas\u0131n\u0131n restorasyonunu ve gen\u00e7le\u015fmesini sa\u011flar. Ayr\u0131ca Aloe Vera cildin ya\u015flanmas\u0131na, esneklik ve nem kayb\u0131na kar\u015f\u0131 m\u00fccadelede faydal\u0131 ve iyi bir \u00e7atlak \u00f6nleyici \u00fcr\u00fcn olup \u00e7atlaklarla erken d\u00f6nemde sava\u015fmaya yard\u0131mc\u0131 olur.<\/p>\n","protected":false},"excerpt":{"rendered":"<p>Aloe Vera Aloe Vera, v\u00fccut cildini nemlendirmeye, beslemeye ve iyile\u015ftirmeye yard\u0131mc\u0131 olur, epitelin \u00fcst tabakas\u0131n\u0131n restorasyonunu ve gen\u00e7le\u015fmesini sa\u011flar. Ayr\u0131ca Aloe Vera cildin ya\u015flanmas\u0131na, esneklik ve nem kayb\u0131na kar\u015f\u0131 m\u00fccadelede faydal\u0131 ve iyi bir \u00e7atlak \u00f6nleyici \u00fcr\u00fcn olup \u00e7atlaklarla erken d\u00f6nemde sava\u015fmaya yard\u0131mc\u0131 olur.<\/p>\n","protected":false},"author":1,"featured_media":0,"parent":0,"menu_order":0,"comment_status":"closed","ping_status":"closed","template":"","meta":{"footnotes":""},"_links":{"self":[{"href":"https:\/\/seacare.com\/tr\/wp-json\/wp\/v2\/pages\/50734"}],"collection":[{"href":"https:\/\/seacare.com\/tr\/wp-json\/wp\/v2\/pages"}],"about":[{"href":"https:\/\/seacare.com\/tr\/wp-json\/wp\/v2\/types\/page"}],"author":[{"embeddable":true,"href":"https:\/\/seacare.com\/tr\/wp-json\/wp\/v2\/users\/1"}],"replies":[{"embeddable":true,"href":"https:\/\/seacare.com\/tr\/wp-json\/wp\/v2\/comments?post=50734"}],"version-history":[{"count":1,"href":"https:\/\/seacare.com\/tr\/wp-json\/wp\/v2\/pages\/50734\/revisions"}],"predecessor-version":[{"id":50735,"href":"https:\/\/seacare.com\/tr\/wp-json\/wp\/v2\/pages\/50734\/revisions\/50735"}],"wp:attachment":[{"href":"https:\/\/seacare.com\/tr\/wp-json\/wp\/v2\/media?parent=50734"}],"curies":[{"name":"wp","href":"https:\/\/api.w.org\/{rel}","templated":true}]}}