{"id":50736,"date":"2022-02-03T15:11:38","date_gmt":"2022-02-03T12:11:38","guid":{"rendered":"https:\/\/seacare.com\/tr\/?page_id=50736"},"modified":"2022-02-03T15:11:38","modified_gmt":"2022-02-03T12:11:38","slug":"shea-yagi","status":"publish","type":"page","link":"https:\/\/seacare.com\/tr\/shea-yagi\/","title":{"rendered":"Shea Ya\u011f\u0131"},"content":{"rendered":"<h1 class=\"text-head\" style=\"text-align: center;\"><span data-text-color=\"primary\">Shea Ya\u011f\u0131<\/span><\/h1>\n<p>Shea ya\u011f\u0131, leke, k\u0131r\u0131\u015f\u0131kl\u0131k, egzama ve dermatit gibi cilt sorunlar\u0131n\u0131n giderilmesi i\u00e7in \u00f6nemlidir. Ayr\u0131ca alerji, b\u00f6cek \u0131s\u0131r\u0131klar\u0131, yan\u0131k, donma ve di\u011fer cilt rahats\u0131zl\u0131klar\u0131n\u0131 tedavi edici \u00f6zelliklere sahiptir. Ciltteki mikro dola\u015f\u0131m\u0131 artt\u0131r\u0131r ve b\u00f6ylece cilde kan ak\u0131\u015f\u0131n\u0131n iyile\u015fmesine yard\u0131mc\u0131 olur.<\/p>\n","protected":false},"excerpt":{"rendered":"<p>Shea Ya\u011f\u0131 Shea ya\u011f\u0131, leke, k\u0131r\u0131\u015f\u0131kl\u0131k, egzama ve dermatit gibi cilt sorunlar\u0131n\u0131n giderilmesi i\u00e7in \u00f6nemlidir. Ayr\u0131ca alerji, b\u00f6cek \u0131s\u0131r\u0131klar\u0131, yan\u0131k, donma ve di\u011fer cilt rahats\u0131zl\u0131klar\u0131n\u0131 tedavi edici \u00f6zelliklere sahiptir. Ciltteki mikro dola\u015f\u0131m\u0131 artt\u0131r\u0131r ve b\u00f6ylece cilde kan ak\u0131\u015f\u0131n\u0131n iyile\u015fmesine yard\u0131mc\u0131 olur.<\/p>\n","protected":false},"author":1,"featured_media":0,"parent":0,"menu_order":0,"comment_status":"closed","ping_status":"closed","template":"","meta":{"footnotes":""},"_links":{"self":[{"href":"https:\/\/seacare.com\/tr\/wp-json\/wp\/v2\/pages\/50736"}],"collection":[{"href":"https:\/\/seacare.com\/tr\/wp-json\/wp\/v2\/pages"}],"about":[{"href":"https:\/\/seacare.com\/tr\/wp-json\/wp\/v2\/types\/page"}],"author":[{"embeddable":true,"href":"https:\/\/seacare.com\/tr\/wp-json\/wp\/v2\/users\/1"}],"replies":[{"embeddable":true,"href":"https:\/\/seacare.com\/tr\/wp-json\/wp\/v2\/comments?post=50736"}],"version-history":[{"count":1,"href":"https:\/\/seacare.com\/tr\/wp-json\/wp\/v2\/pages\/50736\/revisions"}],"predecessor-version":[{"id":50737,"href":"https:\/\/seacare.com\/tr\/wp-json\/wp\/v2\/pages\/50736\/revisions\/50737"}],"wp:attachment":[{"href":"https:\/\/seacare.com\/tr\/wp-json\/wp\/v2\/media?parent=50736"}],"curies":[{"name":"wp","href":"https:\/\/api.w.org\/{rel}","templated":true}]}}