{"id":50738,"date":"2022-02-03T15:05:45","date_gmt":"2022-02-03T12:05:45","guid":{"rendered":"https:\/\/seacare.com\/tr\/?page_id=50738"},"modified":"2022-02-03T15:05:45","modified_gmt":"2022-02-03T12:05:45","slug":"cadi-findigi","status":"publish","type":"page","link":"https:\/\/seacare.com\/tr\/cadi-findigi\/","title":{"rendered":"Cad\u0131 F\u0131nd\u0131\u011f\u0131"},"content":{"rendered":"<h1 class=\"text-head\" style=\"text-align: center;\"><span data-text-color=\"primary\">Cad\u0131 F\u0131nd\u0131\u011f\u0131<\/span><\/h1>\n<p>Cad\u0131 f\u0131nd\u0131\u011f\u0131, cildi h\u00fccrelerindeki serbest radikallerin neden oldu\u011fu iltihaplanmaya kar\u015f\u0131 korur ve g\u00fc\u00e7l\u00fc bir yara iyile\u015ftirici olarak kabul edilir. Cad\u0131 f\u0131nd\u0131\u011f\u0131 sayesinde cilt proteinlerinin s\u0131k\u0131la\u015f\u0131p olu\u015fturdu\u011fu koruyucu bir tabaka, cildin iyile\u015fmesini ve onar\u0131lmas\u0131n\u0131 h\u0131zland\u0131rmaya yard\u0131mc\u0131 olur, cildi gen\u00e7le\u015ftirir.<\/p>\n","protected":false},"excerpt":{"rendered":"<p>Cad\u0131 F\u0131nd\u0131\u011f\u0131 Cad\u0131 f\u0131nd\u0131\u011f\u0131, cildi h\u00fccrelerindeki serbest radikallerin neden oldu\u011fu iltihaplanmaya kar\u015f\u0131 korur ve g\u00fc\u00e7l\u00fc bir yara iyile\u015ftirici olarak kabul edilir. Cad\u0131 f\u0131nd\u0131\u011f\u0131 sayesinde cilt proteinlerinin s\u0131k\u0131la\u015f\u0131p olu\u015fturdu\u011fu koruyucu bir tabaka, cildin iyile\u015fmesini ve onar\u0131lmas\u0131n\u0131 h\u0131zland\u0131rmaya yard\u0131mc\u0131 olur, cildi gen\u00e7le\u015ftirir.<\/p>\n","protected":false},"author":1,"featured_media":0,"parent":0,"menu_order":0,"comment_status":"closed","ping_status":"closed","template":"","meta":{"footnotes":""},"_links":{"self":[{"href":"https:\/\/seacare.com\/tr\/wp-json\/wp\/v2\/pages\/50738"}],"collection":[{"href":"https:\/\/seacare.com\/tr\/wp-json\/wp\/v2\/pages"}],"about":[{"href":"https:\/\/seacare.com\/tr\/wp-json\/wp\/v2\/types\/page"}],"author":[{"embeddable":true,"href":"https:\/\/seacare.com\/tr\/wp-json\/wp\/v2\/users\/1"}],"replies":[{"embeddable":true,"href":"https:\/\/seacare.com\/tr\/wp-json\/wp\/v2\/comments?post=50738"}],"version-history":[{"count":1,"href":"https:\/\/seacare.com\/tr\/wp-json\/wp\/v2\/pages\/50738\/revisions"}],"predecessor-version":[{"id":50739,"href":"https:\/\/seacare.com\/tr\/wp-json\/wp\/v2\/pages\/50738\/revisions\/50739"}],"wp:attachment":[{"href":"https:\/\/seacare.com\/tr\/wp-json\/wp\/v2\/media?parent=50738"}],"curies":[{"name":"wp","href":"https:\/\/api.w.org\/{rel}","templated":true}]}}