{"id":50741,"date":"2022-02-03T15:08:47","date_gmt":"2022-02-03T12:08:47","guid":{"rendered":"https:\/\/seacare.com\/tr\/?page_id=50741"},"modified":"2022-02-03T15:08:47","modified_gmt":"2022-02-03T12:08:47","slug":"jojoba-yagi","status":"publish","type":"page","link":"https:\/\/seacare.com\/tr\/jojoba-yagi\/","title":{"rendered":"Jojoba Ya\u011f\u0131"},"content":{"rendered":"<h1 class=\"text-head\" style=\"text-align: center;\"><span data-text-color=\"primary\">Jojoba Ya\u011f\u0131<\/span><\/h1>\n<p>Jojoba ya\u011f\u0131 cildi esnek ve elastik yapar, nemlendirir ve kurulu\u011funu azalt\u0131r. K\u0131r\u0131\u015f\u0131kl\u0131klara kar\u015f\u0131 etkili olup ciltteki ya\u015flanma s\u00fcre\u00e7lerini yava\u015flat\u0131r, cilt tonunu d\u00fczeltir. Sel\u00fclite kar\u015f\u0131 m\u00fccadelede yard\u0131mc\u0131 olur, cildi p\u00fcr\u00fczs\u00fczle\u015ftirir. Sa\u00e7lar\u0131 g\u00fc\u00e7lendirir, yap\u0131\u015fkan tabakay\u0131 ortadan kald\u0131rarak sa\u00e7lar\u0131n yumu\u015fak ve ipeksi olmas\u0131n\u0131 sa\u011flar.<\/p>\n","protected":false},"excerpt":{"rendered":"<p>Jojoba Ya\u011f\u0131 Jojoba ya\u011f\u0131 cildi esnek ve elastik yapar, nemlendirir ve kurulu\u011funu azalt\u0131r. K\u0131r\u0131\u015f\u0131kl\u0131klara kar\u015f\u0131 etkili olup ciltteki ya\u015flanma s\u00fcre\u00e7lerini yava\u015flat\u0131r, cilt tonunu d\u00fczeltir. Sel\u00fclite kar\u015f\u0131 m\u00fccadelede yard\u0131mc\u0131 olur, cildi p\u00fcr\u00fczs\u00fczle\u015ftirir. Sa\u00e7lar\u0131 g\u00fc\u00e7lendirir, yap\u0131\u015fkan tabakay\u0131 ortadan kald\u0131rarak sa\u00e7lar\u0131n yumu\u015fak ve ipeksi olmas\u0131n\u0131 sa\u011flar.<\/p>\n","protected":false},"author":1,"featured_media":0,"parent":0,"menu_order":0,"comment_status":"closed","ping_status":"closed","template":"","meta":{"footnotes":""},"_links":{"self":[{"href":"https:\/\/seacare.com\/tr\/wp-json\/wp\/v2\/pages\/50741"}],"collection":[{"href":"https:\/\/seacare.com\/tr\/wp-json\/wp\/v2\/pages"}],"about":[{"href":"https:\/\/seacare.com\/tr\/wp-json\/wp\/v2\/types\/page"}],"author":[{"embeddable":true,"href":"https:\/\/seacare.com\/tr\/wp-json\/wp\/v2\/users\/1"}],"replies":[{"embeddable":true,"href":"https:\/\/seacare.com\/tr\/wp-json\/wp\/v2\/comments?post=50741"}],"version-history":[{"count":1,"href":"https:\/\/seacare.com\/tr\/wp-json\/wp\/v2\/pages\/50741\/revisions"}],"predecessor-version":[{"id":50742,"href":"https:\/\/seacare.com\/tr\/wp-json\/wp\/v2\/pages\/50741\/revisions\/50742"}],"wp:attachment":[{"href":"https:\/\/seacare.com\/tr\/wp-json\/wp\/v2\/media?parent=50741"}],"curies":[{"name":"wp","href":"https:\/\/api.w.org\/{rel}","templated":true}]}}