{"id":50743,"date":"2022-02-03T15:08:57","date_gmt":"2022-02-03T12:08:57","guid":{"rendered":"https:\/\/seacare.com\/tr\/?page_id=50743"},"modified":"2022-02-03T15:08:57","modified_gmt":"2022-02-03T12:08:57","slug":"kenevir-yagi","status":"publish","type":"page","link":"https:\/\/seacare.com\/tr\/kenevir-yagi\/","title":{"rendered":"Kenevir Ya\u011f\u0131"},"content":{"rendered":"<h1 class=\"text-head\" style=\"text-align: center;\"><span data-text-color=\"primary\">Kenevir Ya\u011f\u0131<\/span><\/h1>\n<p>Kenevir ya\u011f\u0131 her ya\u015fta ve her cilt tipi i\u00e7in kullan\u0131labilir. Y\u00fcz i\u00e7in kenevir ya\u011f\u0131, en derin h\u00fccre nemlendiricilerinden biri say\u0131l\u0131r, esnekli\u011fi geri kazand\u0131r\u0131r, besler, yumu\u015fat\u0131r, k\u0131r\u0131\u015f\u0131kl\u0131klar\u0131 giderir ve antibakteriyel etkiye sahiptir. Su molek\u00fcllerinin ciltte kalmas\u0131na yard\u0131mc\u0131 olur.<\/p>\n","protected":false},"excerpt":{"rendered":"<p>Kenevir Ya\u011f\u0131 Kenevir ya\u011f\u0131 her ya\u015fta ve her cilt tipi i\u00e7in kullan\u0131labilir. Y\u00fcz i\u00e7in kenevir ya\u011f\u0131, en derin h\u00fccre nemlendiricilerinden biri say\u0131l\u0131r, esnekli\u011fi geri kazand\u0131r\u0131r, besler, yumu\u015fat\u0131r, k\u0131r\u0131\u015f\u0131kl\u0131klar\u0131 giderir ve antibakteriyel etkiye sahiptir. Su molek\u00fcllerinin ciltte kalmas\u0131na yard\u0131mc\u0131 olur.<\/p>\n","protected":false},"author":1,"featured_media":0,"parent":0,"menu_order":0,"comment_status":"closed","ping_status":"closed","template":"","meta":{"footnotes":""},"_links":{"self":[{"href":"https:\/\/seacare.com\/tr\/wp-json\/wp\/v2\/pages\/50743"}],"collection":[{"href":"https:\/\/seacare.com\/tr\/wp-json\/wp\/v2\/pages"}],"about":[{"href":"https:\/\/seacare.com\/tr\/wp-json\/wp\/v2\/types\/page"}],"author":[{"embeddable":true,"href":"https:\/\/seacare.com\/tr\/wp-json\/wp\/v2\/users\/1"}],"replies":[{"embeddable":true,"href":"https:\/\/seacare.com\/tr\/wp-json\/wp\/v2\/comments?post=50743"}],"version-history":[{"count":1,"href":"https:\/\/seacare.com\/tr\/wp-json\/wp\/v2\/pages\/50743\/revisions"}],"predecessor-version":[{"id":50744,"href":"https:\/\/seacare.com\/tr\/wp-json\/wp\/v2\/pages\/50743\/revisions\/50744"}],"wp:attachment":[{"href":"https:\/\/seacare.com\/tr\/wp-json\/wp\/v2\/media?parent=50743"}],"curies":[{"name":"wp","href":"https:\/\/api.w.org\/{rel}","templated":true}]}}