{"id":50745,"date":"2022-02-03T15:11:35","date_gmt":"2022-02-03T12:11:35","guid":{"rendered":"https:\/\/seacare.com\/tr\/?page_id=50745"},"modified":"2022-02-03T15:11:35","modified_gmt":"2022-02-03T12:11:35","slug":"zeytinyagi","status":"publish","type":"page","link":"https:\/\/seacare.com\/tr\/zeytinyagi\/","title":{"rendered":"Zeytinya\u011f\u0131"},"content":{"rendered":"<h1 class=\"text-head\" style=\"text-align: center;\"><span data-text-color=\"primary\">Zeytinya\u011f\u0131<\/span><\/h1>\n<p>Zeytinya\u011f\u0131, temizleyici, nemlendirici ve cilt koruyucu olarak kullan\u0131lmas\u0131n\u0131 sa\u011flayan d\u00f6rt temel antioksidan i\u00e7erir. Bu antioksidanlar aras\u0131nda A ve E vitaminleri bulunur. E vitamini, cilt esnekli\u011finin geri kazan\u0131lmas\u0131na yard\u0131mc\u0131 oldu\u011fu i\u00e7in ya\u011f\u0131n ya\u015flanma kar\u015f\u0131t\u0131 etkisinin nedenlerinden biridir.<\/p>\n","protected":false},"excerpt":{"rendered":"<p>Zeytinya\u011f\u0131 Zeytinya\u011f\u0131, temizleyici, nemlendirici ve cilt koruyucu olarak kullan\u0131lmas\u0131n\u0131 sa\u011flayan d\u00f6rt temel antioksidan i\u00e7erir. Bu antioksidanlar aras\u0131nda A ve E vitaminleri bulunur. E vitamini, cilt esnekli\u011finin geri kazan\u0131lmas\u0131na yard\u0131mc\u0131 oldu\u011fu i\u00e7in ya\u011f\u0131n ya\u015flanma kar\u015f\u0131t\u0131 etkisinin nedenlerinden biridir.<\/p>\n","protected":false},"author":1,"featured_media":0,"parent":0,"menu_order":0,"comment_status":"closed","ping_status":"closed","template":"","meta":{"footnotes":""},"_links":{"self":[{"href":"https:\/\/seacare.com\/tr\/wp-json\/wp\/v2\/pages\/50745"}],"collection":[{"href":"https:\/\/seacare.com\/tr\/wp-json\/wp\/v2\/pages"}],"about":[{"href":"https:\/\/seacare.com\/tr\/wp-json\/wp\/v2\/types\/page"}],"author":[{"embeddable":true,"href":"https:\/\/seacare.com\/tr\/wp-json\/wp\/v2\/users\/1"}],"replies":[{"embeddable":true,"href":"https:\/\/seacare.com\/tr\/wp-json\/wp\/v2\/comments?post=50745"}],"version-history":[{"count":1,"href":"https:\/\/seacare.com\/tr\/wp-json\/wp\/v2\/pages\/50745\/revisions"}],"predecessor-version":[{"id":50746,"href":"https:\/\/seacare.com\/tr\/wp-json\/wp\/v2\/pages\/50745\/revisions\/50746"}],"wp:attachment":[{"href":"https:\/\/seacare.com\/tr\/wp-json\/wp\/v2\/media?parent=50745"}],"curies":[{"name":"wp","href":"https:\/\/api.w.org\/{rel}","templated":true}]}}