{"id":50747,"date":"2022-02-03T15:11:32","date_gmt":"2022-02-03T12:11:32","guid":{"rendered":"https:\/\/seacare.com\/tr\/?page_id=50747"},"modified":"2022-02-03T15:11:32","modified_gmt":"2022-02-03T12:11:32","slug":"skualen-yagi","status":"publish","type":"page","link":"https:\/\/seacare.com\/tr\/skualen-yagi\/","title":{"rendered":"Skualen Ya\u011f\u0131"},"content":{"rendered":"<h1 class=\"text-head\" style=\"text-align: center;\"><span data-text-color=\"primary\">Skualen Ya\u011f\u0131<\/span><\/h1>\n<p>Skualen ya\u011f\u0131, m\u00fckemmel bir nemlendirici olup cildi yumu\u015fak ve ipeksi hale getirir. Ya\u015fl\u0131l\u0131k lekelerine ve erken ya\u015flanmaya neden olabilecek serbest radikallerden korumaya yard\u0131mc\u0131 olur. G\u00f6z \u00e7evresindeki kurulu\u011fun tedavisi ve \u00f6nlenmesi i\u00e7in idealdir.<\/p>\n","protected":false},"excerpt":{"rendered":"<p>Skualen Ya\u011f\u0131 Skualen ya\u011f\u0131, m\u00fckemmel bir nemlendirici olup cildi yumu\u015fak ve ipeksi hale getirir. Ya\u015fl\u0131l\u0131k lekelerine ve erken ya\u015flanmaya neden olabilecek serbest radikallerden korumaya yard\u0131mc\u0131 olur. G\u00f6z \u00e7evresindeki kurulu\u011fun tedavisi ve \u00f6nlenmesi i\u00e7in idealdir.<\/p>\n","protected":false},"author":1,"featured_media":0,"parent":0,"menu_order":0,"comment_status":"closed","ping_status":"closed","template":"","meta":{"footnotes":""},"_links":{"self":[{"href":"https:\/\/seacare.com\/tr\/wp-json\/wp\/v2\/pages\/50747"}],"collection":[{"href":"https:\/\/seacare.com\/tr\/wp-json\/wp\/v2\/pages"}],"about":[{"href":"https:\/\/seacare.com\/tr\/wp-json\/wp\/v2\/types\/page"}],"author":[{"embeddable":true,"href":"https:\/\/seacare.com\/tr\/wp-json\/wp\/v2\/users\/1"}],"replies":[{"embeddable":true,"href":"https:\/\/seacare.com\/tr\/wp-json\/wp\/v2\/comments?post=50747"}],"version-history":[{"count":1,"href":"https:\/\/seacare.com\/tr\/wp-json\/wp\/v2\/pages\/50747\/revisions"}],"predecessor-version":[{"id":50748,"href":"https:\/\/seacare.com\/tr\/wp-json\/wp\/v2\/pages\/50747\/revisions\/50748"}],"wp:attachment":[{"href":"https:\/\/seacare.com\/tr\/wp-json\/wp\/v2\/media?parent=50747"}],"curies":[{"name":"wp","href":"https:\/\/api.w.org\/{rel}","templated":true}]}}