{"id":50749,"date":"2022-02-03T15:05:38","date_gmt":"2022-02-03T12:05:38","guid":{"rendered":"https:\/\/seacare.com\/tr\/?page_id=50749"},"modified":"2022-02-03T15:05:38","modified_gmt":"2022-02-03T12:05:38","slug":"avokado-yagi","status":"publish","type":"page","link":"https:\/\/seacare.com\/tr\/avokado-yagi\/","title":{"rendered":"Avokado Ya\u011f\u0131"},"content":{"rendered":"<h1 class=\"text-head\" style=\"text-align: center;\"><span data-text-color=\"primary\">Avokado Ya\u011f\u0131<\/span><\/h1>\n<p>Avokado ya\u011f\u0131, cilt besleyici maddeler olan protein ve doymam\u0131\u015f ya\u011flar bak\u0131m\u0131ndan zengindir. Bal\u0131k ya\u011f\u0131nda da bulunan ya\u011f asitleri olan omega-3 ya\u011f asitlerini i\u00e7erir. Sterolin adl\u0131 maddenin y\u00fcksek i\u00e7eri\u011fi cildi yumu\u015fat\u0131r ve pigment lekelerini azalt\u0131r.<\/p>\n","protected":false},"excerpt":{"rendered":"<p>Avokado Ya\u011f\u0131 Avokado ya\u011f\u0131, cilt besleyici maddeler olan protein ve doymam\u0131\u015f ya\u011flar bak\u0131m\u0131ndan zengindir. Bal\u0131k ya\u011f\u0131nda da bulunan ya\u011f asitleri olan omega-3 ya\u011f asitlerini i\u00e7erir. Sterolin adl\u0131 maddenin y\u00fcksek i\u00e7eri\u011fi cildi yumu\u015fat\u0131r ve pigment lekelerini azalt\u0131r.<\/p>\n","protected":false},"author":1,"featured_media":0,"parent":0,"menu_order":0,"comment_status":"closed","ping_status":"closed","template":"","meta":{"footnotes":""},"_links":{"self":[{"href":"https:\/\/seacare.com\/tr\/wp-json\/wp\/v2\/pages\/50749"}],"collection":[{"href":"https:\/\/seacare.com\/tr\/wp-json\/wp\/v2\/pages"}],"about":[{"href":"https:\/\/seacare.com\/tr\/wp-json\/wp\/v2\/types\/page"}],"author":[{"embeddable":true,"href":"https:\/\/seacare.com\/tr\/wp-json\/wp\/v2\/users\/1"}],"replies":[{"embeddable":true,"href":"https:\/\/seacare.com\/tr\/wp-json\/wp\/v2\/comments?post=50749"}],"version-history":[{"count":1,"href":"https:\/\/seacare.com\/tr\/wp-json\/wp\/v2\/pages\/50749\/revisions"}],"predecessor-version":[{"id":50750,"href":"https:\/\/seacare.com\/tr\/wp-json\/wp\/v2\/pages\/50749\/revisions\/50750"}],"wp:attachment":[{"href":"https:\/\/seacare.com\/tr\/wp-json\/wp\/v2\/media?parent=50749"}],"curies":[{"name":"wp","href":"https:\/\/api.w.org\/{rel}","templated":true}]}}