{"id":50751,"date":"2022-02-03T15:05:42","date_gmt":"2022-02-03T12:05:42","guid":{"rendered":"https:\/\/seacare.com\/tr\/?page_id=50751"},"modified":"2022-02-03T15:05:42","modified_gmt":"2022-02-03T12:05:42","slug":"badem-yagi","status":"publish","type":"page","link":"https:\/\/seacare.com\/tr\/badem-yagi\/","title":{"rendered":"Badem Ya\u011f\u0131"},"content":{"rendered":"<h1 class=\"text-head\" style=\"text-align: center;\"><span data-text-color=\"primary\">Badem Ya\u011f\u0131<\/span><\/h1>\n<p>G\u00fcnl\u00fck sa\u00e7 bak\u0131m\u0131nda kullan\u0131lan tatl\u0131 badem ya\u011f\u0131 \u00f6zl\u00fc do\u011fal bak\u0131m \u00fcr\u00fcnleri ile sa\u00e7lar\u0131n\u0131z parlak, g\u00fc\u00e7l\u00fc ve sa\u011fl\u0131kl\u0131 olur. Tatl\u0131 badem ya\u011f\u0131ndaki vitamin, ya\u011flar ve di\u011fer faydal\u0131 bile\u015fenler sa\u00e7lar\u0131n\u0131z\u0131 korur ve t\u00fcm sa\u00e7 tipleri i\u00e7in do\u011fal besleme ve bak\u0131m sa\u011flar.<\/p>\n","protected":false},"excerpt":{"rendered":"<p>Badem Ya\u011f\u0131 G\u00fcnl\u00fck sa\u00e7 bak\u0131m\u0131nda kullan\u0131lan tatl\u0131 badem ya\u011f\u0131 \u00f6zl\u00fc do\u011fal bak\u0131m \u00fcr\u00fcnleri ile sa\u00e7lar\u0131n\u0131z parlak, g\u00fc\u00e7l\u00fc ve sa\u011fl\u0131kl\u0131 olur. Tatl\u0131 badem ya\u011f\u0131ndaki vitamin, ya\u011flar ve di\u011fer faydal\u0131 bile\u015fenler sa\u00e7lar\u0131n\u0131z\u0131 korur ve t\u00fcm sa\u00e7 tipleri i\u00e7in do\u011fal besleme ve bak\u0131m sa\u011flar.<\/p>\n","protected":false},"author":1,"featured_media":0,"parent":0,"menu_order":0,"comment_status":"closed","ping_status":"closed","template":"","meta":{"footnotes":""},"_links":{"self":[{"href":"https:\/\/seacare.com\/tr\/wp-json\/wp\/v2\/pages\/50751"}],"collection":[{"href":"https:\/\/seacare.com\/tr\/wp-json\/wp\/v2\/pages"}],"about":[{"href":"https:\/\/seacare.com\/tr\/wp-json\/wp\/v2\/types\/page"}],"author":[{"embeddable":true,"href":"https:\/\/seacare.com\/tr\/wp-json\/wp\/v2\/users\/1"}],"replies":[{"embeddable":true,"href":"https:\/\/seacare.com\/tr\/wp-json\/wp\/v2\/comments?post=50751"}],"version-history":[{"count":1,"href":"https:\/\/seacare.com\/tr\/wp-json\/wp\/v2\/pages\/50751\/revisions"}],"predecessor-version":[{"id":50752,"href":"https:\/\/seacare.com\/tr\/wp-json\/wp\/v2\/pages\/50751\/revisions\/50752"}],"wp:attachment":[{"href":"https:\/\/seacare.com\/tr\/wp-json\/wp\/v2\/media?parent=50751"}],"curies":[{"name":"wp","href":"https:\/\/api.w.org\/{rel}","templated":true}]}}