{"id":50753,"date":"2022-02-03T15:08:50","date_gmt":"2022-02-03T12:08:50","guid":{"rendered":"https:\/\/seacare.com\/tr\/?page_id=50753"},"modified":"2022-02-03T15:08:50","modified_gmt":"2022-02-03T12:08:50","slug":"kakao-yagi","status":"publish","type":"page","link":"https:\/\/seacare.com\/tr\/kakao-yagi\/","title":{"rendered":"Kakao Ya\u011f\u0131"},"content":{"rendered":"<h1 class=\"text-head\" style=\"text-align: center;\"><span data-text-color=\"primary\">Kakao Ya\u011f\u0131<\/span><\/h1>\n<p>Kakao ya\u011f\u0131, \u00e7atlaklar\u0131 azaltmak i\u00e7in yayg\u0131n olarak kullan\u0131l\u0131r. Bu s\u0131r, d\u00fcnyadaki \u00e7o\u011fu hamile kad\u0131n taraf\u0131ndan bilinir. Bir\u00e7ok kad\u0131n, d\u00fczenli olarak kullan\u0131lan kakao ya\u011f\u0131n\u0131n \u00e7atlaklardan kurtulmaya yard\u0131mc\u0131 oldu\u011funu iddia ediyor. Ayr\u0131ca kakao ya\u011f\u0131n\u0131n yara izlerinden kurtulmaya yard\u0131mc\u0131 oldu\u011fu da biliniyor.<\/p>\n","protected":false},"excerpt":{"rendered":"<p>Kakao Ya\u011f\u0131 Kakao ya\u011f\u0131, \u00e7atlaklar\u0131 azaltmak i\u00e7in yayg\u0131n olarak kullan\u0131l\u0131r. Bu s\u0131r, d\u00fcnyadaki \u00e7o\u011fu hamile kad\u0131n taraf\u0131ndan bilinir. Bir\u00e7ok kad\u0131n, d\u00fczenli olarak kullan\u0131lan kakao ya\u011f\u0131n\u0131n \u00e7atlaklardan kurtulmaya yard\u0131mc\u0131 oldu\u011funu iddia ediyor. Ayr\u0131ca kakao ya\u011f\u0131n\u0131n yara izlerinden kurtulmaya yard\u0131mc\u0131 oldu\u011fu da biliniyor.<\/p>\n","protected":false},"author":1,"featured_media":0,"parent":0,"menu_order":0,"comment_status":"closed","ping_status":"closed","template":"","meta":{"footnotes":""},"_links":{"self":[{"href":"https:\/\/seacare.com\/tr\/wp-json\/wp\/v2\/pages\/50753"}],"collection":[{"href":"https:\/\/seacare.com\/tr\/wp-json\/wp\/v2\/pages"}],"about":[{"href":"https:\/\/seacare.com\/tr\/wp-json\/wp\/v2\/types\/page"}],"author":[{"embeddable":true,"href":"https:\/\/seacare.com\/tr\/wp-json\/wp\/v2\/users\/1"}],"replies":[{"embeddable":true,"href":"https:\/\/seacare.com\/tr\/wp-json\/wp\/v2\/comments?post=50753"}],"version-history":[{"count":1,"href":"https:\/\/seacare.com\/tr\/wp-json\/wp\/v2\/pages\/50753\/revisions"}],"predecessor-version":[{"id":50754,"href":"https:\/\/seacare.com\/tr\/wp-json\/wp\/v2\/pages\/50753\/revisions\/50754"}],"wp:attachment":[{"href":"https:\/\/seacare.com\/tr\/wp-json\/wp\/v2\/media?parent=50753"}],"curies":[{"name":"wp","href":"https:\/\/api.w.org\/{rel}","templated":true}]}}