{"id":50755,"date":"2022-02-03T15:09:51","date_gmt":"2022-02-03T12:09:51","guid":{"rendered":"https:\/\/seacare.com\/tr\/?page_id=50755"},"modified":"2022-02-03T15:09:51","modified_gmt":"2022-02-03T12:09:51","slug":"makademya-findigi-yagi","status":"publish","type":"page","link":"https:\/\/seacare.com\/tr\/makademya-findigi-yagi\/","title":{"rendered":"Makademya F\u0131nd\u0131\u011f\u0131 Ya\u011f\u0131"},"content":{"rendered":"<h1 class=\"text-head\" style=\"text-align: center;\"><span data-text-color=\"primary\">Makademya F\u0131nd\u0131\u011f\u0131 Ya\u011f\u0131<\/span><\/h1>\n<p>Makademya f\u0131nd\u0131\u011f\u0131 ya\u011f\u0131, cilde harika bir afiniteye sahip \u00e7ok s\u0131ra d\u0131\u015f\u0131 bir bitkisel ya\u011fd\u0131r. \u00c7e\u015fitli ya\u011f asitlerinin y\u00fcksek i\u00e7eri\u011fi sayesinde kuru ve olgun ciltler i\u00e7in \u00e7ok faydal\u0131d\u0131r. Oleik ve linoleik asitler, makademya ya\u011f\u0131na inan\u0131lmaz yenileyici ve nemlendirici \u00f6zellikleri sa\u011flar.<\/p>\n","protected":false},"excerpt":{"rendered":"<p>Makademya F\u0131nd\u0131\u011f\u0131 Ya\u011f\u0131 Makademya f\u0131nd\u0131\u011f\u0131 ya\u011f\u0131, cilde harika bir afiniteye sahip \u00e7ok s\u0131ra d\u0131\u015f\u0131 bir bitkisel ya\u011fd\u0131r. \u00c7e\u015fitli ya\u011f asitlerinin y\u00fcksek i\u00e7eri\u011fi sayesinde kuru ve olgun ciltler i\u00e7in \u00e7ok faydal\u0131d\u0131r. Oleik ve linoleik asitler, makademya ya\u011f\u0131na inan\u0131lmaz yenileyici ve nemlendirici \u00f6zellikleri sa\u011flar.<\/p>\n","protected":false},"author":1,"featured_media":0,"parent":0,"menu_order":0,"comment_status":"closed","ping_status":"closed","template":"","meta":{"footnotes":""},"_links":{"self":[{"href":"https:\/\/seacare.com\/tr\/wp-json\/wp\/v2\/pages\/50755"}],"collection":[{"href":"https:\/\/seacare.com\/tr\/wp-json\/wp\/v2\/pages"}],"about":[{"href":"https:\/\/seacare.com\/tr\/wp-json\/wp\/v2\/types\/page"}],"author":[{"embeddable":true,"href":"https:\/\/seacare.com\/tr\/wp-json\/wp\/v2\/users\/1"}],"replies":[{"embeddable":true,"href":"https:\/\/seacare.com\/tr\/wp-json\/wp\/v2\/comments?post=50755"}],"version-history":[{"count":1,"href":"https:\/\/seacare.com\/tr\/wp-json\/wp\/v2\/pages\/50755\/revisions"}],"predecessor-version":[{"id":50756,"href":"https:\/\/seacare.com\/tr\/wp-json\/wp\/v2\/pages\/50755\/revisions\/50756"}],"wp:attachment":[{"href":"https:\/\/seacare.com\/tr\/wp-json\/wp\/v2\/media?parent=50755"}],"curies":[{"name":"wp","href":"https:\/\/api.w.org\/{rel}","templated":true}]}}