{"id":50757,"date":"2022-02-03T15:05:48","date_gmt":"2022-02-03T12:05:48","guid":{"rendered":"https:\/\/seacare.com\/tr\/?page_id=50757"},"modified":"2022-02-03T15:05:48","modified_gmt":"2022-02-03T12:05:48","slug":"dag-oekuezgoezue-oezue","status":"publish","type":"page","link":"https:\/\/seacare.com\/tr\/dag-oekuezgoezue-oezue\/","title":{"rendered":"Da\u011f \u00d6k\u00fczg\u00f6z\u00fc \u00d6z\u00fc"},"content":{"rendered":"<h1 class=\"text-head\" style=\"text-align: center;\"><span data-text-color=\"primary\">Da\u011f \u00d6k\u00fczg\u00f6z\u00fc \u00d6z\u00fc<\/span><\/h1>\n<p>Da\u011f \u00f6k\u00fczg\u00f6z\u00fcndeki ana onar\u0131c\u0131 madde olan seskiterpen lakton (gelenalin), flavonoidlerle birlikte stresten sonra cildi yat\u0131\u015ft\u0131rmaya ve yenilemeye yard\u0131mc\u0131 olur. Da\u011f \u00f6k\u00fczg\u00f6z\u00fc \u00f6z\u00fcn\u00fcn antiseptik, antibakteriyel ve antienflamatuvar \u00f6zellikleri, iltihaplara kar\u015f\u0131 m\u00fccadelede yard\u0131mc\u0131 olabilir.  <\/p>\n","protected":false},"excerpt":{"rendered":"<p>Da\u011f \u00d6k\u00fczg\u00f6z\u00fc \u00d6z\u00fc Da\u011f \u00f6k\u00fczg\u00f6z\u00fcndeki ana onar\u0131c\u0131 madde olan seskiterpen lakton (gelenalin), flavonoidlerle birlikte stresten sonra cildi yat\u0131\u015ft\u0131rmaya ve yenilemeye yard\u0131mc\u0131 olur. Da\u011f \u00f6k\u00fczg\u00f6z\u00fc \u00f6z\u00fcn\u00fcn antiseptik, antibakteriyel ve antienflamatuvar \u00f6zellikleri, iltihaplara kar\u015f\u0131 m\u00fccadelede yard\u0131mc\u0131 olabilir.<\/p>\n","protected":false},"author":1,"featured_media":0,"parent":0,"menu_order":0,"comment_status":"closed","ping_status":"closed","template":"","meta":{"footnotes":""},"_links":{"self":[{"href":"https:\/\/seacare.com\/tr\/wp-json\/wp\/v2\/pages\/50757"}],"collection":[{"href":"https:\/\/seacare.com\/tr\/wp-json\/wp\/v2\/pages"}],"about":[{"href":"https:\/\/seacare.com\/tr\/wp-json\/wp\/v2\/types\/page"}],"author":[{"embeddable":true,"href":"https:\/\/seacare.com\/tr\/wp-json\/wp\/v2\/users\/1"}],"replies":[{"embeddable":true,"href":"https:\/\/seacare.com\/tr\/wp-json\/wp\/v2\/comments?post=50757"}],"version-history":[{"count":2,"href":"https:\/\/seacare.com\/tr\/wp-json\/wp\/v2\/pages\/50757\/revisions"}],"predecessor-version":[{"id":50759,"href":"https:\/\/seacare.com\/tr\/wp-json\/wp\/v2\/pages\/50757\/revisions\/50759"}],"wp:attachment":[{"href":"https:\/\/seacare.com\/tr\/wp-json\/wp\/v2\/media?parent=50757"}],"curies":[{"name":"wp","href":"https:\/\/api.w.org\/{rel}","templated":true}]}}