{"id":50760,"date":"2022-02-03T15:08:54","date_gmt":"2022-02-03T12:08:54","guid":{"rendered":"https:\/\/seacare.com\/tr\/?page_id=50760"},"modified":"2022-02-03T15:08:54","modified_gmt":"2022-02-03T12:08:54","slug":"kaolin-kili","status":"publish","type":"page","link":"https:\/\/seacare.com\/tr\/kaolin-kili\/","title":{"rendered":"Kaolin Kili"},"content":{"rendered":"<h1 class=\"text-head\" style=\"text-align: center;\"><span data-text-color=\"primary\">Kaolin Kili<\/span><\/h1>\n<p>Kozmetikte kaolin kili en yumu\u015fak kildir. Kaolin kili cildinizi kurutmaz ve bentonit veya illit killere k\u0131yasla cildin nemini veya do\u011fal ya\u011f\u0131n\u0131 emmez. Kaolin kil maskesini haftada bir kullanabilirsiniz ve cildiniz \u00e7ok kuru ve tahri\u015f olmaz.<\/p>\n","protected":false},"excerpt":{"rendered":"<p>Kaolin Kili Kozmetikte kaolin kili en yumu\u015fak kildir. Kaolin kili cildinizi kurutmaz ve bentonit veya illit killere k\u0131yasla cildin nemini veya do\u011fal ya\u011f\u0131n\u0131 emmez. Kaolin kil maskesini haftada bir kullanabilirsiniz ve cildiniz \u00e7ok kuru ve tahri\u015f olmaz.<\/p>\n","protected":false},"author":1,"featured_media":0,"parent":0,"menu_order":0,"comment_status":"closed","ping_status":"closed","template":"","meta":{"footnotes":""},"_links":{"self":[{"href":"https:\/\/seacare.com\/tr\/wp-json\/wp\/v2\/pages\/50760"}],"collection":[{"href":"https:\/\/seacare.com\/tr\/wp-json\/wp\/v2\/pages"}],"about":[{"href":"https:\/\/seacare.com\/tr\/wp-json\/wp\/v2\/types\/page"}],"author":[{"embeddable":true,"href":"https:\/\/seacare.com\/tr\/wp-json\/wp\/v2\/users\/1"}],"replies":[{"embeddable":true,"href":"https:\/\/seacare.com\/tr\/wp-json\/wp\/v2\/comments?post=50760"}],"version-history":[{"count":1,"href":"https:\/\/seacare.com\/tr\/wp-json\/wp\/v2\/pages\/50760\/revisions"}],"predecessor-version":[{"id":50761,"href":"https:\/\/seacare.com\/tr\/wp-json\/wp\/v2\/pages\/50760\/revisions\/50761"}],"wp:attachment":[{"href":"https:\/\/seacare.com\/tr\/wp-json\/wp\/v2\/media?parent=50760"}],"curies":[{"name":"wp","href":"https:\/\/api.w.org\/{rel}","templated":true}]}}