{"id":50762,"date":"2022-02-03T15:05:11","date_gmt":"2022-02-03T12:05:11","guid":{"rendered":"https:\/\/seacare.com\/tr\/?page_id=50762"},"modified":"2022-02-03T15:05:11","modified_gmt":"2022-02-03T12:05:11","slug":"alaria-esculenta-oezue","status":"publish","type":"page","link":"https:\/\/seacare.com\/tr\/alaria-esculenta-oezue\/","title":{"rendered":"Alaria Esculenta \u00d6z\u00fc"},"content":{"rendered":"<h1 class=\"text-head\" style=\"text-align: center;\"><span data-text-color=\"primary\">Alaria Esculenta \u00d6z\u00fc<\/span><\/h1>\n<p>Alaria Esculenta \u00f6z\u00fc, bilinen bir\u00e7ok gen\u00e7le\u015ftirici avantaj sa\u011flayan ekolojik sertifikal\u0131 kahverengi algler ya\u011f\u0131d\u0131r. Alaria Esculenta \u00f6z\u00fc amino asit, antioksidan, vitamin ve mineraller bak\u0131m\u0131ndan zengindir. Cilt sa\u011fl\u0131\u011f\u0131n\u0131 ve g\u00f6r\u00fcn\u00fcm\u00fcn\u00fc iyile\u015ftirmeye yard\u0131mc\u0131 olabilir.<\/p>\n","protected":false},"excerpt":{"rendered":"<p>Alaria Esculenta \u00d6z\u00fc Alaria Esculenta \u00f6z\u00fc, bilinen bir\u00e7ok gen\u00e7le\u015ftirici avantaj sa\u011flayan ekolojik sertifikal\u0131 kahverengi algler ya\u011f\u0131d\u0131r. Alaria Esculenta \u00f6z\u00fc amino asit, antioksidan, vitamin ve mineraller bak\u0131m\u0131ndan zengindir. Cilt sa\u011fl\u0131\u011f\u0131n\u0131 ve g\u00f6r\u00fcn\u00fcm\u00fcn\u00fc iyile\u015ftirmeye yard\u0131mc\u0131 olabilir.<\/p>\n","protected":false},"author":1,"featured_media":0,"parent":0,"menu_order":0,"comment_status":"closed","ping_status":"closed","template":"","meta":{"footnotes":""},"_links":{"self":[{"href":"https:\/\/seacare.com\/tr\/wp-json\/wp\/v2\/pages\/50762"}],"collection":[{"href":"https:\/\/seacare.com\/tr\/wp-json\/wp\/v2\/pages"}],"about":[{"href":"https:\/\/seacare.com\/tr\/wp-json\/wp\/v2\/types\/page"}],"author":[{"embeddable":true,"href":"https:\/\/seacare.com\/tr\/wp-json\/wp\/v2\/users\/1"}],"replies":[{"embeddable":true,"href":"https:\/\/seacare.com\/tr\/wp-json\/wp\/v2\/comments?post=50762"}],"version-history":[{"count":1,"href":"https:\/\/seacare.com\/tr\/wp-json\/wp\/v2\/pages\/50762\/revisions"}],"predecessor-version":[{"id":50763,"href":"https:\/\/seacare.com\/tr\/wp-json\/wp\/v2\/pages\/50762\/revisions\/50763"}],"wp:attachment":[{"href":"https:\/\/seacare.com\/tr\/wp-json\/wp\/v2\/media?parent=50762"}],"curies":[{"name":"wp","href":"https:\/\/api.w.org\/{rel}","templated":true}]}}