{"id":50764,"date":"2022-02-03T15:09:05","date_gmt":"2022-02-03T12:09:05","guid":{"rendered":"https:\/\/seacare.com\/tr\/?page_id=50764"},"modified":"2022-02-03T15:09:05","modified_gmt":"2022-02-03T12:09:05","slug":"limon-yagi","status":"publish","type":"page","link":"https:\/\/seacare.com\/tr\/limon-yagi\/","title":{"rendered":"Limon Ya\u011f\u0131"},"content":{"rendered":"<h1 class=\"text-head\" style=\"text-align: center;\"><span data-text-color=\"primary\">Limon Ya\u011f\u0131<\/span><\/h1>\n<p>Limon ya\u011f\u0131 cilde uyguland\u0131\u011f\u0131nda g\u00f6r\u00fcn\u00fcm\u00fcn\u00fc \u00f6nemli \u00f6l\u00e7\u00fcde iyile\u015ftirebilir ve cildi gen\u00e7le\u015ftirebilir. S\u0131k\u0131la\u015ft\u0131r\u0131c\u0131 ve antiseptik \u00f6zellikleri sayesinde sarkm\u0131\u015f veya donuk cildi onarma \u00f6zelli\u011fine sahiptir. Limon ya\u011f\u0131 cilt \u00fczerindeki \u00e7e\u015fitli patojenleri \u00f6ld\u00fcr\u00fcr, cilt hastal\u0131klar\u0131n\u0131 ve sivilceleri tedavi eder.<\/p>\n","protected":false},"excerpt":{"rendered":"<p>Limon Ya\u011f\u0131 Limon ya\u011f\u0131 cilde uyguland\u0131\u011f\u0131nda g\u00f6r\u00fcn\u00fcm\u00fcn\u00fc \u00f6nemli \u00f6l\u00e7\u00fcde iyile\u015ftirebilir ve cildi gen\u00e7le\u015ftirebilir. S\u0131k\u0131la\u015ft\u0131r\u0131c\u0131 ve antiseptik \u00f6zellikleri sayesinde sarkm\u0131\u015f veya donuk cildi onarma \u00f6zelli\u011fine sahiptir. Limon ya\u011f\u0131 cilt \u00fczerindeki \u00e7e\u015fitli patojenleri \u00f6ld\u00fcr\u00fcr, cilt hastal\u0131klar\u0131n\u0131 ve sivilceleri tedavi eder.<\/p>\n","protected":false},"author":1,"featured_media":0,"parent":0,"menu_order":0,"comment_status":"closed","ping_status":"closed","template":"","meta":{"footnotes":""},"_links":{"self":[{"href":"https:\/\/seacare.com\/tr\/wp-json\/wp\/v2\/pages\/50764"}],"collection":[{"href":"https:\/\/seacare.com\/tr\/wp-json\/wp\/v2\/pages"}],"about":[{"href":"https:\/\/seacare.com\/tr\/wp-json\/wp\/v2\/types\/page"}],"author":[{"embeddable":true,"href":"https:\/\/seacare.com\/tr\/wp-json\/wp\/v2\/users\/1"}],"replies":[{"embeddable":true,"href":"https:\/\/seacare.com\/tr\/wp-json\/wp\/v2\/comments?post=50764"}],"version-history":[{"count":1,"href":"https:\/\/seacare.com\/tr\/wp-json\/wp\/v2\/pages\/50764\/revisions"}],"predecessor-version":[{"id":50765,"href":"https:\/\/seacare.com\/tr\/wp-json\/wp\/v2\/pages\/50764\/revisions\/50765"}],"wp:attachment":[{"href":"https:\/\/seacare.com\/tr\/wp-json\/wp\/v2\/media?parent=50764"}],"curies":[{"name":"wp","href":"https:\/\/api.w.org\/{rel}","templated":true}]}}