{"id":50766,"date":"2022-02-03T15:10:19","date_gmt":"2022-02-03T12:10:19","guid":{"rendered":"https:\/\/seacare.com\/tr\/?page_id=50766"},"modified":"2022-02-03T15:10:19","modified_gmt":"2022-02-03T12:10:19","slug":"portakal-yagi","status":"publish","type":"page","link":"https:\/\/seacare.com\/tr\/portakal-yagi\/","title":{"rendered":"Portakal Ya\u011f\u0131"},"content":{"rendered":"<h1 class=\"text-head\" style=\"text-align: center;\"><span data-text-color=\"primary\">Portakal Ya\u011f\u0131<\/span><\/h1>\n<p>Tatl\u0131 portakal veya Citrus Sinensis, kokusu, antioksidan ve antiseptik \u00f6zellikleri nedeniyle \u00e7e\u015fitli cilt bak\u0131m \u00fcr\u00fcnlerinde yayg\u0131n olarak kullan\u0131lan bu faydal\u0131 ya\u011f\u0131 \u00fcreten meyvedir. Portakal ya\u011f\u0131n\u0131n faydalar\u0131: cildi serbest radikallerden korur ve sivilcelerden kurtar\u0131r.<\/p>\n","protected":false},"excerpt":{"rendered":"<p>Portakal Ya\u011f\u0131 Tatl\u0131 portakal veya Citrus Sinensis, kokusu, antioksidan ve antiseptik \u00f6zellikleri nedeniyle \u00e7e\u015fitli cilt bak\u0131m \u00fcr\u00fcnlerinde yayg\u0131n olarak kullan\u0131lan bu faydal\u0131 ya\u011f\u0131 \u00fcreten meyvedir. Portakal ya\u011f\u0131n\u0131n faydalar\u0131: cildi serbest radikallerden korur ve sivilcelerden kurtar\u0131r.<\/p>\n","protected":false},"author":1,"featured_media":0,"parent":0,"menu_order":0,"comment_status":"closed","ping_status":"closed","template":"","meta":{"footnotes":""},"_links":{"self":[{"href":"https:\/\/seacare.com\/tr\/wp-json\/wp\/v2\/pages\/50766"}],"collection":[{"href":"https:\/\/seacare.com\/tr\/wp-json\/wp\/v2\/pages"}],"about":[{"href":"https:\/\/seacare.com\/tr\/wp-json\/wp\/v2\/types\/page"}],"author":[{"embeddable":true,"href":"https:\/\/seacare.com\/tr\/wp-json\/wp\/v2\/users\/1"}],"replies":[{"embeddable":true,"href":"https:\/\/seacare.com\/tr\/wp-json\/wp\/v2\/comments?post=50766"}],"version-history":[{"count":1,"href":"https:\/\/seacare.com\/tr\/wp-json\/wp\/v2\/pages\/50766\/revisions"}],"predecessor-version":[{"id":50767,"href":"https:\/\/seacare.com\/tr\/wp-json\/wp\/v2\/pages\/50766\/revisions\/50767"}],"wp:attachment":[{"href":"https:\/\/seacare.com\/tr\/wp-json\/wp\/v2\/media?parent=50766"}],"curies":[{"name":"wp","href":"https:\/\/api.w.org\/{rel}","templated":true}]}}