{"id":50768,"date":"2022-02-03T15:09:03","date_gmt":"2022-02-03T12:09:03","guid":{"rendered":"https:\/\/seacare.com\/tr\/?page_id=50768"},"modified":"2022-02-03T15:09:03","modified_gmt":"2022-02-03T12:09:03","slug":"kusburnu-yagi","status":"publish","type":"page","link":"https:\/\/seacare.com\/tr\/kusburnu-yagi\/","title":{"rendered":"Ku\u015fburnu Ya\u011f\u0131"},"content":{"rendered":"<h1 class=\"text-head\" style=\"text-align: center;\"><span data-text-color=\"primary\">Ku\u015fburnu Ya\u011f\u0131<\/span><\/h1>\n<p>Ku\u015fburnu ya\u011f\u0131, t\u00fcm cilt tipleri i\u00e7in cilt renginin a\u00e7\u0131lmas\u0131ndan nem ve esneklik seviyelerinin iyile\u015ftirilmesine kadar bir\u00e7ok fayda sa\u011flayan harika bir \u00fcr\u00fcnd\u00fcr. Yenilemeyi ve yeni kolajen ve elastin \u00fcretimini te\u015fvik eden omega-3, omega-6 ve omega-9 dahil olmak \u00fczere neredeyse %89 esansiyel ya\u011f asitlerinden olu\u015fur.<\/p>\n","protected":false},"excerpt":{"rendered":"<p>Ku\u015fburnu Ya\u011f\u0131 Ku\u015fburnu ya\u011f\u0131, t\u00fcm cilt tipleri i\u00e7in cilt renginin a\u00e7\u0131lmas\u0131ndan nem ve esneklik seviyelerinin iyile\u015ftirilmesine kadar bir\u00e7ok fayda sa\u011flayan harika bir \u00fcr\u00fcnd\u00fcr. Yenilemeyi ve yeni kolajen ve elastin \u00fcretimini te\u015fvik eden omega-3, omega-6 ve omega-9 dahil olmak \u00fczere neredeyse %89 esansiyel ya\u011f asitlerinden olu\u015fur.<\/p>\n","protected":false},"author":1,"featured_media":0,"parent":0,"menu_order":0,"comment_status":"closed","ping_status":"closed","template":"","meta":{"footnotes":""},"_links":{"self":[{"href":"https:\/\/seacare.com\/tr\/wp-json\/wp\/v2\/pages\/50768"}],"collection":[{"href":"https:\/\/seacare.com\/tr\/wp-json\/wp\/v2\/pages"}],"about":[{"href":"https:\/\/seacare.com\/tr\/wp-json\/wp\/v2\/types\/page"}],"author":[{"embeddable":true,"href":"https:\/\/seacare.com\/tr\/wp-json\/wp\/v2\/users\/1"}],"replies":[{"embeddable":true,"href":"https:\/\/seacare.com\/tr\/wp-json\/wp\/v2\/comments?post=50768"}],"version-history":[{"count":1,"href":"https:\/\/seacare.com\/tr\/wp-json\/wp\/v2\/pages\/50768\/revisions"}],"predecessor-version":[{"id":50769,"href":"https:\/\/seacare.com\/tr\/wp-json\/wp\/v2\/pages\/50768\/revisions\/50769"}],"wp:attachment":[{"href":"https:\/\/seacare.com\/tr\/wp-json\/wp\/v2\/media?parent=50768"}],"curies":[{"name":"wp","href":"https:\/\/api.w.org\/{rel}","templated":true}]}}