{"id":50770,"date":"2022-02-03T15:10:16","date_gmt":"2022-02-03T12:10:16","guid":{"rendered":"https:\/\/seacare.com\/tr\/?page_id=50770"},"modified":"2022-02-03T15:10:16","modified_gmt":"2022-02-03T12:10:16","slug":"pirinc-tozu","status":"publish","type":"page","link":"https:\/\/seacare.com\/tr\/pirinc-tozu\/","title":{"rendered":"Pirin\u00e7 Tozu"},"content":{"rendered":"<h1 class=\"text-head\" style=\"text-align: center;\"><span data-text-color=\"primary\">Pirin\u00e7 Tozu<\/span><\/h1>\n<p>Pirin\u00e7 tozu, temiz ve kusursuz bir cilt elde etmeye yard\u0131mc\u0131 olan bir\u00e7ok vitamin ve mineral i\u00e7erir. Pirin\u00e7 tozu, do\u011fas\u0131 gere\u011fi gran\u00fcll\u00fc olup cildin \u00fcst tabakas\u0131n\u0131 soyarak cildi yumu\u015fak ve esnek hale getirir. \u00d6zellikle renk de\u011fi\u015fikli\u011fi veya hiperpigmentasyonunuz varsa cilt renginizin a\u00e7\u0131lmas\u0131 i\u00e7in kullan\u0131labilir.<\/p>\n","protected":false},"excerpt":{"rendered":"<p>Pirin\u00e7 Tozu Pirin\u00e7 tozu, temiz ve kusursuz bir cilt elde etmeye yard\u0131mc\u0131 olan bir\u00e7ok vitamin ve mineral i\u00e7erir. Pirin\u00e7 tozu, do\u011fas\u0131 gere\u011fi gran\u00fcll\u00fc olup cildin \u00fcst tabakas\u0131n\u0131 soyarak cildi yumu\u015fak ve esnek hale getirir. \u00d6zellikle renk de\u011fi\u015fikli\u011fi veya hiperpigmentasyonunuz varsa cilt renginizin a\u00e7\u0131lmas\u0131 i\u00e7in kullan\u0131labilir.<\/p>\n","protected":false},"author":1,"featured_media":0,"parent":0,"menu_order":0,"comment_status":"closed","ping_status":"closed","template":"","meta":{"footnotes":""},"_links":{"self":[{"href":"https:\/\/seacare.com\/tr\/wp-json\/wp\/v2\/pages\/50770"}],"collection":[{"href":"https:\/\/seacare.com\/tr\/wp-json\/wp\/v2\/pages"}],"about":[{"href":"https:\/\/seacare.com\/tr\/wp-json\/wp\/v2\/types\/page"}],"author":[{"embeddable":true,"href":"https:\/\/seacare.com\/tr\/wp-json\/wp\/v2\/users\/1"}],"replies":[{"embeddable":true,"href":"https:\/\/seacare.com\/tr\/wp-json\/wp\/v2\/comments?post=50770"}],"version-history":[{"count":1,"href":"https:\/\/seacare.com\/tr\/wp-json\/wp\/v2\/pages\/50770\/revisions"}],"predecessor-version":[{"id":50771,"href":"https:\/\/seacare.com\/tr\/wp-json\/wp\/v2\/pages\/50770\/revisions\/50771"}],"wp:attachment":[{"href":"https:\/\/seacare.com\/tr\/wp-json\/wp\/v2\/media?parent=50770"}],"curies":[{"name":"wp","href":"https:\/\/api.w.org\/{rel}","templated":true}]}}