{"id":50772,"date":"2022-02-03T15:10:40","date_gmt":"2022-02-03T12:10:40","guid":{"rendered":"https:\/\/seacare.com\/tr\/?page_id=50772"},"modified":"2022-02-03T15:10:40","modified_gmt":"2022-02-03T12:10:40","slug":"shandra-vulgaris-oezue","status":"publish","type":"page","link":"https:\/\/seacare.com\/tr\/shandra-vulgaris-oezue\/","title":{"rendered":"Shandra Vulgaris \u00d6z\u00fc"},"content":{"rendered":"<h1 class=\"text-head\" style=\"text-align: center;\"><span data-text-color=\"primary\">Shandra Vulgaris \u00d6z\u00fc<\/span><\/h1>\n<p>Karaderme olarak da bilinen Shandra Vulgaris, Ball\u0131babagiller familyas\u0131na ait t\u0131bbi bir bitkidir. Shandra Vulgaris \u00f6z\u00fc, kan bas\u0131nc\u0131 lipidlerini ve kan \u015fekerini d\u00fc\u015f\u00fcrmeye yard\u0131mc\u0131 olup cilt i\u00e7in hayati \u00f6nem ta\u015f\u0131yan koruma ve gen\u00e7le\u015fme sa\u011flar.<\/p>\n","protected":false},"excerpt":{"rendered":"<p>Shandra Vulgaris \u00d6z\u00fc Karaderme olarak da bilinen Shandra Vulgaris, Ball\u0131babagiller familyas\u0131na ait t\u0131bbi bir bitkidir. Shandra Vulgaris \u00f6z\u00fc, kan bas\u0131nc\u0131 lipidlerini ve kan \u015fekerini d\u00fc\u015f\u00fcrmeye yard\u0131mc\u0131 olup cilt i\u00e7in hayati \u00f6nem ta\u015f\u0131yan koruma ve gen\u00e7le\u015fme sa\u011flar.<\/p>\n","protected":false},"author":1,"featured_media":0,"parent":0,"menu_order":0,"comment_status":"closed","ping_status":"closed","template":"","meta":{"footnotes":""},"_links":{"self":[{"href":"https:\/\/seacare.com\/tr\/wp-json\/wp\/v2\/pages\/50772"}],"collection":[{"href":"https:\/\/seacare.com\/tr\/wp-json\/wp\/v2\/pages"}],"about":[{"href":"https:\/\/seacare.com\/tr\/wp-json\/wp\/v2\/types\/page"}],"author":[{"embeddable":true,"href":"https:\/\/seacare.com\/tr\/wp-json\/wp\/v2\/users\/1"}],"replies":[{"embeddable":true,"href":"https:\/\/seacare.com\/tr\/wp-json\/wp\/v2\/comments?post=50772"}],"version-history":[{"count":1,"href":"https:\/\/seacare.com\/tr\/wp-json\/wp\/v2\/pages\/50772\/revisions"}],"predecessor-version":[{"id":50773,"href":"https:\/\/seacare.com\/tr\/wp-json\/wp\/v2\/pages\/50772\/revisions\/50773"}],"wp:attachment":[{"href":"https:\/\/seacare.com\/tr\/wp-json\/wp\/v2\/media?parent=50772"}],"curies":[{"name":"wp","href":"https:\/\/api.w.org\/{rel}","templated":true}]}}