{"id":50774,"date":"2022-02-03T15:08:41","date_gmt":"2022-02-03T12:08:41","guid":{"rendered":"https:\/\/seacare.com\/tr\/?page_id=50774"},"modified":"2022-02-03T15:08:41","modified_gmt":"2022-02-03T12:08:41","slug":"hinzirotu-yaprak-oezue","status":"publish","type":"page","link":"https:\/\/seacare.com\/tr\/hinzirotu-yaprak-oezue\/","title":{"rendered":"H\u0131nz\u0131rotu Yaprak \u00d6z\u00fc"},"content":{"rendered":"<h1 class=\"text-head\" style=\"text-align: center;\"><span data-text-color=\"primary\">H\u0131nz\u0131rotu Yaprak \u00d6z\u00fc<\/span><\/h1>\n<p>H\u0131nz\u0131rotu yaprak \u00f6z\u00fc, cildi gen\u00e7le\u015ftirici \u00f6zelliklere sahiptir. Gen\u00e7li\u011fi geri kazanmak, yaralar\u0131 iyile\u015ftirmek i\u00e7in kullan\u0131l\u0131r. H\u0131nz\u0131rotu yaprak \u00f6z\u00fc cildi yat\u0131\u015ft\u0131r\u0131r ve iyile\u015ftirir, cildin gerginli\u011fini ve tahri\u015fini giderir. Orta \u00c7a\u011fdan beri Romal\u0131lar taraf\u0131ndan \u201cTanr\u0131 ilac\u0131\u201d olarak adland\u0131r\u0131l\u0131rd\u0131. <\/p>\n","protected":false},"excerpt":{"rendered":"<p>H\u0131nz\u0131rotu Yaprak \u00d6z\u00fc H\u0131nz\u0131rotu yaprak \u00f6z\u00fc, cildi gen\u00e7le\u015ftirici \u00f6zelliklere sahiptir. Gen\u00e7li\u011fi geri kazanmak, yaralar\u0131 iyile\u015ftirmek i\u00e7in kullan\u0131l\u0131r. H\u0131nz\u0131rotu yaprak \u00f6z\u00fc cildi yat\u0131\u015ft\u0131r\u0131r ve iyile\u015ftirir, cildin gerginli\u011fini ve tahri\u015fini giderir. Orta \u00c7a\u011fdan beri Romal\u0131lar taraf\u0131ndan \u201cTanr\u0131 ilac\u0131\u201d olarak adland\u0131r\u0131l\u0131rd\u0131.<\/p>\n","protected":false},"author":1,"featured_media":0,"parent":0,"menu_order":0,"comment_status":"closed","ping_status":"closed","template":"","meta":{"footnotes":""},"_links":{"self":[{"href":"https:\/\/seacare.com\/tr\/wp-json\/wp\/v2\/pages\/50774"}],"collection":[{"href":"https:\/\/seacare.com\/tr\/wp-json\/wp\/v2\/pages"}],"about":[{"href":"https:\/\/seacare.com\/tr\/wp-json\/wp\/v2\/types\/page"}],"author":[{"embeddable":true,"href":"https:\/\/seacare.com\/tr\/wp-json\/wp\/v2\/users\/1"}],"replies":[{"embeddable":true,"href":"https:\/\/seacare.com\/tr\/wp-json\/wp\/v2\/comments?post=50774"}],"version-history":[{"count":1,"href":"https:\/\/seacare.com\/tr\/wp-json\/wp\/v2\/pages\/50774\/revisions"}],"predecessor-version":[{"id":50775,"href":"https:\/\/seacare.com\/tr\/wp-json\/wp\/v2\/pages\/50774\/revisions\/50775"}],"wp:attachment":[{"href":"https:\/\/seacare.com\/tr\/wp-json\/wp\/v2\/media?parent=50774"}],"curies":[{"name":"wp","href":"https:\/\/api.w.org\/{rel}","templated":true}]}}