{"id":50776,"date":"2022-02-03T15:05:36","date_gmt":"2022-02-03T12:05:36","guid":{"rendered":"https:\/\/seacare.com\/tr\/?page_id=50776"},"modified":"2022-02-03T15:05:36","modified_gmt":"2022-02-03T12:05:36","slug":"at-kestanesi-oezue","status":"publish","type":"page","link":"https:\/\/seacare.com\/tr\/at-kestanesi-oezue\/","title":{"rendered":"At Kestanesi \u00d6z\u00fc"},"content":{"rendered":"<h1 class=\"text-head\" style=\"text-align: center;\"><span data-text-color=\"primary\">At Kestanesi \u00d6z\u00fc<\/span><\/h1>\n<p>Atkestanesi tohumu \u00f6z\u00fc, genellikle damar sa\u011fl\u0131\u011f\u0131n\u0131 iyile\u015ftirmek ve iltihaplar\u0131 azaltmak i\u00e7in kullan\u0131lan pop\u00fcler bir cilt bak\u0131m bile\u015fenidir. At kestanesi \u00f6z\u00fcn\u00fcn ana aktif bile\u015feni, bir\u00e7ok avantaj\u0131 bak\u0131m\u0131ndan ara\u015ft\u0131r\u0131lm\u0131\u015f olan escin&#8217;dir.<\/p>\n","protected":false},"excerpt":{"rendered":"<p>At Kestanesi \u00d6z\u00fc Atkestanesi tohumu \u00f6z\u00fc, genellikle damar sa\u011fl\u0131\u011f\u0131n\u0131 iyile\u015ftirmek ve iltihaplar\u0131 azaltmak i\u00e7in kullan\u0131lan pop\u00fcler bir cilt bak\u0131m bile\u015fenidir. At kestanesi \u00f6z\u00fcn\u00fcn ana aktif bile\u015feni, bir\u00e7ok avantaj\u0131 bak\u0131m\u0131ndan ara\u015ft\u0131r\u0131lm\u0131\u015f olan escin&#8217;dir.<\/p>\n","protected":false},"author":1,"featured_media":0,"parent":0,"menu_order":0,"comment_status":"closed","ping_status":"closed","template":"","meta":{"footnotes":""},"_links":{"self":[{"href":"https:\/\/seacare.com\/tr\/wp-json\/wp\/v2\/pages\/50776"}],"collection":[{"href":"https:\/\/seacare.com\/tr\/wp-json\/wp\/v2\/pages"}],"about":[{"href":"https:\/\/seacare.com\/tr\/wp-json\/wp\/v2\/types\/page"}],"author":[{"embeddable":true,"href":"https:\/\/seacare.com\/tr\/wp-json\/wp\/v2\/users\/1"}],"replies":[{"embeddable":true,"href":"https:\/\/seacare.com\/tr\/wp-json\/wp\/v2\/comments?post=50776"}],"version-history":[{"count":1,"href":"https:\/\/seacare.com\/tr\/wp-json\/wp\/v2\/pages\/50776\/revisions"}],"predecessor-version":[{"id":50777,"href":"https:\/\/seacare.com\/tr\/wp-json\/wp\/v2\/pages\/50776\/revisions\/50777"}],"wp:attachment":[{"href":"https:\/\/seacare.com\/tr\/wp-json\/wp\/v2\/media?parent=50776"}],"curies":[{"name":"wp","href":"https:\/\/api.w.org\/{rel}","templated":true}]}}