{"id":50780,"date":"2022-02-03T15:08:17","date_gmt":"2022-02-03T12:08:17","guid":{"rendered":"https:\/\/seacare.com\/tr\/?page_id=50780"},"modified":"2022-02-03T15:08:17","modified_gmt":"2022-02-03T12:08:17","slug":"distribuetoerue-olmak","status":"publish","type":"page","link":"https:\/\/seacare.com\/tr\/distribuetoerue-olmak\/","title":{"rendered":"Distrib\u00fct\u00f6r\u00fc olmak"},"content":{"rendered":"<h1 class=\"text-head\"><span data-text-color=\"primary\">SeaCare kozmetik \u00fcr\u00fcnlerinin distrib\u00fct\u00f6r\u00fc olmak<\/span><\/h1>\n<p>Bir ticari giri\u015fime girmek istemeyen bir ki\u015fi var m\u0131 acaba? Hemen hemen herkes her ay kar elde etme imkan\u0131ndan faydalanmak ister. G\u00fczellik ve cilt bak\u0131m\u0131yla ilgileniyorsan\u0131z SeaCare \u00fcr\u00fcnlerinin ba\u011f\u0131ms\u0131z bir distrib\u00fct\u00f6r\u00fc olabilirsiniz.<\/p>\n<p>Bug\u00fcn piyasada pop\u00fcler olmaya ba\u015flayan kozmetik \u00fcr\u00fcnlerinden biri, \u00d6l\u00fc Deniz kozmetik \u00fcr\u00fcnleridir. Bu durumda SeaCare kozmetik \u00fcr\u00fcnlerinin pop\u00fclerli\u011fi ve bunlara y\u00f6nelik talep sayesinde para kazanabilirsiniz.<\/p>\n<p>SeaCare \u00d6l\u00fc Deniz kozmetik \u00fcr\u00fcnlerinin distrib\u00fct\u00f6r\u00fc olup hem finansal hem de sosyal bak\u0131mdan \u00e7e\u015fitli avantajlar\u0131 elde edersiniz. Finansal olarak toptan fiyatlarla birlikte b\u00fcy\u00fck sipari\u015fler i\u00e7in ek indirimler al\u0131rs\u0131n\u0131z. Sosyal a\u00e7\u0131dan ise yeni insanlarla tan\u0131\u015fabilir ve i\u015f ba\u011flant\u0131lar\u0131n\u0131z\u0131 geni\u015fletebilirsiniz, bu da gelirinizi art\u0131rman\u0131za yard\u0131mc\u0131 olur.<\/p>\n<p>En iyi cilt bak\u0131m \u00fcr\u00fcnlerinden birinin \u00fcreticisi olarak her zaman potansiyel distrib\u00fct\u00f6rlerle ili\u015fkileri geli\u015ftirmekle ilgileniyoruz. SeaCare distrib\u00fct\u00f6r\u00fc olmak istiyorsan\u0131z l\u00fctfen <a href=\"mailto:sales@seacare.com\">sales@seacare.com<\/a> adresine ba\u015fvurunuzu g\u00f6nderiniz. Ba\u015fvurunuzda a\u015fa\u011f\u0131daki bilgiler yer almal\u0131d\u0131r:<\/p>\n<p class=\"o-kom-punkt\" style=\"text-align: center;\">\u00a0<\/p>\n<div role=\"form\" class=\"wpcf7\" id=\"wpcf7-f50779-o1\" lang=\"ru-RU\" dir=\"ltr\">\n<div class=\"screen-reader-response\"><\/div>\n<form action=\"\/tr\/wp-json\/wp\/v2\/pages\/50780#wpcf7-f50779-o1\" method=\"post\" class=\"wpcf7-form\" novalidate=\"novalidate\">\n<div style=\"display: none;\">\n<input type=\"hidden\" name=\"_wpcf7\" value=\"50779\" \/>\n<input type=\"hidden\" name=\"_wpcf7_version\" value=\"5.1.7\" \/>\n<input type=\"hidden\" name=\"_wpcf7_locale\" value=\"ru_RU\" \/>\n<input type=\"hidden\" name=\"_wpcf7_unit_tag\" value=\"wpcf7-f50779-o1\" \/>\n<input type=\"hidden\" name=\"_wpcf7_container_post\" value=\"0\" \/>\n<\/div>\n<p><label> Ad\u0131n\u0131z (zorunlu)<br \/>\n    <span class=\"wpcf7-form-control-wrap your-name\"><input type=\"text\" name=\"your-name\" value=\"\" size=\"40\" class=\"wpcf7-form-control wpcf7-text wpcf7-validates-as-required\" aria-required=\"true\" aria-invalid=\"false\" \/><\/span> <\/label><\/p>\n<p><label> E-posta adresiniz (zorunlu)<br \/>\n    <span class=\"wpcf7-form-control-wrap your-email\"><input type=\"email\" name=\"your-email\" value=\"\" size=\"40\" class=\"wpcf7-form-control wpcf7-text wpcf7-email wpcf7-validates-as-required wpcf7-validates-as-email\" aria-required=\"true\" aria-invalid=\"false\" \/><\/span> <\/label><\/p>\n<p><label> \u0130leti\u015fim i\u00e7in telefon numaran\u0131z (zorunlu)<\/p>\n<p><span class=\"wpcf7-form-control-wrap tel-978\"><input type=\"tel\" name=\"tel-978\" value=\"\" size=\"40\" class=\"wpcf7-form-control wpcf7-text wpcf7-tel wpcf7-validates-as-required wpcf7-validates-as-tel\" aria-required=\"true\" aria-invalid=\"false\" \/><\/span><\/label><\/p>\n<p><label> \u015eirketinizin ad\u0131 (zorunlu)<\/p>\n<p><span class=\"wpcf7-form-control-wrap text-560\"><input type=\"text\" name=\"text-560\" value=\"\" size=\"40\" class=\"wpcf7-form-control wpcf7-text wpcf7-validates-as-required\" aria-required=\"true\" aria-invalid=\"false\" \/><\/span><\/label><\/p>\n<p><label> \u015eirketinizin adresi<\/p>\n<p><span class=\"wpcf7-form-control-wrap text-561\"><input type=\"text\" name=\"text-561\" value=\"\" size=\"40\" class=\"wpcf7-form-control wpcf7-text wpcf7-validates-as-required\" aria-required=\"true\" aria-invalid=\"false\" \/><\/span><\/label><\/p>\n<p><label> Mesaj<br \/>\n    <span class=\"wpcf7-form-control-wrap your-message\"><textarea name=\"your-message\" cols=\"40\" rows=\"10\" class=\"wpcf7-form-control wpcf7-textarea\" aria-invalid=\"false\"><\/textarea><\/span> <\/label><\/p>\n<p><input type=\"submit\" value=\"G\u00d6NDER\" class=\"wpcf7-form-control wpcf7-submit\" \/><\/p>\n<div id =\"one\">\n<span class=\"wpcf7-form-control-wrap acceptance\"><span class=\"wpcf7-form-control wpcf7-acceptance\"><span class=\"wpcf7-list-item\"><input type=\"checkbox\" name=\"acceptance\" value=\"1\" aria-invalid=\"false\" checked=\"checked\" \/><\/span><\/span><\/span><a href=\"\/ru\/soglashenie-na-obrabotku-personalnyx-dannyx\/\">Ki\u015fisel veri i\u015fleme politikas\u0131n\u0131 <\/a> kabul ediyorum\n<\/div>\n<style>\n#one input:last-child {\nfloat:left;\n}\n<\/style>\n<p style=\"display: none !important;\"><label>&#916;<textarea name=\"_wpcf7_ak_hp_textarea\" cols=\"45\" rows=\"8\" maxlength=\"100\"><\/textarea><\/label><input type=\"hidden\" id=\"ak_js_1\" name=\"_wpcf7_ak_js\" value=\"18\"\/><script>document.getElementById( \"ak_js_1\" ).setAttribute( \"value\", ( new Date() ).getTime() );<\/script><\/p><div class=\"wpcf7-response-output wpcf7-display-none\"><\/div><\/form><\/div>\n<p style=\"text-align: center;\">Sizinle birlikte \u00e7al\u0131\u015fmak i\u00e7in sab\u0131rs\u0131zlan\u0131yoruz!<\/p>\n    <div class=\"img has-hover x md-x lg-x y md-y lg-y\" id=\"image_310610933\">\n                <div class=\"img-inner dark\" >\n        <img loading=\"lazy\" decoding=\"async\" width=\"1020\" height=\"95\" src=\"https:\/\/seacare.com\/wp-content\/uploads\/2020\/10\/\u041b\u043e\u0433\u043e\u0442\u0438\u043f-\u0434\u043b\u044f-\u0421\u0430\u0438\u0306\u0442\u0430-SeaCare-\u043a\u043e\u043f\u0438\u044f-1400x130.png\" class=\"attachment-large size-large\" alt=\"Logo for the SeaCare Website\" srcset=\"https:\/\/seacare.com\/wp-content\/uploads\/2020\/10\/\u041b\u043e\u0433\u043e\u0442\u0438\u043f-\u0434\u043b\u044f-\u0421\u0430\u0438\u0306\u0442\u0430-SeaCare-\u043a\u043e\u043f\u0438\u044f-1400x130.png 1400w, https:\/\/seacare.com\/wp-content\/uploads\/2020\/10\/\u041b\u043e\u0433\u043e\u0442\u0438\u043f-\u0434\u043b\u044f-\u0421\u0430\u0438\u0306\u0442\u0430-SeaCare-\u043a\u043e\u043f\u0438\u044f-800x74.png 800w, https:\/\/seacare.com\/wp-content\/uploads\/2020\/10\/\u041b\u043e\u0433\u043e\u0442\u0438\u043f-\u0434\u043b\u044f-\u0421\u0430\u0438\u0306\u0442\u0430-SeaCare-\u043a\u043e\u043f\u0438\u044f-768x71.png 768w\" sizes=\"(max-width: 1020px) 100vw, 1020px\" \/>                \n            <\/div>\n                   \n<style scope=\"scope\">\n\n<\/style>\n    <\/div>\n    \n    <div class=\"img has-hover x md-x lg-x y md-y lg-y\" id=\"image_1334450193\">\n                <div class=\"img-inner dark\" >\n                        \n            <\/div>\n                   \n<style scope=\"scope\">\n\n<\/style>\n    <\/div>\n    \n","protected":false},"excerpt":{"rendered":"<p>SeaCare kozmetik \u00fcr\u00fcnlerinin distrib\u00fct\u00f6r\u00fc olmak Bir ticari giri\u015fime girmek istemeyen bir ki\u015fi var m\u0131 acaba? Hemen hemen herkes her ay kar elde etme imkan\u0131ndan faydalanmak ister. G\u00fczellik ve cilt bak\u0131m\u0131yla ilgileniyorsan\u0131z SeaCare \u00fcr\u00fcnlerinin ba\u011f\u0131ms\u0131z bir distrib\u00fct\u00f6r\u00fc olabilirsiniz. Bug\u00fcn piyasada pop\u00fcler olmaya ba\u015flayan kozmetik \u00fcr\u00fcnlerinden biri, \u00d6l\u00fc Deniz kozmetik \u00fcr\u00fcnleridir. Bu durumda SeaCare kozmetik \u00fcr\u00fcnlerinin pop\u00fclerli\u011fi [&hellip;]\n","protected":false},"author":1,"featured_media":0,"parent":0,"menu_order":0,"comment_status":"closed","ping_status":"closed","template":"","meta":{"footnotes":""},"_links":{"self":[{"href":"https:\/\/seacare.com\/tr\/wp-json\/wp\/v2\/pages\/50780"}],"collection":[{"href":"https:\/\/seacare.com\/tr\/wp-json\/wp\/v2\/pages"}],"about":[{"href":"https:\/\/seacare.com\/tr\/wp-json\/wp\/v2\/types\/page"}],"author":[{"embeddable":true,"href":"https:\/\/seacare.com\/tr\/wp-json\/wp\/v2\/users\/1"}],"replies":[{"embeddable":true,"href":"https:\/\/seacare.com\/tr\/wp-json\/wp\/v2\/comments?post=50780"}],"version-history":[{"count":2,"href":"https:\/\/seacare.com\/tr\/wp-json\/wp\/v2\/pages\/50780\/revisions"}],"predecessor-version":[{"id":50782,"href":"https:\/\/seacare.com\/tr\/wp-json\/wp\/v2\/pages\/50780\/revisions\/50782"}],"wp:attachment":[{"href":"https:\/\/seacare.com\/tr\/wp-json\/wp\/v2\/media?parent=50780"}],"curies":[{"name":"wp","href":"https:\/\/api.w.org\/{rel}","templated":true}]}}