{"id":51916,"date":"2022-02-03T12:56:24","date_gmt":"2022-02-03T09:56:24","guid":{"rendered":"https:\/\/seacare.com\/tr\/?page_id=51916"},"modified":"2022-02-03T12:56:24","modified_gmt":"2022-02-03T09:56:24","slug":"sirket-hakkinda","status":"publish","type":"page","link":"https:\/\/seacare.com\/tr\/sirket-hakkinda\/","title":{"rendered":"\u015eirket hakk\u0131nda"},"content":{"rendered":"\n  <div class=\"banner has-hover\" id=\"banner-2002063972\">\n          <div class=\"banner-inner fill\">\n        <div class=\"banner-bg fill\" >\n            <div class=\"bg fill bg-fill \"><\/div>\n                                    \n                    <\/div><!-- bg-layers -->\n        <div class=\"banner-layers container\">\n            <div class=\"fill banner-link\"><\/div>            \n   <div id=\"text-box-1087968515\" class=\"text-box banner-layer x0 md-x0 lg-x0 y0 md-y0 lg-y0 res-text\">\n                                <div class=\"text dark\">\n              \n              <div class=\"text-inner text-center\">\n                  \n<h2 class=\"lead\"><\/h2>\n              <\/div>\n           <\/div><!-- text-box-inner -->\n                            \n<style scope=\"scope\">\n\n#text-box-1087968515 {\n  width: 55%;\n}\n#text-box-1087968515 .text {\n  font-size: 100%;\n}\n<\/style>\n    <\/div><!-- text-box -->\n \n   <div id=\"text-box-1222117696\" class=\"text-box banner-layer x0 md-x0 lg-x0 y0 md-y0 lg-y0 res-text\">\n                                <div class=\"text dark\">\n              \n              <div class=\"text-inner text-center\">\n                  \n<h2 class=\"lead\"><\/h2>\n              <\/div>\n           <\/div><!-- text-box-inner -->\n                            \n<style scope=\"scope\">\n\n#text-box-1222117696 {\n  width: 55%;\n}\n#text-box-1222117696 .text {\n  font-size: 100%;\n}\n<\/style>\n    <\/div><!-- text-box -->\n \n        <\/div><!-- .banner-layers -->\n      <\/div><!-- .banner-inner -->\n\n              <div class=\"height-fix is-invisible\"><img loading=\"lazy\" decoding=\"async\" width=\"1400\" height=\"441\" src=\"https:\/\/seacare.com\/wp-content\/uploads\/2021\/03\/\u0431\u0430\u043d\u043d\u0435\u0440-\u0438\u043d\u0444\u043e\u0440\u043c\u0430\u0446\u0438\u044f.jpg\" class=\"attachment-orginal size-orginal\" alt=\"\" srcset=\"https:\/\/seacare.com\/wp-content\/uploads\/2021\/03\/\u0431\u0430\u043d\u043d\u0435\u0440-\u0438\u043d\u0444\u043e\u0440\u043c\u0430\u0446\u0438\u044f.jpg 1400w, https:\/\/seacare.com\/wp-content\/uploads\/2021\/03\/\u0431\u0430\u043d\u043d\u0435\u0440-\u0438\u043d\u0444\u043e\u0440\u043c\u0430\u0446\u0438\u044f-800x252.jpg 800w, https:\/\/seacare.com\/wp-content\/uploads\/2021\/03\/\u0431\u0430\u043d\u043d\u0435\u0440-\u0438\u043d\u0444\u043e\u0440\u043c\u0430\u0446\u0438\u044f-768x242.jpg 768w\" sizes=\"(max-width: 1400px) 100vw, 1400px\" \/><\/div>\n            \n<style scope=\"scope\">\n\n#banner-2002063972 .bg.bg-loaded {\n  background-image: url(https:\/\/seacare.com\/wp-content\/uploads\/2021\/03\/\u0431\u0430\u043d\u043d\u0435\u0440-\u0438\u043d\u0444\u043e\u0440\u043c\u0430\u0446\u0438\u044f.jpg);\n}\n<\/style>\n  <\/div><!-- .banner -->\n\n\n<div class=\"row\"  id=\"row-899266971\">\n<div class=\"col small-12 large-12\"  ><div class=\"col-inner\"  >\n<p><strong>SeaCare Group<\/strong>, \u00d6l\u00fc Deniz tuzlar\u0131, \u00e7amur ve mineralleri, aktif ya\u015flanma kar\u015f\u0131t\u0131 bile\u015fenler ve do\u011fal ya\u011flardan \u00fcretilen yenilik\u00e7i kozmetik ve \u015fifal\u0131 \u00fcr\u00fcnleri \u00fcretip da\u011f\u0131tan ve satan, merkezi Toronto\/Ontario\/Kanada&#8217;da bulunan uluslararas\u0131 bir kozmetik \u015firketidir.<\/p>\n<p>SeaCare, en iyi cilt bak\u0131m \u00fcr\u00fcnlerini \u00fcretmek i\u00e7in d\u00fcnyan\u0131n \u00f6nde gelen a\u015fa\u011f\u0131daki bilimsel ara\u015ft\u0131rma laboratuvarlar\u0131yla birlikte \u00e7al\u0131\u015f\u0131r:<\/p>\n<p><img decoding=\"async\" class=\"marker\" src=\"\/wp-content\/uploads\/2013\/08\/punkt.png\" \/>Sederma (Fransa): sarkm\u0131\u015f cilt, ya\u015fl\u0131l\u0131k lekeleri, kuruluk, geni\u015f g\u00f6zenekler ve p\u00fcr\u00fczl\u00fcl\u00fck dahil olmak \u00fczere t\u00fcm fonksiyonel ve yap\u0131sal ya\u015flanma belirtilerini geciktiren ve bunlarla m\u00fccadele eden g\u00fc\u00e7l\u00fc aktif ya\u015flanma kar\u015f\u0131t\u0131 bile\u015fenler olan Matrixyl\u00ae ve Renovage\u2122 maddelerini \u00fcretir.<br \/><img decoding=\"async\" class=\"marker\" src=\"\/wp-content\/uploads\/2013\/08\/punkt.png\" \/>Soliance (Fransa): h\u0131zl\u0131 ve kal\u0131c\u0131 bir gerdirme etkisi i\u00e7in cilt y\u00fczeyinde esnek bir tabaka olu\u015fturan yenilik\u00e7i bir aktif bile\u015fen olan Easyliance\u2122 maddesini \u00fcretir.<br \/><img decoding=\"async\" class=\"marker\" src=\"\/wp-content\/uploads\/2013\/08\/punkt.png\" \/>Gattefoss\u00e9 (Fransa): cilt i\u00e7in m\u00fckemmel nemlendirme ve zararl\u0131 \u00e7evre etkilerinden koruma sa\u011flayan do\u011fal bir em\u00fclgat\u00f6r olan Emulium\u00ae Mellifera maddesini \u00fcretir.<br \/><img decoding=\"async\" class=\"marker\" src=\"\/wp-content\/uploads\/2013\/08\/punkt.png\" \/>Sophim (Fransa): ya\u011f asitleri ve E vitamini dahil olmak \u00fczere faydal\u0131 besleyici maddeler bak\u0131m\u0131ndan son derece zengin olan, cildi nemlendiren ve yumu\u015fatan, cilde gen\u00e7 bir parlakl\u0131k veren ve k\u0131r\u0131\u015f\u0131kl\u0131klar\u0131n g\u00f6r\u00fcn\u00fcm\u00fcn\u00fc azaltan organik bile\u015fen olan argan ya\u011f\u0131n\u0131 \u00fcretir.<br \/><img decoding=\"async\" class=\"marker\" src=\"\/wp-content\/uploads\/2013\/08\/punkt.png\" \/>Greentech (Fransa): gen\u00e7le\u015ftirici etki elde etmek, cildi onarmak, iyile\u015ftirmek ve nemlendirmek i\u00e7in \u00f6nerilen esansiyel ya\u011f asitleriyle zenginle\u015ftirilmi\u015f olan Lipactive \u0130nca \u0130nchi ya\u011f\u0131n\u0131 \u00fcretir.<br \/><img decoding=\"async\" class=\"marker\" src=\"\/wp-content\/uploads\/2013\/08\/punkt.png\" \/>Mibelle (\u0130svi\u00e7re): do\u011fal korumay\u0131 destekleyen, k\u0131r\u0131\u015f\u0131kl\u0131klar\u0131 azaltan, cildi gen\u00e7le\u015ftiren ve antioksidan olarak i\u015flev yapan Koenzim Q10 maddesini \u00fcretir.<\/p>\n    <div class=\"img has-hover x md-x lg-x y md-y lg-y\" id=\"image_442674781\">\n                <div class=\"img-inner dark\" >\n        <img loading=\"lazy\" decoding=\"async\" width=\"994\" height=\"145\" src=\"https:\/\/seacare.com\/wp-content\/uploads\/2020\/10\/o-kompanii-3.png\" class=\"attachment-large size-large\" alt=\"about company\" srcset=\"https:\/\/seacare.com\/wp-content\/uploads\/2020\/10\/o-kompanii-3.png 994w, https:\/\/seacare.com\/wp-content\/uploads\/2020\/10\/o-kompanii-3-800x117.png 800w, https:\/\/seacare.com\/wp-content\/uploads\/2020\/10\/o-kompanii-3-768x112.png 768w\" sizes=\"(max-width: 994px) 100vw, 994px\" \/>                \n            <\/div>\n                   \n<style scope=\"scope\">\n\n<\/style>\n    <\/div>\n    \n<\/div><\/div>\n<div class=\"col medium-12 small-12 large-12\"  ><div class=\"col-inner\"  >\n<p>SeaCare Group uzmanlar\u0131, \u015firket laboratuvarlar\u0131nda g\u00fcnl\u00fck olarak yap\u0131lan \u00e7ok say\u0131daki kontrol testleri sayesinde \u00fcr\u00fcnlerin de\u011fi\u015fmeyen y\u00fcksek kalitesini garanti ederler. Her SeaCare \u00fcr\u00fcn\u00fc, en iyi do\u011fal i\u00e7erik bazl\u0131 olup paraben, propilen glikol, mineral ya\u011f, silikon, petrol jeli ve SLS i\u00e7ermez.<\/p>\n<p>SeaCare, geli\u015fmi\u015f aktif bile\u015fenleri kullanarak y\u00fcksek etkili geni\u015f \u00fcr\u00fcn yelpazesini sunar.<\/p>\n<p>\u00d6l\u00fc Deniz minerallerini i\u00e7eren t\u00fcm SeaCare \u00fcr\u00fcnleri, \u0130srail \u00dcreticileri Birli\u011fi ve \u0130srail Kozmetik \u00dcreticileri Birli\u011fi taraf\u0131ndan verilen Orijinal \u0130srail Y\u00fcksek Kaliteli \u00d6l\u00fc Deniz \u00dcr\u00fcnleri i\u015faretini ta\u015f\u0131r.<\/p>\n<p>T\u00fcm SeaCare organik kozmetik \u00fcr\u00fcnleri, ECOCERT\u00ae COSMOS ORGANIC logosunu ta\u015f\u0131r, kat\u0131 COSMOS standartlar\u0131na g\u00f6re \u00fcretilir ve ECOCERT sertifikal\u0131d\u0131r.<\/p>\n<p>SeaCare Group, g\u00fcvenebilece\u011finiz birinci s\u0131n\u0131f hizmet sunmaya kendini adam\u0131\u015ft\u0131r. M\u00fc\u015fteri hizmetleri departman\u0131m\u0131z, t\u00fcm ba\u015fvurulara bir i\u015fg\u00fcn\u00fc i\u00e7inde yan\u0131t vermeye \u00e7al\u0131\u015f\u0131r.<\/p>\n<p>SeaCare ile en iyi yenilik\u00e7i \u00fcr\u00fcnleri ve profesyonel g\u00fczellik uzmanlar\u0131m\u0131zdan bireysel tavsiyeleri alaca\u011f\u0131n\u0131zdan emin olabilirsiniz.<\/p>\n<\/div><\/div>\n<\/div>\n    <div class=\"img has-hover x md-x lg-x y md-y lg-y\" id=\"image_1377854289\">\n                <div class=\"img-inner dark\" style=\"margin:-19px 0px 0px 0px;\">\n        <img loading=\"lazy\" decoding=\"async\" width=\"1020\" height=\"95\" src=\"https:\/\/seacare.com\/wp-content\/uploads\/2020\/10\/\u041b\u043e\u0433\u043e\u0442\u0438\u043f-\u0434\u043b\u044f-\u0421\u0430\u0438\u0306\u0442\u0430-SeaCare-\u043a\u043e\u043f\u0438\u044f-1400x130.png\" class=\"attachment-large size-large\" alt=\"Logo for the SeaCare Website\" srcset=\"https:\/\/seacare.com\/wp-content\/uploads\/2020\/10\/\u041b\u043e\u0433\u043e\u0442\u0438\u043f-\u0434\u043b\u044f-\u0421\u0430\u0438\u0306\u0442\u0430-SeaCare-\u043a\u043e\u043f\u0438\u044f-1400x130.png 1400w, https:\/\/seacare.com\/wp-content\/uploads\/2020\/10\/\u041b\u043e\u0433\u043e\u0442\u0438\u043f-\u0434\u043b\u044f-\u0421\u0430\u0438\u0306\u0442\u0430-SeaCare-\u043a\u043e\u043f\u0438\u044f-800x74.png 800w, https:\/\/seacare.com\/wp-content\/uploads\/2020\/10\/\u041b\u043e\u0433\u043e\u0442\u0438\u043f-\u0434\u043b\u044f-\u0421\u0430\u0438\u0306\u0442\u0430-SeaCare-\u043a\u043e\u043f\u0438\u044f-768x71.png 768w\" sizes=\"(max-width: 1020px) 100vw, 1020px\" \/>                \n            <\/div>\n                   \n<style scope=\"scope\">\n\n<\/style>\n    <\/div>\n    \n<p><\/span><\/p>\n","protected":false},"excerpt":{"rendered":"","protected":false},"author":1,"featured_media":51814,"parent":0,"menu_order":0,"comment_status":"closed","ping_status":"closed","template":"","meta":{"footnotes":""},"_links":{"self":[{"href":"https:\/\/seacare.com\/tr\/wp-json\/wp\/v2\/pages\/51916"}],"collection":[{"href":"https:\/\/seacare.com\/tr\/wp-json\/wp\/v2\/pages"}],"about":[{"href":"https:\/\/seacare.com\/tr\/wp-json\/wp\/v2\/types\/page"}],"author":[{"embeddable":true,"href":"https:\/\/seacare.com\/tr\/wp-json\/wp\/v2\/users\/1"}],"replies":[{"embeddable":true,"href":"https:\/\/seacare.com\/tr\/wp-json\/wp\/v2\/comments?post=51916"}],"version-history":[{"count":2,"href":"https:\/\/seacare.com\/tr\/wp-json\/wp\/v2\/pages\/51916\/revisions"}],"predecessor-version":[{"id":51920,"href":"https:\/\/seacare.com\/tr\/wp-json\/wp\/v2\/pages\/51916\/revisions\/51920"}],"wp:featuredmedia":[{"embeddable":true,"href":"https:\/\/seacare.com\/tr\/wp-json\/wp\/v2\/media\/51814"}],"wp:attachment":[{"href":"https:\/\/seacare.com\/tr\/wp-json\/wp\/v2\/media?parent=51916"}],"curies":[{"name":"wp","href":"https:\/\/api.w.org\/{rel}","templated":true}]}}