{"id":51972,"date":"2022-02-03T15:29:41","date_gmt":"2022-02-03T12:29:41","guid":{"rendered":"https:\/\/seacare.com\/tr\/?page_id=51972"},"modified":"2023-04-18T16:03:16","modified_gmt":"2023-04-18T13:03:16","slug":"iletisim","status":"publish","type":"page","link":"https:\/\/seacare.com\/tr\/iletisim\/","title":{"rendered":"\u0130leti\u015fim"},"content":{"rendered":"<div class=\"row\"  id=\"row-1330357836\">\n<div class=\"col medium-6 large-6\"  ><div class=\"col-inner\"  >\n<div class=\"container section-title-container\" ><h3 class=\"section-title section-title-normal\"><b><\/b><span class=\"section-title-main\" style=\"font-size:100%;\">Bizimle ileti\u015fime ge\u00e7in<\/span><b><\/b><\/h3><\/div><!-- .section-title -->\n<p><strong>Merkez Ofis<\/strong> (Kuzey ve G\u00fcney Amerika, Asya ve Pasifik, Orta Do\u011fu ve Afrika):<br \/><strong>Telefon:<\/strong>\u00a0+1-833-SEACARE<br \/><strong>E-posta:\u00a0<\/strong><a href=\"mailto:sales@seacare.com\">sales@seacare.com<\/a><\/p>\n<p><strong>Avrupa Ofisi<\/strong>\u00a0(Avrupa Birli\u011fi, Birle\u015fik Krall\u0131k, Norve\u00e7, \u0130svi\u00e7re):<br \/><strong>E-posta:<\/strong>\u00a0<a href=\"mailto:sales@seacare.eu\">sales@seacare.eu<\/a><\/p>\n<p><strong>Avrasya Ofisi\u00a0<\/strong>((Avrasya Ekonomik Birli\u011fi, Ermenistan, Azerbaycan, G\u00fcrcistan, Moldova, Tacikistan, T\u00fcrkmenistan, Ukrayna, \u00d6zbekistan):<br \/><strong>Phone:<\/strong>\u00a0+7-800-707-3767<br \/><strong>Email:<\/strong><a href=\"mailto:sales@seacare.ru\">sales@seacare.ru<\/a><\/p>\n<\/div><\/div>\n<div class=\"col medium-6 large-6\"  ><div class=\"col-inner\"  >\n<div class=\"container section-title-container\" ><h3 class=\"section-title section-title-normal\"><b><\/b><span class=\"section-title-main\" style=\"font-size:100%;\">B\u0130ZE YAZINIZ<\/span><b><\/b><\/h3><\/div><!-- .section-title -->\n<div role=\"form\" class=\"wpcf7\" id=\"wpcf7-f51974-o1\" lang=\"ru-RU\" dir=\"ltr\">\n<div class=\"screen-reader-response\"><\/div>\n<form action=\"\/tr\/wp-json\/wp\/v2\/pages\/51972#wpcf7-f51974-o1\" method=\"post\" class=\"wpcf7-form\" novalidate=\"novalidate\">\n<div style=\"display: none;\">\n<input type=\"hidden\" name=\"_wpcf7\" value=\"51974\" \/>\n<input type=\"hidden\" name=\"_wpcf7_version\" value=\"5.1.7\" \/>\n<input type=\"hidden\" name=\"_wpcf7_locale\" value=\"ru_RU\" \/>\n<input type=\"hidden\" name=\"_wpcf7_unit_tag\" value=\"wpcf7-f51974-o1\" \/>\n<input type=\"hidden\" name=\"_wpcf7_container_post\" value=\"0\" \/>\n<\/div>\n<p><label> Ad\u0131n\u0131z (zorunlu)<br \/>\n    <span class=\"wpcf7-form-control-wrap your-name\"><input type=\"text\" name=\"your-name\" value=\"\" size=\"40\" class=\"wpcf7-form-control wpcf7-text wpcf7-validates-as-required\" aria-required=\"true\" aria-invalid=\"false\" \/><\/span> <\/label><\/p>\n<p><label> E-posta adresiniz (zorunlu)<br \/>\n    <span class=\"wpcf7-form-control-wrap your-email\"><input type=\"email\" name=\"your-email\" value=\"\" size=\"40\" class=\"wpcf7-form-control wpcf7-text wpcf7-email wpcf7-validates-as-required wpcf7-validates-as-email\" aria-required=\"true\" aria-invalid=\"false\" \/><\/span> <\/label><\/p>\n<p><label> \u0130leti\u015fim i\u00e7in telefon numaran\u0131z (zorunlu)<\/p>\n<p><span class=\"wpcf7-form-control-wrap tel-978\"><input type=\"tel\" name=\"tel-978\" value=\"\" size=\"40\" class=\"wpcf7-form-control wpcf7-text wpcf7-tel wpcf7-validates-as-required wpcf7-validates-as-tel\" aria-required=\"true\" aria-invalid=\"false\" \/><\/span><\/label><\/p>\n<p><label> Mesaj<br \/>\n    <span class=\"wpcf7-form-control-wrap your-message\"><textarea name=\"your-message\" cols=\"40\" rows=\"10\" class=\"wpcf7-form-control wpcf7-textarea\" aria-invalid=\"false\"><\/textarea><\/span> <\/label><\/p>\n<p><input type=\"submit\" value=\"G\u00d6NDER\" class=\"wpcf7-form-control wpcf7-submit\" \/><\/p>\n<p style=\"display: none !important;\"><label>&#916;<textarea name=\"_wpcf7_ak_hp_textarea\" cols=\"45\" rows=\"8\" maxlength=\"100\"><\/textarea><\/label><input type=\"hidden\" id=\"ak_js_1\" name=\"_wpcf7_ak_js\" value=\"3\"\/><script>document.getElementById( \"ak_js_1\" ).setAttribute( \"value\", ( new Date() ).getTime() );<\/script><\/p><div class=\"wpcf7-response-output wpcf7-display-none\"><\/div><\/form><\/div>\n<\/div><\/div>\n<\/div>\n","protected":false},"excerpt":{"rendered":"","protected":false},"author":1,"featured_media":0,"parent":0,"menu_order":0,"comment_status":"closed","ping_status":"closed","template":"page-blank.php","meta":{"footnotes":""},"_links":{"self":[{"href":"https:\/\/seacare.com\/tr\/wp-json\/wp\/v2\/pages\/51972"}],"collection":[{"href":"https:\/\/seacare.com\/tr\/wp-json\/wp\/v2\/pages"}],"about":[{"href":"https:\/\/seacare.com\/tr\/wp-json\/wp\/v2\/types\/page"}],"author":[{"embeddable":true,"href":"https:\/\/seacare.com\/tr\/wp-json\/wp\/v2\/users\/1"}],"replies":[{"embeddable":true,"href":"https:\/\/seacare.com\/tr\/wp-json\/wp\/v2\/comments?post=51972"}],"version-history":[{"count":7,"href":"https:\/\/seacare.com\/tr\/wp-json\/wp\/v2\/pages\/51972\/revisions"}],"predecessor-version":[{"id":64375,"href":"https:\/\/seacare.com\/tr\/wp-json\/wp\/v2\/pages\/51972\/revisions\/64375"}],"wp:attachment":[{"href":"https:\/\/seacare.com\/tr\/wp-json\/wp\/v2\/media?parent=51972"}],"curies":[{"name":"wp","href":"https:\/\/api.w.org\/{rel}","templated":true}]}}