{"id":51460,"date":"2020-07-16T10:46:13","date_gmt":"2022-02-01T10:43:16","guid":{"rendered":"https:\/\/seacare.com\/ru\/?post_type=product&#038;p=51460"},"modified":"2022-02-03T16:31:36","modified_gmt":"2022-02-03T13:31:36","slug":"el-suetue-150-ml-seacare","status":"publish","type":"product","link":"https:\/\/seacare.com\/tr\/product\/el-suetue-150-ml-seacare\/","title":{"rendered":"El S\u00fct\u00fc, 150 ml, Sea\u0421are"},"content":{"rendered":"<p>SeaCare el s\u00fct\u00fc, \u00f6zenle se\u00e7ilmi\u015f aktif bile\u015fen, do\u011fal ya\u011f ve mineral kombinasyonlar\u0131n\u0131 i\u00e7erir. Form\u00fcl\u00fc, \u00d6l\u00fc Deniz mineralleri ile zenginle\u015ftirilmi\u015f olup g\u00fc\u00e7l\u00fc antimikrobiyal, nemlendirici ve onar\u0131c\u0131 \u00f6zelliklere sahip \u00e7ok fonksiyonlu bir bile\u015fen olan Dermosoft OMP ve de cilt i\u00e7in dehidrasyon ve hassasiyete kar\u015f\u0131 geli\u015fmi\u015f bir koruma ve nemlendirme sa\u011flayan %100 do\u011fal bir bitki \u00f6z\u00fc olan Pentavitin i\u00e7erir. Hafif dokulu ve h\u0131zla emilen bu s\u00fct, ayr\u0131ca kuru veya p\u00fcr\u00fczl\u00fc cildin g\u00f6r\u00fcn\u00fcm\u00fcn\u00fc iyile\u015ftiren, pullanmay\u0131 azaltan ve cildin esnekli\u011fini geri kazand\u0131ran do\u011fal bir bile\u015fen olan cad\u0131 f\u0131nd\u0131\u011f\u0131, kolajen sentezini destekleyen ve ayn\u0131 zamanda cilt nemini koruyan hiyal\u00fcronik asit, cildi nemlendiren ve yumu\u015fatan etkili do\u011fal bile\u015fenler olan shea ya\u011f\u0131, badem ya\u011f\u0131 ve skualen ya\u011f\u0131 i\u00e7erir. SeaCare el s\u00fct\u00fc, yorgun cildi nemlendirir, rahatlat\u0131r ve yat\u0131\u015ft\u0131r\u0131r, yumu\u015fak, esnek ve p\u00fcr\u00fczs\u00fcz olmas\u0131n\u0131 sa\u011flar.<\/p>\n<p><strong>Kullan\u0131m \u015fekli:<\/strong> Tamamen emilene kadar dairesel masaj hareketleriyle ellerinize uygulay\u0131n.<\/p>\n<h3>Anahtar bile\u015fenler<\/h3>\n<hr \/>\n<div class=\"row\"  id=\"row-513587333\">\n<div class=\"col medium-6 small-12 large-6\"  ><div class=\"col-inner\"  >\n<div class=\"row\"  id=\"row-1469919661\">\n<div class=\"col medium-3 small-12 large-3\"  ><div class=\"col-inner\"  >\n    <div class=\"img has-hover x md-x lg-x y md-y lg-y\" id=\"image_373999221\">\n                <div class=\"img-inner dark\" >\n        <img loading=\"lazy\" decoding=\"async\" width=\"500\" height=\"500\" src=\"https:\/\/seacare.com\/wp-content\/uploads\/2017\/03\/minerals-1.png\" class=\"attachment-large size-large\" alt=\"\" srcset=\"https:\/\/seacare.com\/wp-content\/uploads\/2017\/03\/minerals-1.png 500w, https:\/\/seacare.com\/wp-content\/uploads\/2017\/03\/minerals-1-280x280.png 280w, https:\/\/seacare.com\/wp-content\/uploads\/2017\/03\/minerals-1-400x400.png 400w, https:\/\/seacare.com\/wp-content\/uploads\/2017\/03\/minerals-1-180x180.png 180w, https:\/\/seacare.com\/wp-content\/uploads\/2017\/03\/minerals-1-300x300.png 300w\" sizes=\"(max-width: 500px) 100vw, 500px\" \/>                \n            <\/div>\n                   \n<style scope=\"scope\">\n\n<\/style>\n    <\/div>\n    \n<\/div><\/div>\n<div class=\"col medium-9 small-12 large-9\"  ><div class=\"col-inner\"  >\n<h4>\u00d6l\u00fc Deniz Mineralleri<\/h4>\n<p>\u00d6l\u00fc Deniz, kan\u0131tlanm\u0131\u015f verilere g\u00f6re cildin g\u00f6r\u00fcn\u00fcm\u00fcn\u00fc iyile\u015ftiren ve sa\u011fl\u0131kl\u0131 ve gen\u00e7 kalmas\u0131n\u0131 sa\u011flayan 20\u2019den fazla mineral i\u00e7erir. \u00d6l\u00fc Deniz k\u0131y\u0131lar\u0131nda yeti\u015fen bitkiler bile <a href=\"\/tr\/oelue-deniz-mineralleri\/\">Etrafl\u0131ca&#8230;<\/a><\/p>\n<\/div><\/div>\n<\/div>\n<\/div><\/div>\n<div class=\"col medium-6 small-12 large-6\"  ><div class=\"col-inner\"  >\n<div class=\"row\"  id=\"row-580870522\">\n<div class=\"col medium-3 small-12 large-3\"  ><div class=\"col-inner\"  >\n    <div class=\"img has-hover x md-x lg-x y md-y lg-y\" id=\"image_1744536386\">\n                <div class=\"img-inner dark\" >\n        <img loading=\"lazy\" decoding=\"async\" width=\"500\" height=\"500\" src=\"https:\/\/seacare.com\/wp-content\/uploads\/2017\/03\/hamamelis.png\" class=\"attachment-large size-large\" alt=\"\" srcset=\"https:\/\/seacare.com\/wp-content\/uploads\/2017\/03\/hamamelis.png 500w, https:\/\/seacare.com\/wp-content\/uploads\/2017\/03\/hamamelis-280x280.png 280w, https:\/\/seacare.com\/wp-content\/uploads\/2017\/03\/hamamelis-400x400.png 400w, https:\/\/seacare.com\/wp-content\/uploads\/2017\/03\/hamamelis-180x180.png 180w, https:\/\/seacare.com\/wp-content\/uploads\/2017\/03\/hamamelis-300x300.png 300w\" sizes=\"(max-width: 500px) 100vw, 500px\" \/>                \n            <\/div>\n                   \n<style scope=\"scope\">\n\n<\/style>\n    <\/div>\n    \n<\/div><\/div>\n<div class=\"col medium-9 small-12 large-9\"  ><div class=\"col-inner\"  >\n<h4>Cad\u0131 F\u0131nd\u0131\u011f\u0131<\/h4>\n<p>Cad\u0131 f\u0131nd\u0131\u011f\u0131, cildi h\u00fccrelerindeki serbest radikallerin neden oldu\u011fu iltihaplanmaya kar\u015f\u0131 korur ve g\u00fc\u00e7l\u00fc bir yara iyile\u015ftirici olarak kabul edilir. Cad\u0131 f\u0131nd\u0131\u011f\u0131 sayesinde cilt proteinlerinin s\u0131k\u0131la\u015f\u0131p <a href=\"\/tr\/cadi-findigi\/\">Etrafl\u0131ca&#8230;<\/a><\/p>\n<\/div><\/div>\n<\/div>\n<\/div><\/div>\n<div class=\"col medium-6 small-12 large-6\"  ><div class=\"col-inner\"  >\n<div class=\"row\"  id=\"row-1586082366\">\n<div class=\"col medium-3 small-12 large-3\"  ><div class=\"col-inner\"  >\n    <div class=\"img has-hover x md-x lg-x y md-y lg-y\" id=\"image_672179049\">\n                <div class=\"img-inner dark\" >\n        <img loading=\"lazy\" decoding=\"async\" width=\"500\" height=\"500\" src=\"https:\/\/seacare.com\/wp-content\/uploads\/2017\/03\/pentavitin.png\" class=\"attachment-large size-large\" alt=\"\" srcset=\"https:\/\/seacare.com\/wp-content\/uploads\/2017\/03\/pentavitin.png 500w, https:\/\/seacare.com\/wp-content\/uploads\/2017\/03\/pentavitin-280x280.png 280w, https:\/\/seacare.com\/wp-content\/uploads\/2017\/03\/pentavitin-400x400.png 400w, https:\/\/seacare.com\/wp-content\/uploads\/2017\/03\/pentavitin-180x180.png 180w, https:\/\/seacare.com\/wp-content\/uploads\/2017\/03\/pentavitin-300x300.png 300w\" sizes=\"(max-width: 500px) 100vw, 500px\" \/>                \n            <\/div>\n                   \n<style scope=\"scope\">\n\n<\/style>\n    <\/div>\n    \n<\/div><\/div>\n<div class=\"col medium-9 small-12 large-9\"  ><div class=\"col-inner\"  >\n<h4>PENTAVITIN\u00ae<\/h4>\n<p>PENTAVITIN\u00ae (okunu\u015fu: Pentavitin), %100 do\u011fal bitkisel bir bile\u015fendir. Etkinli\u011fi, insan cildindeki karbonhidrat kompleksine benzeyen e\u015fsiz bir i\u00e7eri\u011fi ve de cilt ve sa\u00e7 derisi taraf\u0131ndan <a href=\"\/tr\/pentavitin\/\">Etrafl\u0131ca&#8230;<\/a><\/p>\n<\/div><\/div>\n<\/div>\n<\/div><\/div>\n<div class=\"col medium-6 small-12 large-6\"  ><div class=\"col-inner\"  >\n<div class=\"row\"  id=\"row-1798129315\">\n<div class=\"col medium-3 small-12 large-3\"  ><div class=\"col-inner\"  >\n    <div class=\"img has-hover x md-x lg-x y md-y lg-y\" id=\"image_689099852\">\n                <div class=\"img-inner dark\" >\n        <img loading=\"lazy\" decoding=\"async\" width=\"500\" height=\"500\" src=\"https:\/\/seacare.com\/wp-content\/uploads\/2020\/07\/3.jpg\" class=\"attachment-large size-large\" alt=\"\" srcset=\"https:\/\/seacare.com\/wp-content\/uploads\/2020\/07\/3.jpg 500w, https:\/\/seacare.com\/wp-content\/uploads\/2020\/07\/3-247x247.jpg 247w, https:\/\/seacare.com\/wp-content\/uploads\/2020\/07\/3-400x400.jpg 400w, https:\/\/seacare.com\/wp-content\/uploads\/2020\/07\/3-180x180.jpg 180w\" sizes=\"(max-width: 500px) 100vw, 500px\" \/>                \n            <\/div>\n                   \n<style scope=\"scope\">\n\n<\/style>\n    <\/div>\n    \n<\/div><\/div>\n<div class=\"col medium-9 small-12 large-9\"  ><div class=\"col-inner\"  >\n<h4>Dermosoft\u00ae OMP<\/h4>\n<p>Dermosoft\u00ae OMP, g\u00fc\u00e7l\u00fc antimikrobiyal, nemlendirici ve yenileyici \u00f6zelliklere sahip \u00e7ok fonksiyonlu bir kozmetik bile\u015fendir. Cilt nemini korumaya yard\u0131mc\u0131 olan ve \u00e7o\u011fu kozmetik form\u00fclasyonu <a href=\"\/tr\/dermosoft-omp\/\">Etrafl\u0131ca&#8230;<\/a><\/p>\n<\/div><\/div>\n<\/div>\n<\/div><\/div>\n<div class=\"col medium-6 small-12 large-6\"  ><div class=\"col-inner\"  >\n<div class=\"row\"  id=\"row-2105363204\">\n<div class=\"col medium-3 small-12 large-3\"  ><div class=\"col-inner\"  >\n    <div class=\"img has-hover x md-x lg-x y md-y lg-y\" id=\"image_864472479\">\n                <div class=\"img-inner dark\" >\n        <img loading=\"lazy\" decoding=\"async\" width=\"500\" height=\"500\" src=\"https:\/\/seacare.com\/wp-content\/uploads\/2017\/03\/shea.png\" class=\"attachment-large size-large\" alt=\"\" srcset=\"https:\/\/seacare.com\/wp-content\/uploads\/2017\/03\/shea.png 500w, https:\/\/seacare.com\/wp-content\/uploads\/2017\/03\/shea-280x280.png 280w, https:\/\/seacare.com\/wp-content\/uploads\/2017\/03\/shea-400x400.png 400w, https:\/\/seacare.com\/wp-content\/uploads\/2017\/03\/shea-180x180.png 180w, https:\/\/seacare.com\/wp-content\/uploads\/2017\/03\/shea-300x300.png 300w\" sizes=\"(max-width: 500px) 100vw, 500px\" \/>                \n            <\/div>\n                   \n<style scope=\"scope\">\n\n<\/style>\n    <\/div>\n    \n<\/div><\/div>\n<div class=\"col medium-9 small-12 large-9\"  ><div class=\"col-inner\"  >\n<h4>Shea Ya\u011f\u0131<\/h4>\n<p>Shea ya\u011f\u0131, leke, k\u0131r\u0131\u015f\u0131kl\u0131k, egzama ve dermatit gibi cilt sorunlar\u0131n\u0131n giderilmesi i\u00e7in \u00f6nemlidir. Ayr\u0131ca alerji, b\u00f6cek \u0131s\u0131r\u0131klar\u0131, yan\u0131k, donma ve di\u011fer cilt rahats\u0131zl\u0131klar\u0131n\u0131 tedavi edici \u00f6zelliklere  <a href=\"\/tr\/shea-yagi\/\">Etrafl\u0131ca&#8230;<\/a><\/p>\n<\/div><\/div>\n<\/div>\n<\/div><\/div>\n<div class=\"col medium-6 small-12 large-6\"  ><div class=\"col-inner\"  >\n<div class=\"row\"  id=\"row-1160278213\">\n<div class=\"col medium-3 small-12 large-3\"  ><div class=\"col-inner\"  >\n    <div class=\"img has-hover x md-x lg-x y md-y lg-y\" id=\"image_175584955\">\n                <div class=\"img-inner dark\" >\n        <img loading=\"lazy\" decoding=\"async\" width=\"500\" height=\"500\" src=\"https:\/\/seacare.com\/wp-content\/uploads\/2017\/03\/mindal.png\" class=\"attachment-large size-large\" alt=\"\" srcset=\"https:\/\/seacare.com\/wp-content\/uploads\/2017\/03\/mindal.png 500w, https:\/\/seacare.com\/wp-content\/uploads\/2017\/03\/mindal-280x280.png 280w, https:\/\/seacare.com\/wp-content\/uploads\/2017\/03\/mindal-400x400.png 400w, https:\/\/seacare.com\/wp-content\/uploads\/2017\/03\/mindal-180x180.png 180w, https:\/\/seacare.com\/wp-content\/uploads\/2017\/03\/mindal-300x300.png 300w\" sizes=\"(max-width: 500px) 100vw, 500px\" \/>                \n            <\/div>\n                   \n<style scope=\"scope\">\n\n<\/style>\n    <\/div>\n    \n<\/div><\/div>\n<div class=\"col medium-9 small-12 large-9\"  ><div class=\"col-inner\"  >\n<h4>Badem Ya\u011f\u0131<\/h4>\n<p>G\u00fcnl\u00fck sa\u00e7 bak\u0131m\u0131nda kullan\u0131lan tatl\u0131 badem ya\u011f\u0131 \u00f6zl\u00fc do\u011fal bak\u0131m \u00fcr\u00fcnleri ile sa\u00e7lar\u0131n\u0131z parlak, g\u00fc\u00e7l\u00fc ve sa\u011fl\u0131kl\u0131 olur. Tatl\u0131 badem ya\u011f\u0131ndaki vitamin, ya\u011flar ve di\u011fer faydal\u0131 bile\u015fenler sa\u00e7lar\u0131n\u0131z\u0131 <a href=\"\/tr\/badem-yagi\/\">Etrafl\u0131ca&#8230;<\/a><\/p>\n<\/div><\/div>\n<\/div>\n<\/div><\/div>\n<div class=\"col medium-6 small-12 large-6\"  ><div class=\"col-inner\"  >\n<div class=\"row\"  id=\"row-256673368\">\n<div class=\"col medium-3 small-12 large-3\"  ><div class=\"col-inner\"  >\n    <div class=\"img has-hover x md-x lg-x y md-y lg-y\" id=\"image_2108576700\">\n                <div class=\"img-inner dark\" >\n        <img loading=\"lazy\" decoding=\"async\" width=\"500\" height=\"500\" src=\"https:\/\/seacare.com\/wp-content\/uploads\/2018\/10\/Squalin2png.png\" class=\"attachment-large size-large\" alt=\"\u0421\u043a\u0432\u0430\u043b\u0430\u043d\u043e\u0432\u043e\u0435 \u043c\u0430\u0441\u043b\u043e\" srcset=\"https:\/\/seacare.com\/wp-content\/uploads\/2018\/10\/Squalin2png.png 500w, https:\/\/seacare.com\/wp-content\/uploads\/2018\/10\/Squalin2png-247x247.png 247w, https:\/\/seacare.com\/wp-content\/uploads\/2018\/10\/Squalin2png-400x400.png 400w, https:\/\/seacare.com\/wp-content\/uploads\/2018\/10\/Squalin2png-180x180.png 180w\" sizes=\"(max-width: 500px) 100vw, 500px\" \/>                \n            <\/div>\n                   \n<style scope=\"scope\">\n\n<\/style>\n    <\/div>\n    \n<\/div><\/div>\n<div class=\"col medium-9 small-12 large-9\"  ><div class=\"col-inner\"  >\n<h4>Skualen Ya\u011f\u0131<\/h4>\n<p>Skualen ya\u011f\u0131, m\u00fckemmel bir nemlendirici olup cildi yumu\u015fak ve ipeksi hale getirir. Ya\u015fl\u0131l\u0131k lekelerine ve erken ya\u015flanmaya neden olabilecek serbest radikallerden korumaya yard\u0131mc\u0131 olur.  <a href=\"\/tr\/skualen-yagi\/\">Etrafl\u0131ca&#8230;<\/a><\/p>\n<\/div><\/div>\n<\/div>\n<\/div><\/div>\n<div class=\"col medium-6 small-12 large-6\"  ><div class=\"col-inner\"  >\n<div class=\"row\"  id=\"row-1090377537\">\n<div class=\"col medium-3 small-12 large-3\"  ><div class=\"col-inner\"  >\n    <div class=\"img has-hover x md-x lg-x y md-y lg-y\" id=\"image_1406346891\">\n                <div class=\"img-inner dark\" >\n        <img loading=\"lazy\" decoding=\"async\" width=\"500\" height=\"500\" src=\"https:\/\/seacare.com\/wp-content\/uploads\/2020\/07\/Hyaluronic-Acid.png\" class=\"attachment-large size-large\" alt=\"\" srcset=\"https:\/\/seacare.com\/wp-content\/uploads\/2020\/07\/Hyaluronic-Acid.png 500w, https:\/\/seacare.com\/wp-content\/uploads\/2020\/07\/Hyaluronic-Acid-247x247.png 247w, https:\/\/seacare.com\/wp-content\/uploads\/2020\/07\/Hyaluronic-Acid-400x400.png 400w, https:\/\/seacare.com\/wp-content\/uploads\/2020\/07\/Hyaluronic-Acid-180x180.png 180w\" sizes=\"(max-width: 500px) 100vw, 500px\" \/>                \n            <\/div>\n                   \n<style scope=\"scope\">\n\n<\/style>\n    <\/div>\n    \n<\/div><\/div>\n<div class=\"col medium-9 small-12 large-9\"  ><div class=\"col-inner\"  >\n<h4>Hiyal\u00fcronik Asit<\/h4>\n<p>Hiyal\u00fcronik asit, bir\u00e7ok ya\u015flanma kar\u015f\u0131t\u0131 ve cilt bak\u0131m \u00fcr\u00fcn\u00fcn\u00fcn anahtar bile\u015fenidir. Cildi nemlendirmek, k\u0131r\u0131\u015f\u0131kl\u0131k olu\u015fumunu azaltmak, cilt s\u0131kl\u0131\u011f\u0131n\u0131 art\u0131rmak i\u00e7in kullan\u0131l\u0131r ve serum, krem ve  <a href=\"\/tr\/hiyalueronik-asit\/\">Etrafl\u0131ca&#8230;<\/a><\/p>\n<\/div><\/div>\n<\/div>\n<\/div><\/div>\n<\/div>\n<h3>Serideki di\u011fer \u00fcr\u00fcnler<\/h3>\n\n  \n    <div class=\"row large-columns-4 medium-columns- small-columns-2 row-small slider row-slider slider-nav-reveal slider-nav-push\"  data-flickity-options='{\"imagesLoaded\": true, \"groupCells\": \"100%\", \"dragThreshold\" : 5, \"cellAlign\": \"left\",\"wrapAround\": true,\"prevNextButtons\": true,\"percentPosition\": true,\"pageDots\": false, \"rightToLeft\": false, \"autoPlay\" : false}'>\n\n  \t<\/div>\n<h3>Di\u011fer serilerdeki benzer \u00fcr\u00fcnler<\/h3>\n\n  \n    <div class=\"row large-columns-4 medium-columns- small-columns-2 row-small slider row-slider slider-nav-reveal slider-nav-push\"  data-flickity-options='{\"imagesLoaded\": true, \"groupCells\": \"100%\", \"dragThreshold\" : 5, \"cellAlign\": \"left\",\"wrapAround\": true,\"prevNextButtons\": true,\"percentPosition\": true,\"pageDots\": false, \"rightToLeft\": false, \"autoPlay\" : false}'>\n\n  \t\n\t            \t\t\t\t\t\n<div class=\"product-small col has-hover post-51699 product type-product status-publish has-post-thumbnail product_cat-el-ve-ayak-kremleri product_cat-erkek-bakim-ueruenleri product_cat-vuecut-bakim-ueruenleri product_tag-erkekler-icin product_tag-guezel-cilt product_tag-pueruezsuez-cilt first instock shipping-taxable purchasable product-type-simple\">\n\t<div class=\"col-inner\">\t\n\t\n<div class=\"badge-container absolute left top z-1\">\n<\/div>\t<div class=\"product-small box \">\n\t\t<div class=\"box-image\">\n\t\t\t<div class=\"image-none\">\n\t\t\t\t<a href=\"https:\/\/seacare.com\/tr\/product\/erkek-el-kremi-150-ml-seacare\/\">\n\t\t\t\t\t<img loading=\"lazy\" decoding=\"async\" width=\"247\" height=\"300\" src=\"https:\/\/seacare.com\/wp-content\/uploads\/2020\/07\/Hand-Cream-Men-SC-1-copy-247x300.jpg\" class=\"attachment-shop_catalog size-shop_catalog wp-post-image\" alt=\"Hand Cream Men SC\" title=\"Hand Cream Men SC\" \/>\t\t\t\t<\/a>\n\t\t\t<\/div>\n\t\t\t<div class=\"image-tools is-small top right show-on-hover\">\n\t\t\t\t\t\t\t<\/div>\n\t\t\t<div class=\"image-tools is-small hide-for-small bottom left show-on-hover\">\n\t\t\t\t\t\t\t<\/div>\n\t\t\t<div class=\"image-tools grid-tools text-center hide-for-small bottom hover-slide-in show-on-hover\">\n\t\t\t\t  <a class=\"quick-view\" data-prod=\"51699\" href=\"#quick-view\">Quick View<\/a>\t\t\t<\/div>\n\t\t\t\t\t<\/div><!-- box-image -->\n\n\t\t<div class=\"box-text box-text-products\">\n\t\t\t<div class=\"title-wrapper\">  <p class=\"category uppercase is-smaller no-text-overflow product-cat op-7\">\n        El ve ayak kremleri   <\/p> <p class=\"name product-title\"><a href=\"https:\/\/seacare.com\/tr\/product\/erkek-el-kremi-150-ml-seacare\/\">Erkek el kremi, 150 ml, SeaCare<\/a><\/p><\/div><div class=\"price-wrapper\">\n\t<span class=\"price\"><span class=\"woocommerce-Price-amount amount\"><span class=\"woocommerce-Price-currencySymbol\">&#36;<\/span>&nbsp;28.90<\/span><\/span>\n<\/div>\t\t<\/div><!-- box-text -->\n\t<\/div><!-- box -->\n\t\t<\/div><!-- .col-inner -->\n<\/div><!-- col -->\t            \t\t\t\t\t\n<div class=\"product-small col has-hover post-51603 product type-product status-publish has-post-thumbnail product_cat-el-ve-ayak-kremleri product_cat-organik-bakim-ueruenleri product_cat-organik-spa-serisi product_cat-vuecut-bakim-ueruenleri product_tag-guezel-cilt product_tag-pueruezsuez-cilt  instock shipping-taxable purchasable product-type-simple\">\n\t<div class=\"col-inner\">\t\n\t\n<div class=\"badge-container absolute left top z-1\">\n<\/div>\t<div class=\"product-small box \">\n\t\t<div class=\"box-image\">\n\t\t\t<div class=\"image-none\">\n\t\t\t\t<a href=\"https:\/\/seacare.com\/tr\/product\/organik-el-kremi-150-ml-seacare\/\">\n\t\t\t\t\t<img loading=\"lazy\" decoding=\"async\" width=\"247\" height=\"300\" src=\"https:\/\/seacare.com\/wp-content\/uploads\/2020\/06\/Organic-Care-Hand-Cream-SC-1-copy-247x300.jpg\" class=\"attachment-shop_catalog size-shop_catalog wp-post-image\" alt=\"Organic Care Hand Cream \u041b\u0435\u0442\u0443\u0430\u043b\u044c\" title=\"Organic Care Hand Cream \u041b\u0435\u0442\u0443\u0430\u043b\u044c\" \/>\t\t\t\t<\/a>\n\t\t\t<\/div>\n\t\t\t<div class=\"image-tools is-small top right show-on-hover\">\n\t\t\t\t\t\t\t<\/div>\n\t\t\t<div class=\"image-tools is-small hide-for-small bottom left show-on-hover\">\n\t\t\t\t\t\t\t<\/div>\n\t\t\t<div class=\"image-tools grid-tools text-center hide-for-small bottom hover-slide-in show-on-hover\">\n\t\t\t\t  <a class=\"quick-view\" data-prod=\"51603\" href=\"#quick-view\">Quick View<\/a>\t\t\t<\/div>\n\t\t\t\t\t<\/div><!-- box-image -->\n\n\t\t<div class=\"box-text box-text-products\">\n\t\t\t<div class=\"title-wrapper\">  <p class=\"category uppercase is-smaller no-text-overflow product-cat op-7\">\n        El ve ayak kremleri   <\/p> <p class=\"name product-title\"><a href=\"https:\/\/seacare.com\/tr\/product\/organik-el-kremi-150-ml-seacare\/\">Organik el kremi, 150 ml, SeaCare<\/a><\/p><\/div><div class=\"price-wrapper\">\n\t<span class=\"price\"><span class=\"woocommerce-Price-amount amount\"><span class=\"woocommerce-Price-currencySymbol\">&#36;<\/span>&nbsp;36.90<\/span><\/span>\n<\/div>\t\t<\/div><!-- box-text -->\n\t<\/div><!-- box -->\n\t\t<\/div><!-- .col-inner -->\n<\/div><!-- col -->\t            \t\t\t\t\t\n<div class=\"product-small col has-hover post-51763 product type-product status-publish has-post-thumbnail product_cat-el-ve-ayak-kremleri product_cat-erkek-bakim-ueruenleri product_cat-vuecut-bakim-ueruenleri product_tag-guezel-cilt product_tag-pueruezsuez-cilt  instock shipping-taxable purchasable product-type-simple\">\n\t<div class=\"col-inner\">\t\n\t\n<div class=\"badge-container absolute left top z-1\">\n<\/div>\t<div class=\"product-small box \">\n\t\t<div class=\"box-image\">\n\t\t\t<div class=\"image-none\">\n\t\t\t\t<a href=\"https:\/\/seacare.com\/tr\/product\/erkek-ayak-bacak-kremi-150-ml-seacare\/\">\n\t\t\t\t\t<img loading=\"lazy\" decoding=\"async\" width=\"247\" height=\"300\" src=\"https:\/\/seacare.com\/wp-content\/uploads\/2021\/01\/Foot-Cream-Men-SC-1-copy-247x300.jpg\" class=\"attachment-shop_catalog size-shop_catalog wp-post-image\" alt=\"Foot Cream Men SC\" title=\"Foot Cream Men SC\" \/>\t\t\t\t<\/a>\n\t\t\t<\/div>\n\t\t\t<div class=\"image-tools is-small top right show-on-hover\">\n\t\t\t\t\t\t\t<\/div>\n\t\t\t<div class=\"image-tools is-small hide-for-small bottom left show-on-hover\">\n\t\t\t\t\t\t\t<\/div>\n\t\t\t<div class=\"image-tools grid-tools text-center hide-for-small bottom hover-slide-in show-on-hover\">\n\t\t\t\t  <a class=\"quick-view\" data-prod=\"51763\" href=\"#quick-view\">Quick View<\/a>\t\t\t<\/div>\n\t\t\t\t\t<\/div><!-- box-image -->\n\n\t\t<div class=\"box-text box-text-products\">\n\t\t\t<div class=\"title-wrapper\">  <p class=\"category uppercase is-smaller no-text-overflow product-cat op-7\">\n        El ve ayak kremleri   <\/p> <p class=\"name product-title\"><a href=\"https:\/\/seacare.com\/tr\/product\/erkek-ayak-bacak-kremi-150-ml-seacare\/\">Erkek ayak\/bacak kremi, 150 ml, SeaCare<\/a><\/p><\/div><div class=\"price-wrapper\">\n\t<span class=\"price\"><span class=\"woocommerce-Price-amount amount\"><span class=\"woocommerce-Price-currencySymbol\">&#36;<\/span>&nbsp;28.90<\/span><\/span>\n<\/div>\t\t<\/div><!-- box-text -->\n\t<\/div><!-- box -->\n\t\t<\/div><!-- .col-inner -->\n<\/div><!-- col -->\t            \t\t\t\t\t\n<div class=\"product-small col has-hover post-51611 product type-product status-publish has-post-thumbnail product_cat-el-ve-ayak-kremleri product_cat-organik-bakim-ueruenleri product_cat-organik-spa-serisi product_cat-vuecut-bakim-ueruenleri product_tag-guezel-cilt product_tag-pueruezsuez-cilt last instock shipping-taxable purchasable product-type-simple\">\n\t<div class=\"col-inner\">\t\n\t\n<div class=\"badge-container absolute left top z-1\">\n<\/div>\t<div class=\"product-small box \">\n\t\t<div class=\"box-image\">\n\t\t\t<div class=\"image-none\">\n\t\t\t\t<a href=\"https:\/\/seacare.com\/tr\/product\/organik-ayak-bacak-kremi-150-ml-seacare\/\">\n\t\t\t\t\t<img loading=\"lazy\" decoding=\"async\" width=\"247\" height=\"300\" src=\"https:\/\/seacare.com\/wp-content\/uploads\/2020\/06\/Organic-Care-Foot-Cream-SC-1-copy-247x300.jpg\" class=\"attachment-shop_catalog size-shop_catalog wp-post-image\" alt=\"Organic Care Foot Cream SC\" title=\"Organic Care Foot Cream SC\" \/>\t\t\t\t<\/a>\n\t\t\t<\/div>\n\t\t\t<div class=\"image-tools is-small top right show-on-hover\">\n\t\t\t\t\t\t\t<\/div>\n\t\t\t<div class=\"image-tools is-small hide-for-small bottom left show-on-hover\">\n\t\t\t\t\t\t\t<\/div>\n\t\t\t<div class=\"image-tools grid-tools text-center hide-for-small bottom hover-slide-in show-on-hover\">\n\t\t\t\t  <a class=\"quick-view\" data-prod=\"51611\" href=\"#quick-view\">Quick View<\/a>\t\t\t<\/div>\n\t\t\t\t\t<\/div><!-- box-image -->\n\n\t\t<div class=\"box-text box-text-products\">\n\t\t\t<div class=\"title-wrapper\">  <p class=\"category uppercase is-smaller no-text-overflow product-cat op-7\">\n        El ve ayak kremleri   <\/p> <p class=\"name product-title\"><a href=\"https:\/\/seacare.com\/tr\/product\/organik-ayak-bacak-kremi-150-ml-seacare\/\">Organik ayak\/bacak kremi, 150 ml, SeaCare<\/a><\/p><\/div><div class=\"price-wrapper\">\n\t<span class=\"price\"><span class=\"woocommerce-Price-amount amount\"><span class=\"woocommerce-Price-currencySymbol\">&#36;<\/span>&nbsp;36.90<\/span><\/span>\n<\/div>\t\t<\/div><!-- box-text -->\n\t<\/div><!-- box -->\n\t\t<\/div><!-- .col-inner -->\n<\/div><!-- col -->\t            \n\t        <\/div>\n","protected":false},"excerpt":{"rendered":"<p>normal ve kuru ciltler i\u00e7in<br \/>\n150 ml &#8211; 5.07 fl.oz.<\/p>\n","protected":false},"featured_media":59445,"comment_status":"open","ping_status":"closed","template":"","meta":[],"_links":{"self":[{"href":"https:\/\/seacare.com\/tr\/wp-json\/wp\/v2\/product\/51460"}],"collection":[{"href":"https:\/\/seacare.com\/tr\/wp-json\/wp\/v2\/product"}],"about":[{"href":"https:\/\/seacare.com\/tr\/wp-json\/wp\/v2\/types\/product"}],"replies":[{"embeddable":true,"href":"https:\/\/seacare.com\/tr\/wp-json\/wp\/v2\/comments?post=51460"}],"wp:featuredmedia":[{"embeddable":true,"href":"https:\/\/seacare.com\/tr\/wp-json\/wp\/v2\/media\/59445"}],"wp:attachment":[{"href":"https:\/\/seacare.com\/tr\/wp-json\/wp\/v2\/media?parent=51460"}],"curies":[{"name":"wp","href":"https:\/\/api.w.org\/{rel}","templated":true}]}}