{"id":51472,"date":"2017-03-01T17:17:34","date_gmt":"2022-02-01T11:12:10","guid":{"rendered":"https:\/\/seacare.com\/ru\/?post_type=product&#038;p=51472"},"modified":"2022-02-03T16:30:04","modified_gmt":"2022-02-03T13:30:04","slug":"camur-sac-kremi-400-ml-seacare","status":"publish","type":"product","link":"https:\/\/seacare.com\/tr\/product\/camur-sac-kremi-400-ml-seacare\/","title":{"rendered":"\u00c7amur sa\u00e7 kremi, 400 ml, SeaCare"},"content":{"rendered":"<p>SeaCare \u00e7amur sa\u00e7 kremi, SeaCare \u00e7amur \u015fampuan\u0131n\u0131n kapsaml\u0131 temizleyici ve besleyici etkisini tamamlamak i\u00e7in geli\u015ftirilmi\u015ftir. Sa\u00e7 kremi, her sa\u00e7 telini besleyici bir tabaka ile kaplar ve iklimsel hasarlardan korur. Yenilik\u00e7i sa\u00e7 kremi form\u00fcl\u00fc \u00d6l\u00fc Deniz mineralleri ile zenginle\u015ftirilmi\u015ftir. \u00d6l\u00fc Deniz \u00e7amuru bazl\u0131 sa\u00e7 kremi, sa\u00e7lar\u0131 ve sa\u00e7 derisini minerallerle besler, g\u00fc\u00e7lendirir ve esnekli\u011fini art\u0131r\u0131r. Sa\u00e7lar\u0131 koruyan ve parlak, p\u00fcr\u00fczs\u00fcz, esnek ve kolay \u015fekillendirebilir hale getiren aktif bir bile\u015fen olan Abil Soft AF-300 ve harika bir do\u011fal nemlendirici olan badem ya\u011f\u0131 i\u00e7erir. \u00c7amur sa\u00e7 kremi, sa\u00e7lar\u0131n\u0131z\u0131 temizler, tazeler, esnek ve sa\u011fl\u0131kl\u0131 olmas\u0131n\u0131 sa\u011flar. Sa\u00e7 kremi, sa\u00e7lar\u0131n \u00e7ok ho\u015f ve yumu\u015fak bir koku ile p\u00fcr\u00fczs\u00fcz ve g\u00fc\u00e7l\u00fc kalmas\u0131n\u0131 sa\u011flayarak her g\u00fcn kullan\u0131labilir. Sa\u00e7 kreminin d\u00fczenli kullan\u0131m\u0131 sa\u00e7lar\u0131 g\u00fc\u00e7lendirir ve hasarlanmas\u0131n\u0131 \u00f6nlemeye yard\u0131mc\u0131 olur.<\/p>\n<p>Paraben, propilen glikol, silikon, mineral ya\u011f, petrol jeli, SLS i\u00e7ermez.<\/p>\n<p><strong>Kullan\u0131m \u015fekli:<\/strong> SeaCare \u00e7amur \u015fampuan\u0131 uyguland\u0131ktan sonra sa\u00e7lar\u0131n\u0131za uygulay\u0131n, 2 dakika bekleyip iyice durulay\u0131n.<\/p>\n<h3>Anahtar bile\u015fenler<\/h3>\n<hr \/>\n<div class=\"row\"  id=\"row-74443764\">\n<div class=\"col medium-6 small-12 large-6\"  ><div class=\"col-inner\"  >\n<div class=\"row\"  id=\"row-433103548\">\n<div class=\"col medium-3 small-12 large-3\"  ><div class=\"col-inner\"  >\n    <div class=\"img has-hover x md-x lg-x y md-y lg-y\" id=\"image_146386343\">\n                <div class=\"img-inner dark\" >\n        <img loading=\"lazy\" decoding=\"async\" width=\"500\" height=\"500\" src=\"https:\/\/seacare.com\/wp-content\/uploads\/2017\/03\/minerals-1.png\" class=\"attachment-large size-large\" alt=\"\" srcset=\"https:\/\/seacare.com\/wp-content\/uploads\/2017\/03\/minerals-1.png 500w, https:\/\/seacare.com\/wp-content\/uploads\/2017\/03\/minerals-1-280x280.png 280w, https:\/\/seacare.com\/wp-content\/uploads\/2017\/03\/minerals-1-400x400.png 400w, https:\/\/seacare.com\/wp-content\/uploads\/2017\/03\/minerals-1-180x180.png 180w, https:\/\/seacare.com\/wp-content\/uploads\/2017\/03\/minerals-1-300x300.png 300w\" sizes=\"(max-width: 500px) 100vw, 500px\" \/>                \n            <\/div>\n                   \n<style scope=\"scope\">\n\n<\/style>\n    <\/div>\n    \n<\/div><\/div>\n<div class=\"col medium-9 small-12 large-9\"  ><div class=\"col-inner\"  >\n<h4>\u00d6l\u00fc Deniz Mineralleri<\/h4>\n<p>\u00d6l\u00fc Deniz, kan\u0131tlanm\u0131\u015f verilere g\u00f6re cildin g\u00f6r\u00fcn\u00fcm\u00fcn\u00fc iyile\u015ftiren ve sa\u011fl\u0131kl\u0131 ve gen\u00e7 kalmas\u0131n\u0131 sa\u011flayan 20\u2019den fazla mineral i\u00e7erir. \u00d6l\u00fc Deniz k\u0131y\u0131lar\u0131nda yeti\u015fen bitkiler bile <a href=\"\/tr\/oelue-deniz-mineralleri\/\">Etrafl\u0131ca&#8230;<\/a><\/p>\n<\/div><\/div>\n<\/div>\n<\/div><\/div>\n<div class=\"col medium-6 small-12 large-6\"  ><div class=\"col-inner\"  >\n<div class=\"row\"  id=\"row-933540970\">\n<div class=\"col medium-3 small-12 large-3\"  ><div class=\"col-inner\"  >\n    <div class=\"img has-hover x md-x lg-x y md-y lg-y\" id=\"image_1608477313\">\n                <div class=\"img-inner dark\" >\n        <img loading=\"lazy\" decoding=\"async\" width=\"500\" height=\"500\" src=\"https:\/\/seacare.com\/wp-content\/uploads\/2020\/07\/\u0413\u0440\u044f\u0437\u044c.jpg\" class=\"attachment-large size-large\" alt=\"Dead sea Mud\" srcset=\"https:\/\/seacare.com\/wp-content\/uploads\/2020\/07\/\u0413\u0440\u044f\u0437\u044c.jpg 500w, https:\/\/seacare.com\/wp-content\/uploads\/2020\/07\/\u0413\u0440\u044f\u0437\u044c-247x247.jpg 247w, https:\/\/seacare.com\/wp-content\/uploads\/2020\/07\/\u0413\u0440\u044f\u0437\u044c-400x400.jpg 400w, https:\/\/seacare.com\/wp-content\/uploads\/2020\/07\/\u0413\u0440\u044f\u0437\u044c-180x180.jpg 180w\" sizes=\"(max-width: 500px) 100vw, 500px\" \/>                \n            <\/div>\n                   \n<style scope=\"scope\">\n\n<\/style>\n    <\/div>\n    \n<\/div><\/div>\n<div class=\"col medium-9 small-12 large-9\"  ><div class=\"col-inner\"  >\n<h4>\u00d6l\u00fc Deniz \u00c7amuru<\/h4>\n<p>\u00d6l\u00fc Deniz \u00e7amuru, sedef hastal\u0131\u011f\u0131, artrit, akne ve kronik s\u0131rt a\u011fr\u0131lar\u0131 gibi hastal\u0131klar\u0131n tedavisinde kullan\u0131l\u0131r. Bir\u00e7ok ara\u015ft\u0131rma, \u00d6l\u00fc Deniz \u00e7amurunun a\u011fr\u0131y\u0131 hafifletebildi\u011fi, iltihab\u0131 <a href=\"\/tr\/oelue-deniz-camuru\/\">Etrafl\u0131ca&#8230;<\/a><\/p>\n<\/div><\/div>\n<\/div>\n<\/div><\/div>\n<div class=\"col medium-6 small-12 large-6\"  ><div class=\"col-inner\"  >\n<div class=\"row\"  id=\"row-1027402571\">\n<div class=\"col medium-3 small-12 large-3\"  ><div class=\"col-inner\"  >\n    <div class=\"img has-hover x md-x lg-x y md-y lg-y\" id=\"image_1175724731\">\n                <div class=\"img-inner dark\" >\n        <img loading=\"lazy\" decoding=\"async\" width=\"500\" height=\"500\" src=\"https:\/\/seacare.com\/wp-content\/uploads\/2017\/03\/ABIL-Soft-AF-300.png\" class=\"attachment-large size-large\" alt=\"\" srcset=\"https:\/\/seacare.com\/wp-content\/uploads\/2017\/03\/ABIL-Soft-AF-300.png 500w, https:\/\/seacare.com\/wp-content\/uploads\/2017\/03\/ABIL-Soft-AF-300-280x280.png 280w, https:\/\/seacare.com\/wp-content\/uploads\/2017\/03\/ABIL-Soft-AF-300-400x400.png 400w, https:\/\/seacare.com\/wp-content\/uploads\/2017\/03\/ABIL-Soft-AF-300-180x180.png 180w, https:\/\/seacare.com\/wp-content\/uploads\/2017\/03\/ABIL-Soft-AF-300-300x300.png 300w\" sizes=\"(max-width: 500px) 100vw, 500px\" \/>                \n            <\/div>\n                   \n<style scope=\"scope\">\n\n<\/style>\n    <\/div>\n    \n<\/div><\/div>\n<div class=\"col medium-9 small-12 large-9\"  ><div class=\"col-inner\"  >\n<h4>ABIL\u00ae Soft AF 300<\/h4>\n<p>ABIL\u00ae Soft AF 300, y\u00fcksek performansl\u0131 bir aminopropil dimetikondur. Sa\u00e7 kremleri i\u00e7in yeni y\u00fcksek molek\u00fcler a\u011f\u0131rl\u0131kl\u0131 amino silikonlu bir \u00fcr\u00fcnd\u00fcr. ABIL\u00ae Soft AF 300, sa\u00e7 bak\u0131m <a href=\"\/tr\/abil-soft-af-300\/\">Etrafl\u0131ca&#8230;<\/a><\/p>\n<\/div><\/div>\n<\/div>\n<\/div><\/div>\n<div class=\"col medium-6 small-12 large-6\"  ><div class=\"col-inner\"  >\n<div class=\"row\"  id=\"row-2089043407\">\n<div class=\"col medium-3 small-12 large-3\"  ><div class=\"col-inner\"  >\n    <div class=\"img has-hover x md-x lg-x y md-y lg-y\" id=\"image_2099847388\">\n                <div class=\"img-inner dark\" >\n        <img loading=\"lazy\" decoding=\"async\" width=\"500\" height=\"500\" src=\"https:\/\/seacare.com\/wp-content\/uploads\/2017\/03\/mindal.png\" class=\"attachment-large size-large\" alt=\"\" srcset=\"https:\/\/seacare.com\/wp-content\/uploads\/2017\/03\/mindal.png 500w, https:\/\/seacare.com\/wp-content\/uploads\/2017\/03\/mindal-280x280.png 280w, https:\/\/seacare.com\/wp-content\/uploads\/2017\/03\/mindal-400x400.png 400w, https:\/\/seacare.com\/wp-content\/uploads\/2017\/03\/mindal-180x180.png 180w, https:\/\/seacare.com\/wp-content\/uploads\/2017\/03\/mindal-300x300.png 300w\" sizes=\"(max-width: 500px) 100vw, 500px\" \/>                \n            <\/div>\n                   \n<style scope=\"scope\">\n\n<\/style>\n    <\/div>\n    \n<\/div><\/div>\n<div class=\"col medium-9 small-12 large-9\"  ><div class=\"col-inner\"  >\n<h4>Badem Ya\u011f\u0131<\/h4>\n<p>G\u00fcnl\u00fck sa\u00e7 bak\u0131m\u0131nda kullan\u0131lan tatl\u0131 badem ya\u011f\u0131 \u00f6zl\u00fc do\u011fal bak\u0131m \u00fcr\u00fcnleri ile sa\u00e7lar\u0131n\u0131z parlak, g\u00fc\u00e7l\u00fc ve sa\u011fl\u0131kl\u0131 olur. Tatl\u0131 badem ya\u011f\u0131ndaki vitamin, ya\u011flar ve di\u011fer faydal\u0131 bile\u015fenler sa\u00e7lar\u0131n\u0131z\u0131 <a href=\"\/tr\/badem-yagi\/\">Etrafl\u0131ca&#8230;<\/a><\/p>\n<\/div><\/div>\n<\/div>\n<\/div><\/div>\n<\/div>\n<h3>Serideki di\u011fer \u00fcr\u00fcnler<\/h3>\n\n  \n    <div class=\"row large-columns-4 medium-columns- small-columns-2 row-small slider row-slider slider-nav-reveal slider-nav-push\"  data-flickity-options='{\"imagesLoaded\": true, \"groupCells\": \"100%\", \"dragThreshold\" : 5, \"cellAlign\": \"left\",\"wrapAround\": true,\"prevNextButtons\": true,\"percentPosition\": true,\"pageDots\": false, \"rightToLeft\": false, \"autoPlay\" : false}'>\n\n  \t<\/div>\n<h3>Di\u011fer serilerdeki benzer \u00fcr\u00fcnler<\/h3>\n\n  \n    <div class=\"row large-columns-4 medium-columns- small-columns-2 row-small slider row-slider slider-nav-reveal slider-nav-push\"  data-flickity-options='{\"imagesLoaded\": true, \"groupCells\": \"100%\", \"dragThreshold\" : 5, \"cellAlign\": \"left\",\"wrapAround\": true,\"prevNextButtons\": true,\"percentPosition\": true,\"pageDots\": false, \"rightToLeft\": false, \"autoPlay\" : false}'>\n\n  \t\n\t            \t\t\t\t\t\n<div class=\"product-small col has-hover post-51686 product type-product status-publish has-post-thumbnail product_cat-erkek-bakim-ueruenleri product_cat-sac-bakim-kremleri product_cat-sac-bakim-ueruenleri product_tag-erkekler-icin product_tag-sac-guezelligi first instock shipping-taxable purchasable product-type-simple\">\n\t<div class=\"col-inner\">\t\n\t\n<div class=\"badge-container absolute left top z-1\">\n<\/div>\t<div class=\"product-small box \">\n\t\t<div class=\"box-image\">\n\t\t\t<div class=\"image-none\">\n\t\t\t\t<a href=\"https:\/\/seacare.com\/tr\/product\/erkek-camur-sac-kremi-400-ml-seacare\/\">\n\t\t\t\t\t<img loading=\"lazy\" decoding=\"async\" width=\"247\" height=\"300\" src=\"https:\/\/seacare.com\/wp-content\/uploads\/2020\/07\/Mud-Conditioner-400ml-Men-SC-1-copy-247x300.jpg\" class=\"attachment-shop_catalog size-shop_catalog wp-post-image\" alt=\"Mud Conditioner 400ml Men SC\" title=\"Mud Conditioner 400ml Men SC\" \/>\t\t\t\t<\/a>\n\t\t\t<\/div>\n\t\t\t<div class=\"image-tools is-small top right show-on-hover\">\n\t\t\t\t\t\t\t<\/div>\n\t\t\t<div class=\"image-tools is-small hide-for-small bottom left show-on-hover\">\n\t\t\t\t\t\t\t<\/div>\n\t\t\t<div class=\"image-tools grid-tools text-center hide-for-small bottom hover-slide-in show-on-hover\">\n\t\t\t\t  <a class=\"quick-view\" data-prod=\"51686\" href=\"#quick-view\">Quick View<\/a>\t\t\t<\/div>\n\t\t\t\t\t<\/div><!-- box-image -->\n\n\t\t<div class=\"box-text box-text-products\">\n\t\t\t<div class=\"title-wrapper\">  <p class=\"category uppercase is-smaller no-text-overflow product-cat op-7\">\n        Erkek bak\u0131m \u00fcr\u00fcnleri   <\/p> <p class=\"name product-title\"><a href=\"https:\/\/seacare.com\/tr\/product\/erkek-camur-sac-kremi-400-ml-seacare\/\">Erkek \u00e7amur sa\u00e7 kremi, 400 ml, SeaCare<\/a><\/p><\/div><div class=\"price-wrapper\">\n\t<span class=\"price\"><span class=\"woocommerce-Price-amount amount\"><span class=\"woocommerce-Price-currencySymbol\">&#36;<\/span>&nbsp;47.90<\/span><\/span>\n<\/div>\t\t<\/div><!-- box-text -->\n\t<\/div><!-- box -->\n\t\t<\/div><!-- .col-inner -->\n<\/div><!-- col -->\t            \t\t\t\t\t\n<div class=\"product-small col has-hover post-51566 product type-product status-publish has-post-thumbnail product_cat-organik-bakim-ueruenleri product_cat-organik-spa-serisi product_cat-sac-bakim-ueruenleri product_cat-sampuanlar product_tag-sac-guezelligi  instock shipping-taxable purchasable product-type-simple\">\n\t<div class=\"col-inner\">\t\n\t\n<div class=\"badge-container absolute left top z-1\">\n<\/div>\t<div class=\"product-small box \">\n\t\t<div class=\"box-image\">\n\t\t\t<div class=\"image-none\">\n\t\t\t\t<a href=\"https:\/\/seacare.com\/tr\/product\/organik-besleyici-sampuan-250-ml-seacare\/\">\n\t\t\t\t\t<img loading=\"lazy\" decoding=\"async\" width=\"247\" height=\"300\" src=\"https:\/\/seacare.com\/wp-content\/uploads\/2020\/06\/Organic-Care-Nourishing-Shampoo-SC-1-copy-247x300.jpg\" class=\"attachment-shop_catalog size-shop_catalog wp-post-image\" alt=\"Organic Care Nourishing Shampoo Gel \u041b\u0435\u0442\u0443\u0430\u043b\u044c\" title=\"Organic Care Nourishing Shampoo Gel \u041b\u0435\u0442\u0443\u0430\u043b\u044c\" \/>\t\t\t\t<\/a>\n\t\t\t<\/div>\n\t\t\t<div class=\"image-tools is-small top right show-on-hover\">\n\t\t\t\t\t\t\t<\/div>\n\t\t\t<div class=\"image-tools is-small hide-for-small bottom left show-on-hover\">\n\t\t\t\t\t\t\t<\/div>\n\t\t\t<div class=\"image-tools grid-tools text-center hide-for-small bottom hover-slide-in show-on-hover\">\n\t\t\t\t  <a class=\"quick-view\" data-prod=\"51566\" href=\"#quick-view\">Quick View<\/a>\t\t\t<\/div>\n\t\t\t\t\t<\/div><!-- box-image -->\n\n\t\t<div class=\"box-text box-text-products\">\n\t\t\t<div class=\"title-wrapper\">  <p class=\"category uppercase is-smaller no-text-overflow product-cat op-7\">\n        Organik bak\u0131m \u00fcr\u00fcnleri   <\/p> <p class=\"name product-title\"><a href=\"https:\/\/seacare.com\/tr\/product\/organik-besleyici-sampuan-250-ml-seacare\/\">Organik besleyici \u015fampuan, 250 ml, SeaCare<\/a><\/p><\/div><div class=\"price-wrapper\">\n\t<span class=\"price\"><span class=\"woocommerce-Price-amount amount\"><span class=\"woocommerce-Price-currencySymbol\">&#36;<\/span>&nbsp;45.90<\/span><\/span>\n<\/div>\t\t<\/div><!-- box-text -->\n\t<\/div><!-- box -->\n\t\t<\/div><!-- .col-inner -->\n<\/div><!-- col -->\t            \t\t\t\t\t\n<div class=\"product-small col has-hover post-51787 product type-product status-publish has-post-thumbnail product_cat-erkek-bakim-ueruenleri product_cat-sac-bakim-ueruenleri product_cat-sampuanlar product_tag-sac-guezelligi  instock shipping-taxable purchasable product-type-simple\">\n\t<div class=\"col-inner\">\t\n\t\n<div class=\"badge-container absolute left top z-1\">\n<\/div>\t<div class=\"product-small box \">\n\t\t<div class=\"box-image\">\n\t\t\t<div class=\"image-none\">\n\t\t\t\t<a href=\"https:\/\/seacare.com\/tr\/product\/erkek-camur-sampuani-400-ml-seacare\/\">\n\t\t\t\t\t<img loading=\"lazy\" decoding=\"async\" width=\"247\" height=\"300\" src=\"https:\/\/seacare.com\/wp-content\/uploads\/2017\/03\/Mud-Shampoo-400ml-Men-SC-1-247x300.jpg\" class=\"attachment-shop_catalog size-shop_catalog wp-post-image\" alt=\"Mud Shampoo 400ml Men SC\" title=\"Mud Shampoo 400ml Men SC\" \/>\t\t\t\t<\/a>\n\t\t\t<\/div>\n\t\t\t<div class=\"image-tools is-small top right show-on-hover\">\n\t\t\t\t\t\t\t<\/div>\n\t\t\t<div class=\"image-tools is-small hide-for-small bottom left show-on-hover\">\n\t\t\t\t\t\t\t<\/div>\n\t\t\t<div class=\"image-tools grid-tools text-center hide-for-small bottom hover-slide-in show-on-hover\">\n\t\t\t\t  <a class=\"quick-view\" data-prod=\"51787\" href=\"#quick-view\">Quick View<\/a>\t\t\t<\/div>\n\t\t\t\t\t<\/div><!-- box-image -->\n\n\t\t<div class=\"box-text box-text-products\">\n\t\t\t<div class=\"title-wrapper\">  <p class=\"category uppercase is-smaller no-text-overflow product-cat op-7\">\n        Erkek bak\u0131m \u00fcr\u00fcnleri   <\/p> <p class=\"name product-title\"><a href=\"https:\/\/seacare.com\/tr\/product\/erkek-camur-sampuani-400-ml-seacare\/\">Erkek \u00e7amur \u015fampuan\u0131, 400 ml, SeaCare<\/a><\/p><\/div><div class=\"price-wrapper\">\n\t<span class=\"price\"><span class=\"woocommerce-Price-amount amount\"><span class=\"woocommerce-Price-currencySymbol\">&#36;<\/span>&nbsp;44.90<\/span><\/span>\n<\/div>\t\t<\/div><!-- box-text -->\n\t<\/div><!-- box -->\n\t\t<\/div><!-- .col-inner -->\n<\/div><!-- col -->\t            \t\t\t\t\t\n<div class=\"product-small col has-hover post-51731 product type-product status-publish has-post-thumbnail product_cat-erkek-bakim-ueruenleri product_cat-maskeler product_cat-sac-bakim-ueruenleri product_tag-sac-guezelligi last instock shipping-taxable purchasable product-type-simple\">\n\t<div class=\"col-inner\">\t\n\t\n<div class=\"badge-container absolute left top z-1\">\n<\/div>\t<div class=\"product-small box \">\n\t\t<div class=\"box-image\">\n\t\t\t<div class=\"image-none\">\n\t\t\t\t<a href=\"https:\/\/seacare.com\/tr\/product\/erkek-camur-sac-maskesi-250-ml-seacare\/\">\n\t\t\t\t\t<img loading=\"lazy\" decoding=\"async\" width=\"247\" height=\"300\" src=\"https:\/\/seacare.com\/wp-content\/uploads\/2021\/04\/Hair-Mud-Mask-Men-SC-1-copy-247x300.jpg\" class=\"attachment-shop_catalog size-shop_catalog wp-post-image\" alt=\"Hair Mud Mask Men SC\" title=\"Hair Mud Mask Men SC\" \/>\t\t\t\t<\/a>\n\t\t\t<\/div>\n\t\t\t<div class=\"image-tools is-small top right show-on-hover\">\n\t\t\t\t\t\t\t<\/div>\n\t\t\t<div class=\"image-tools is-small hide-for-small bottom left show-on-hover\">\n\t\t\t\t\t\t\t<\/div>\n\t\t\t<div class=\"image-tools grid-tools text-center hide-for-small bottom hover-slide-in show-on-hover\">\n\t\t\t\t  <a class=\"quick-view\" data-prod=\"51731\" href=\"#quick-view\">Quick View<\/a>\t\t\t<\/div>\n\t\t\t\t\t<\/div><!-- box-image -->\n\n\t\t<div class=\"box-text box-text-products\">\n\t\t\t<div class=\"title-wrapper\">  <p class=\"category uppercase is-smaller no-text-overflow product-cat op-7\">\n        Erkek bak\u0131m \u00fcr\u00fcnleri   <\/p> <p class=\"name product-title\"><a href=\"https:\/\/seacare.com\/tr\/product\/erkek-camur-sac-maskesi-250-ml-seacare\/\">Erkek \u00e7amur sa\u00e7 maskesi, 250 ml, SeaCare<\/a><\/p><\/div><div class=\"price-wrapper\">\n\t<span class=\"price\"><span class=\"woocommerce-Price-amount amount\"><span class=\"woocommerce-Price-currencySymbol\">&#36;<\/span>&nbsp;45.90<\/span><\/span>\n<\/div>\t\t<\/div><!-- box-text -->\n\t<\/div><!-- box -->\n\t\t<\/div><!-- .col-inner -->\n<\/div><!-- col -->\t            \n\t        <\/div>\n","protected":false},"excerpt":{"rendered":"<p>t\u00fcm sa\u00e7 tipleri i\u00e7in<br \/>\n400 ml &#8211; 13.52 fl.oz.<\/p>\n","protected":false},"featured_media":51473,"comment_status":"open","ping_status":"closed","template":"","meta":[],"_links":{"self":[{"href":"https:\/\/seacare.com\/tr\/wp-json\/wp\/v2\/product\/51472"}],"collection":[{"href":"https:\/\/seacare.com\/tr\/wp-json\/wp\/v2\/product"}],"about":[{"href":"https:\/\/seacare.com\/tr\/wp-json\/wp\/v2\/types\/product"}],"replies":[{"embeddable":true,"href":"https:\/\/seacare.com\/tr\/wp-json\/wp\/v2\/comments?post=51472"}],"wp:featuredmedia":[{"embeddable":true,"href":"https:\/\/seacare.com\/tr\/wp-json\/wp\/v2\/media\/51473"}],"wp:attachment":[{"href":"https:\/\/seacare.com\/tr\/wp-json\/wp\/v2\/media?parent=51472"}],"curies":[{"name":"wp","href":"https:\/\/api.w.org\/{rel}","templated":true}]}}