{"id":51559,"date":"2017-03-01T14:34:19","date_gmt":"2022-02-01T14:35:22","guid":{"rendered":"https:\/\/seacare.com\/ru\/?post_type=product&#038;p=51559"},"modified":"2022-02-03T16:23:22","modified_gmt":"2022-02-03T13:23:22","slug":"camur-yuez-maskesi-150-ml-seacare","status":"publish","type":"product","link":"https:\/\/seacare.com\/tr\/product\/camur-yuez-maskesi-150-ml-seacare\/","title":{"rendered":"\u00c7amur y\u00fcz maskesi, 150 ml, SeaCare"},"content":{"rendered":"<p>SeaCare \u00e7amur y\u00fcz maskesi, ya\u011f fazlal\u0131klar\u0131n\u0131 ve di\u011fer istenmeyen maddeleri emerek cildin temiz ve sa\u011fl\u0131kl\u0131 olmas\u0131n\u0131 sa\u011flar. Kururken g\u00f6zeneklerin t\u0131kanmas\u0131na ve cildin ya\u015flanmas\u0131na neden olabilecek toksin ve kirlilikleri nazik\u00e7e d\u0131\u015far\u0131 \u00e7eker. Bu kremsi durulanan maske, ya\u011f ve sebum fazlal\u0131\u011f\u0131n\u0131 emen do\u011fal kaolin kili i\u00e7erir. Form\u00fcl\u00fc, \u00d6l\u00fc Deniz mineralleri ile zenginle\u015ftirilmi\u015f olup \u0130srail Kozmetik \u00dcreticileri Birli\u011fi standartlar\u0131na uygun olarak geli\u015ftirilmi\u015ftir. \u00d6l\u00fc Deniz \u00e7amuru bazl\u0131 maske, kirleri ve \u00f6l\u00fc cilt h\u00fccrelerini temizler, cildi minerallerle besler, g\u00fc\u00e7lendirir ve esnekli\u011fini art\u0131r\u0131r. SeaCare \u00e7amur y\u00fcz maskesi, cilt g\u00f6r\u00fcn\u00fcm\u00fcn\u00fc canland\u0131rmak i\u00e7in ama\u00e7lanm\u0131\u015ft\u0131r. Ayr\u0131ca sivilcelerden kurtulmak i\u00e7in m\u00fckemmel bir \u00e7\u00f6z\u00fcmd\u00fcr.<\/p>\n<p>Paraben, propilen glikol, silikon, mineral ya\u011f, petrol jeli, SLS i\u00e7ermez.<\/p>\n<p><strong>Kullan\u0131m \u015fekli:<\/strong> Temiz y\u00fcz cildine g\u00f6z ve boyun ile temas\u0131ndan ka\u00e7\u0131narak uygulay\u0131n. Tamamen kuruyana kadar bekleyip \u0131l\u0131k suyla durulay\u0131n. Haftada bir veya iki kez kullan\u0131n. Optimum sonu\u00e7lar i\u00e7in bu maske uygulanmadan \u00f6nce SeaCare \u00e7amur y\u00fcz temizleme jelini ve maske uyguland\u0131ktan sonra SeaCare ya\u015flanma kar\u015f\u0131t\u0131 veya multivitamin kremi veya y\u00fcz serumunu kullanman\u0131z \u00f6nerilir. <\/p>\n<h3>Anahtar bile\u015fenler<\/h3>\n<hr \/>\n<div class=\"row\"  id=\"row-613996498\">\n<div class=\"col medium-6 small-12 large-6\"  ><div class=\"col-inner\"  >\n<div class=\"row\"  id=\"row-1950917146\">\n<div class=\"col medium-3 small-12 large-3\"  ><div class=\"col-inner\"  >\n    <div class=\"img has-hover x md-x lg-x y md-y lg-y\" id=\"image_290385515\">\n                <div class=\"img-inner dark\" >\n        <img loading=\"lazy\" decoding=\"async\" width=\"500\" height=\"500\" src=\"https:\/\/seacare.com\/wp-content\/uploads\/2017\/03\/minerals-1.png\" class=\"attachment-large size-large\" alt=\"\" srcset=\"https:\/\/seacare.com\/wp-content\/uploads\/2017\/03\/minerals-1.png 500w, https:\/\/seacare.com\/wp-content\/uploads\/2017\/03\/minerals-1-280x280.png 280w, https:\/\/seacare.com\/wp-content\/uploads\/2017\/03\/minerals-1-400x400.png 400w, https:\/\/seacare.com\/wp-content\/uploads\/2017\/03\/minerals-1-180x180.png 180w, https:\/\/seacare.com\/wp-content\/uploads\/2017\/03\/minerals-1-300x300.png 300w\" sizes=\"(max-width: 500px) 100vw, 500px\" \/>                \n            <\/div>\n                   \n<style scope=\"scope\">\n\n<\/style>\n    <\/div>\n    \n<\/div><\/div>\n<div class=\"col medium-9 small-12 large-9\"  ><div class=\"col-inner\"  >\n<h4>\u00d6l\u00fc Deniz Mineralleri<\/h4>\n<p>\u00d6l\u00fc Deniz, kan\u0131tlanm\u0131\u015f verilere g\u00f6re cildin g\u00f6r\u00fcn\u00fcm\u00fcn\u00fc iyile\u015ftiren ve sa\u011fl\u0131kl\u0131 ve gen\u00e7 kalmas\u0131n\u0131 sa\u011flayan 20\u2019den fazla mineral i\u00e7erir. \u00d6l\u00fc Deniz k\u0131y\u0131lar\u0131nda yeti\u015fen bitkiler bile <a href=\"\/tr\/oelue-deniz-mineralleri\/\">Etrafl\u0131ca&#8230;<\/a><\/p>\n<\/div><\/div>\n<\/div>\n<\/div><\/div>\n<div class=\"col medium-6 small-12 large-6\"  ><div class=\"col-inner\"  >\n<div class=\"row\"  id=\"row-50767945\">\n<div class=\"col medium-3 small-12 large-3\"  ><div class=\"col-inner\"  >\n    <div class=\"img has-hover x md-x lg-x y md-y lg-y\" id=\"image_940792860\">\n                <div class=\"img-inner dark\" >\n        <img loading=\"lazy\" decoding=\"async\" width=\"500\" height=\"500\" src=\"https:\/\/seacare.com\/wp-content\/uploads\/2020\/07\/\u0413\u0440\u044f\u0437\u044c.jpg\" class=\"attachment-large size-large\" alt=\"Dead Sea Mud\" srcset=\"https:\/\/seacare.com\/wp-content\/uploads\/2020\/07\/\u0413\u0440\u044f\u0437\u044c.jpg 500w, https:\/\/seacare.com\/wp-content\/uploads\/2020\/07\/\u0413\u0440\u044f\u0437\u044c-247x247.jpg 247w, https:\/\/seacare.com\/wp-content\/uploads\/2020\/07\/\u0413\u0440\u044f\u0437\u044c-400x400.jpg 400w, https:\/\/seacare.com\/wp-content\/uploads\/2020\/07\/\u0413\u0440\u044f\u0437\u044c-180x180.jpg 180w\" sizes=\"(max-width: 500px) 100vw, 500px\" \/>                \n            <\/div>\n                   \n<style scope=\"scope\">\n\n<\/style>\n    <\/div>\n    \n<\/div><\/div>\n<div class=\"col medium-9 small-12 large-9\"  ><div class=\"col-inner\"  >\n<h4>\u00d6l\u00fc Deniz \u00c7amuru<\/h4>\n<p>\u00d6l\u00fc Deniz \u00e7amuru, sedef hastal\u0131\u011f\u0131, artrit, akne ve kronik s\u0131rt a\u011fr\u0131lar\u0131 gibi hastal\u0131klar\u0131n tedavisinde kullan\u0131l\u0131r. Bir\u00e7ok ara\u015ft\u0131rma, \u00d6l\u00fc Deniz \u00e7amurunun a\u011fr\u0131y\u0131 hafifletebildi\u011fi, iltihab\u0131 <a href=\"\/tr\/oelue-deniz-camuru\/\">Etrafl\u0131ca&#8230;<\/a><\/p>\n<\/div><\/div>\n<\/div>\n<\/div><\/div>\n<div class=\"col medium-6 small-12 large-6\"  ><div class=\"col-inner\"  >\n<div class=\"row\"  id=\"row-1523113817\">\n<div class=\"col medium-3 small-12 large-3\"  ><div class=\"col-inner\"  >\n    <div class=\"img has-hover x md-x lg-x y md-y lg-y\" id=\"image_5844124\">\n                <div class=\"img-inner dark\" >\n        <img loading=\"lazy\" decoding=\"async\" width=\"500\" height=\"500\" src=\"https:\/\/seacare.com\/wp-content\/uploads\/2020\/07\/\u041a\u043e\u043b\u0438\u043d\u043e\u0432\u0430\u044f-\u0433\u043b\u0438\u043d\u0430.jpg\" class=\"attachment-large size-large\" alt=\"\" srcset=\"https:\/\/seacare.com\/wp-content\/uploads\/2020\/07\/\u041a\u043e\u043b\u0438\u043d\u043e\u0432\u0430\u044f-\u0433\u043b\u0438\u043d\u0430.jpg 500w, https:\/\/seacare.com\/wp-content\/uploads\/2020\/07\/\u041a\u043e\u043b\u0438\u043d\u043e\u0432\u0430\u044f-\u0433\u043b\u0438\u043d\u0430-247x247.jpg 247w, https:\/\/seacare.com\/wp-content\/uploads\/2020\/07\/\u041a\u043e\u043b\u0438\u043d\u043e\u0432\u0430\u044f-\u0433\u043b\u0438\u043d\u0430-400x400.jpg 400w, https:\/\/seacare.com\/wp-content\/uploads\/2020\/07\/\u041a\u043e\u043b\u0438\u043d\u043e\u0432\u0430\u044f-\u0433\u043b\u0438\u043d\u0430-180x180.jpg 180w\" sizes=\"(max-width: 500px) 100vw, 500px\" \/>                \n            <\/div>\n                   \n<style scope=\"scope\">\n\n<\/style>\n    <\/div>\n    \n<\/div><\/div>\n<div class=\"col medium-9 small-12 large-9\"  ><div class=\"col-inner\"  >\n<h4>Kaolin Kili<\/h4>\n<p>Kozmetikte kaolin kili en yumu\u015fak kildir. Kaolin kili cildinizi kurutmaz ve bentonit veya illit killere k\u0131yasla cildin nemini veya do\u011fal ya\u011f\u0131n\u0131 emmez. Kaolin kil maskesini haftada bir kullanabilirsiniz <a href=\"\/tr\/kaolin-kili\/\">Etrafl\u0131ca&#8230;<\/a><\/p>\n<\/div><\/div>\n<\/div>\n<\/div><\/div>\n<\/div>\n<h3>Serideki di\u011fer \u00fcr\u00fcnler<\/h3>\n\n  \n    <div class=\"row large-columns-4 medium-columns- small-columns-2 row-small slider row-slider slider-nav-reveal slider-nav-push\"  data-flickity-options='{\"imagesLoaded\": true, \"groupCells\": \"100%\", \"dragThreshold\" : 5, \"cellAlign\": \"left\",\"wrapAround\": true,\"prevNextButtons\": true,\"percentPosition\": true,\"pageDots\": false, \"rightToLeft\": false, \"autoPlay\" : false}'>\n\n  \t<\/div>\n<h3>Di\u011fer serilerdeki benzer \u00fcr\u00fcnler<\/h3>\n\n  \n    <div class=\"row large-columns-4 medium-columns- small-columns-2 row-small slider row-slider slider-nav-reveal slider-nav-push\"  data-flickity-options='{\"imagesLoaded\": true, \"groupCells\": \"100%\", \"dragThreshold\" : 5, \"cellAlign\": \"left\",\"wrapAround\": true,\"prevNextButtons\": true,\"percentPosition\": true,\"pageDots\": false, \"rightToLeft\": false, \"autoPlay\" : false}'>\n\n  \t\n\t            \t\t\t\t\t\n<div class=\"product-small col has-hover post-51775 product type-product status-publish has-post-thumbnail product_cat-erkek-bakim-ueruenleri product_cat-maskeler product_cat-yuez-bakim-ueruenleri product_tag-guezel-cilt product_tag-pueruezsuez-cilt first instock shipping-taxable purchasable product-type-simple\">\n\t<div class=\"col-inner\">\t\n\t\n<div class=\"badge-container absolute left top z-1\">\n<\/div>\t<div class=\"product-small box \">\n\t\t<div class=\"box-image\">\n\t\t\t<div class=\"image-none\">\n\t\t\t\t<a href=\"https:\/\/seacare.com\/tr\/product\/erkek-camur-yuez-maskesi-150-ml-seacare\/\">\n\t\t\t\t\t<img loading=\"lazy\" decoding=\"async\" width=\"247\" height=\"300\" src=\"https:\/\/seacare.com\/wp-content\/uploads\/2021\/01\/Facial-Mud-Mask-Men-SC-1-copy-247x300.jpg\" class=\"attachment-shop_catalog size-shop_catalog wp-post-image\" alt=\"Facial Mud Mask Men SC\" title=\"Facial Mud Mask Men SC\" \/>\t\t\t\t<\/a>\n\t\t\t<\/div>\n\t\t\t<div class=\"image-tools is-small top right show-on-hover\">\n\t\t\t\t\t\t\t<\/div>\n\t\t\t<div class=\"image-tools is-small hide-for-small bottom left show-on-hover\">\n\t\t\t\t\t\t\t<\/div>\n\t\t\t<div class=\"image-tools grid-tools text-center hide-for-small bottom hover-slide-in show-on-hover\">\n\t\t\t\t  <a class=\"quick-view\" data-prod=\"51775\" href=\"#quick-view\">Quick View<\/a>\t\t\t<\/div>\n\t\t\t\t\t<\/div><!-- box-image -->\n\n\t\t<div class=\"box-text box-text-products\">\n\t\t\t<div class=\"title-wrapper\">  <p class=\"category uppercase is-smaller no-text-overflow product-cat op-7\">\n        Erkek bak\u0131m \u00fcr\u00fcnleri   <\/p> <p class=\"name product-title\"><a href=\"https:\/\/seacare.com\/tr\/product\/erkek-camur-yuez-maskesi-150-ml-seacare\/\">Erkek \u00e7amur y\u00fcz maskesi, 150 ml, SeaCare<\/a><\/p><\/div><div class=\"price-wrapper\">\n\t<span class=\"price\"><span class=\"woocommerce-Price-amount amount\"><span class=\"woocommerce-Price-currencySymbol\">&#36;<\/span>&nbsp;30.90<\/span><\/span>\n<\/div>\t\t<\/div><!-- box-text -->\n\t<\/div><!-- box -->\n\t\t<\/div><!-- .col-inner -->\n<\/div><!-- col -->\t            \t\t\t\t\t\n<div class=\"product-small col has-hover post-51240 product type-product status-publish has-post-thumbnail product_cat-24k-gold-serisi product_cat-maskeler product_cat-yaslanma-karsiti-bakim-ueruenleri product_cat-yuez-bakim-ueruenleri product_tag-genc-yuez-cildi product_tag-genclestirme product_tag-guezel-cilt  instock shipping-taxable purchasable product-type-simple\">\n\t<div class=\"col-inner\">\t\n\t\n<div class=\"badge-container absolute left top z-1\">\n<\/div>\t<div class=\"product-small box \">\n\t\t<div class=\"box-image\">\n\t\t\t<div class=\"image-none\">\n\t\t\t\t<a href=\"https:\/\/seacare.com\/tr\/product\/yaslanma-karsiti-sikilastirici-ve-esneklik-artirici-maske-50-ml-seacare\/\">\n\t\t\t\t\t<img loading=\"lazy\" decoding=\"async\" width=\"247\" height=\"300\" src=\"https:\/\/seacare.com\/wp-content\/uploads\/2018\/10\/101-1-247x300.jpg\" class=\"attachment-shop_catalog size-shop_catalog wp-post-image\" alt=\"101\" title=\"101\" \/>\t\t\t\t<\/a>\n\t\t\t<\/div>\n\t\t\t<div class=\"image-tools is-small top right show-on-hover\">\n\t\t\t\t\t\t\t<\/div>\n\t\t\t<div class=\"image-tools is-small hide-for-small bottom left show-on-hover\">\n\t\t\t\t\t\t\t<\/div>\n\t\t\t<div class=\"image-tools grid-tools text-center hide-for-small bottom hover-slide-in show-on-hover\">\n\t\t\t\t  <a class=\"quick-view\" data-prod=\"51240\" href=\"#quick-view\">Quick View<\/a>\t\t\t<\/div>\n\t\t\t\t\t<\/div><!-- box-image -->\n\n\t\t<div class=\"box-text box-text-products\">\n\t\t\t<div class=\"title-wrapper\">  <p class=\"category uppercase is-smaller no-text-overflow product-cat op-7\">\n        24K Gold serisi   <\/p> <p class=\"name product-title\"><a href=\"https:\/\/seacare.com\/tr\/product\/yaslanma-karsiti-sikilastirici-ve-esneklik-artirici-maske-50-ml-seacare\/\">Ya\u015flanma kar\u015f\u0131t\u0131 s\u0131k\u0131la\u015ft\u0131r\u0131c\u0131 ve esneklik art\u0131r\u0131c\u0131 maske, 50 ml, SeaCare<\/a><\/p><\/div><div class=\"price-wrapper\">\n\t<span class=\"price\"><span class=\"woocommerce-Price-amount amount\"><span class=\"woocommerce-Price-currencySymbol\">&#36;<\/span>&nbsp;64.90<\/span><\/span>\n<\/div>\t\t<\/div><!-- box-text -->\n\t<\/div><!-- box -->\n\t\t<\/div><!-- .col-inner -->\n<\/div><!-- col -->\t            \t\t\t\t\t\n<div class=\"product-small col has-hover post-51674 product type-product status-publish has-post-thumbnail product_cat-akne-karsiti-bakim-ueruenleri product_cat-akne-karsiti-seri product_cat-maskeler product_cat-yuez-bakim-ueruenleri  instock shipping-taxable purchasable product-type-simple\">\n\t<div class=\"col-inner\">\t\n\t\n<div class=\"badge-container absolute left top z-1\">\n<\/div>\t<div class=\"product-small box \">\n\t\t<div class=\"box-image\">\n\t\t\t<div class=\"image-none\">\n\t\t\t\t<a href=\"https:\/\/seacare.com\/tr\/product\/sivilce-ve-akne-karsiti-yuez-maskesi-50-ml-seacare\/\">\n\t\t\t\t\t<img loading=\"lazy\" decoding=\"async\" width=\"247\" height=\"300\" src=\"https:\/\/seacare.com\/wp-content\/uploads\/2019\/11\/\u0414\u043b\u044f-SCFacial-Mask_Face-247x300.jpg\" class=\"attachment-shop_catalog size-shop_catalog wp-post-image\" alt=\"\u0414\u043b\u044f SCFacial Mask_Face\" title=\"\u0414\u043b\u044f SCFacial Mask_Face\" \/>\t\t\t\t<\/a>\n\t\t\t<\/div>\n\t\t\t<div class=\"image-tools is-small top right show-on-hover\">\n\t\t\t\t\t\t\t<\/div>\n\t\t\t<div class=\"image-tools is-small hide-for-small bottom left show-on-hover\">\n\t\t\t\t\t\t\t<\/div>\n\t\t\t<div class=\"image-tools grid-tools text-center hide-for-small bottom hover-slide-in show-on-hover\">\n\t\t\t\t  <a class=\"quick-view\" data-prod=\"51674\" href=\"#quick-view\">Quick View<\/a>\t\t\t<\/div>\n\t\t\t\t\t<\/div><!-- box-image -->\n\n\t\t<div class=\"box-text box-text-products\">\n\t\t\t<div class=\"title-wrapper\">  <p class=\"category uppercase is-smaller no-text-overflow product-cat op-7\">\n        Akne kar\u015f\u0131t\u0131 bak\u0131m \u00fcr\u00fcnleri   <\/p> <p class=\"name product-title\"><a href=\"https:\/\/seacare.com\/tr\/product\/sivilce-ve-akne-karsiti-yuez-maskesi-50-ml-seacare\/\">Sivilce ve akne kar\u015f\u0131t\u0131 y\u00fcz maskesi, 50 ml, SeaCare<\/a><\/p><\/div><div class=\"price-wrapper\">\n\t<span class=\"price\"><span class=\"woocommerce-Price-amount amount\"><span class=\"woocommerce-Price-currencySymbol\">&#36;<\/span>&nbsp;56.90<\/span><\/span>\n<\/div>\t\t<\/div><!-- box-text -->\n\t<\/div><!-- box -->\n\t\t<\/div><!-- .col-inner -->\n<\/div><!-- col -->\t            \t\t\t\t\t\n<div class=\"product-small col has-hover post-51731 product type-product status-publish has-post-thumbnail product_cat-erkek-bakim-ueruenleri product_cat-maskeler product_cat-sac-bakim-ueruenleri product_tag-sac-guezelligi last instock shipping-taxable purchasable product-type-simple\">\n\t<div class=\"col-inner\">\t\n\t\n<div class=\"badge-container absolute left top z-1\">\n<\/div>\t<div class=\"product-small box \">\n\t\t<div class=\"box-image\">\n\t\t\t<div class=\"image-none\">\n\t\t\t\t<a href=\"https:\/\/seacare.com\/tr\/product\/erkek-camur-sac-maskesi-250-ml-seacare\/\">\n\t\t\t\t\t<img loading=\"lazy\" decoding=\"async\" width=\"247\" height=\"300\" src=\"https:\/\/seacare.com\/wp-content\/uploads\/2021\/04\/Hair-Mud-Mask-Men-SC-1-copy-247x300.jpg\" class=\"attachment-shop_catalog size-shop_catalog wp-post-image\" alt=\"Hair Mud Mask Men SC\" title=\"Hair Mud Mask Men SC\" \/>\t\t\t\t<\/a>\n\t\t\t<\/div>\n\t\t\t<div class=\"image-tools is-small top right show-on-hover\">\n\t\t\t\t\t\t\t<\/div>\n\t\t\t<div class=\"image-tools is-small hide-for-small bottom left show-on-hover\">\n\t\t\t\t\t\t\t<\/div>\n\t\t\t<div class=\"image-tools grid-tools text-center hide-for-small bottom hover-slide-in show-on-hover\">\n\t\t\t\t  <a class=\"quick-view\" data-prod=\"51731\" href=\"#quick-view\">Quick View<\/a>\t\t\t<\/div>\n\t\t\t\t\t<\/div><!-- box-image -->\n\n\t\t<div class=\"box-text box-text-products\">\n\t\t\t<div class=\"title-wrapper\">  <p class=\"category uppercase is-smaller no-text-overflow product-cat op-7\">\n        Erkek bak\u0131m \u00fcr\u00fcnleri   <\/p> <p class=\"name product-title\"><a href=\"https:\/\/seacare.com\/tr\/product\/erkek-camur-sac-maskesi-250-ml-seacare\/\">Erkek \u00e7amur sa\u00e7 maskesi, 250 ml, SeaCare<\/a><\/p><\/div><div class=\"price-wrapper\">\n\t<span class=\"price\"><span class=\"woocommerce-Price-amount amount\"><span class=\"woocommerce-Price-currencySymbol\">&#36;<\/span>&nbsp;45.90<\/span><\/span>\n<\/div>\t\t<\/div><!-- box-text -->\n\t<\/div><!-- box -->\n\t\t<\/div><!-- .col-inner -->\n<\/div><!-- col -->\t            \n\t        <\/div>\n","protected":false},"excerpt":{"rendered":"<p>normal ve ya\u011fl\u0131 ciltler i\u00e7in<br \/>\n150 ml &#8211; 5.07 fl.oz.<\/p>\n","protected":false},"featured_media":51560,"comment_status":"open","ping_status":"closed","template":"","meta":[],"_links":{"self":[{"href":"https:\/\/seacare.com\/tr\/wp-json\/wp\/v2\/product\/51559"}],"collection":[{"href":"https:\/\/seacare.com\/tr\/wp-json\/wp\/v2\/product"}],"about":[{"href":"https:\/\/seacare.com\/tr\/wp-json\/wp\/v2\/types\/product"}],"replies":[{"embeddable":true,"href":"https:\/\/seacare.com\/tr\/wp-json\/wp\/v2\/comments?post=51559"}],"wp:featuredmedia":[{"embeddable":true,"href":"https:\/\/seacare.com\/tr\/wp-json\/wp\/v2\/media\/51560"}],"wp:attachment":[{"href":"https:\/\/seacare.com\/tr\/wp-json\/wp\/v2\/media?parent=51559"}],"curies":[{"name":"wp","href":"https:\/\/api.w.org\/{rel}","templated":true}]}}