{"id":51633,"date":"2020-06-10T15:34:02","date_gmt":"2022-02-01T15:55:17","guid":{"rendered":"https:\/\/seacare.com\/ru\/?post_type=product&#038;p=51633"},"modified":"2022-02-03T16:17:43","modified_gmt":"2022-02-03T13:17:43","slug":"yuez-icin-organik-jojoba-yagi-30-ml-seacare","status":"publish","type":"product","link":"https:\/\/seacare.com\/tr\/product\/yuez-icin-organik-jojoba-yagi-30-ml-seacare\/","title":{"rendered":"Y\u00fcz i\u00e7in organik jojoba ya\u011f\u0131, 30 ml, SeaCare"},"content":{"rendered":"<p>ECOCERT sertifikal\u0131 SeaCare y\u00fcz i\u00e7in organik jojoba ya\u011f\u0131, cildi an\u0131nda nemlendirir ve sa\u011fl\u0131kl\u0131, p\u00fcr\u00fczs\u00fcz ve parlak olmas\u0131n\u0131 sa\u011flar. SeaCare jojoba ya\u011f\u0131, E ve B vitaminleri gibi besleyici maddeleri ve de krom, bak\u0131r ve \u00e7inko gibi cildi besleyen ve koruyan mineral ve antioksidanlar\u0131 i\u00e7erir. Jojoba ya\u011f\u0131, ya\u015flanma s\u00fcrecini ve k\u0131r\u0131\u015f\u0131kl\u0131k olu\u015fumunu yava\u015flatmaya yard\u0131mc\u0131 olabilir. Ayr\u0131ca organik jojoba ya\u011f\u0131 sebuma \u00e7ok benzedi\u011fi i\u00e7in cildin yeterince ya\u011f \u00fcretti\u011fini d\u00fc\u015f\u00fcnmesini sa\u011flayabilir ve b\u00f6ylece ya\u011f \u00fcretimini dengeleyerek akne ve di\u011fer cilt problemlerini \u00f6nleyebilir. Jojoba ya\u011f\u0131n\u0131n nemlendirici etkisi g\u00fcne\u015f yan\u0131klar\u0131n\u0131 yat\u0131\u015ft\u0131r\u0131r ve pullanma olas\u0131l\u0131\u011f\u0131n\u0131 azaltmaya yard\u0131mc\u0131 olur. Di\u011fer cilt bak\u0131m ya\u011flar\u0131ndan farkl\u0131 olarak SeaCare organik jojoba ya\u011f\u0131n\u0131n dokusu cildimizin do\u011fal ya\u011flar\u0131na \u00e7ok benzer, bu da di\u011fer ya\u011flardan daha h\u0131zl\u0131 emildi\u011fi ve nemlendirdi\u011fi anlam\u0131na gelir. T\u00fcm cilt tipleri i\u00e7in uygundur!<\/p>\n<p><strong> SeaCare organik kozmetik \u00fcr\u00fcnleri, kat\u0131 COSMOS standartlar\u0131na uygun olarak \u00fcretilir ve ECOCERT sertifikalar\u0131na sahiptir.<\/strong><\/p>\n<p><strong>Kullan\u0131m \u015fekli:<\/strong> Avu\u00e7 i\u00e7ine birka\u00e7 damla damlat\u0131p y\u00fcz ve boynunuza nazik\u00e7e masaj yaparak uygulay\u0131n. En iyi sonu\u00e7lar i\u00e7in sabah ve ak\u015fam kullan\u0131n.<\/p>\n<h3>Anahtar bile\u015fenler<\/h3>\n<hr \/>\n<div class=\"row\"  id=\"row-2064973559\">\n<div class=\"col medium-6 small-12 large-6\"  ><div class=\"col-inner\"  >\n<div class=\"row\"  id=\"row-257482195\">\n<div class=\"col medium-3 small-12 large-3\"  ><div class=\"col-inner\"  >\n    <div class=\"img has-hover x md-x lg-x y md-y lg-y\" id=\"image_1911349819\">\n                <div class=\"img-inner dark\" >\n        <img loading=\"lazy\" decoding=\"async\" width=\"500\" height=\"500\" src=\"https:\/\/seacare.com\/wp-content\/uploads\/2017\/03\/jojoba.png\" class=\"attachment-large size-large\" alt=\"\u0416\u043e\u0436\u043e\u0431\u0430\" srcset=\"https:\/\/seacare.com\/wp-content\/uploads\/2017\/03\/jojoba.png 500w, https:\/\/seacare.com\/wp-content\/uploads\/2017\/03\/jojoba-280x280.png 280w, https:\/\/seacare.com\/wp-content\/uploads\/2017\/03\/jojoba-400x400.png 400w, https:\/\/seacare.com\/wp-content\/uploads\/2017\/03\/jojoba-180x180.png 180w, https:\/\/seacare.com\/wp-content\/uploads\/2017\/03\/jojoba-300x300.png 300w\" sizes=\"(max-width: 500px) 100vw, 500px\" \/>                \n            <\/div>\n                   \n<style scope=\"scope\">\n\n<\/style>\n    <\/div>\n    \n<\/div><\/div>\n<div class=\"col medium-9 small-12 large-9\"  ><div class=\"col-inner\"  >\n<h4>Jojoba Ya\u011f\u0131<\/h4>\n<p>Jojoba ya\u011f\u0131 cildi esnek ve elastik yapar, nemlendirir ve kurulu\u011funu azalt\u0131r. K\u0131r\u0131\u015f\u0131kl\u0131klara kar\u015f\u0131 etkili olup ciltteki ya\u015flanma s\u00fcre\u00e7lerini yava\u015flat\u0131r, cilt tonunu d\u00fczeltir. Sel\u00fclite kar\u015f\u0131 m\u00fccadelede <a href=\"\/tr\/jojoba-yagi\/\">Etrafl\u0131ca&#8230;<\/a><\/p>\n<\/div><\/div>\n<\/div>\n<\/div><\/div>\n<\/div>\n<div class=\"row\"  id=\"row-2048658203\">\n<\/div>\n<\/br><\/p>\n<h3>Serideki di\u011fer \u00fcr\u00fcnler<\/h3>\n\n  \n    <div class=\"row large-columns-4 medium-columns- small-columns-2 row-small slider row-slider slider-nav-reveal slider-nav-push\"  data-flickity-options='{\"imagesLoaded\": true, \"groupCells\": \"100%\", \"dragThreshold\" : 5, \"cellAlign\": \"left\",\"wrapAround\": true,\"prevNextButtons\": true,\"percentPosition\": true,\"pageDots\": false, \"rightToLeft\": false, \"autoPlay\" : false}'>\n\n  \t\n\t            \t\t\t\t\t\n<div class=\"product-small col has-hover post-51626 product type-product status-publish has-post-thumbnail product_cat-dogal-organik-yaglar product_cat-organik-bakim-ueruenleri product_cat-yuez-bakim-ueruenleri product_cat-yuez-yaglari first instock shipping-taxable purchasable product-type-simple\">\n\t<div class=\"col-inner\">\t\n\t\n<div class=\"badge-container absolute left top z-1\">\n<\/div>\t<div class=\"product-small box \">\n\t\t<div class=\"box-image\">\n\t\t\t<div class=\"image-none\">\n\t\t\t\t<a href=\"https:\/\/seacare.com\/tr\/product\/yuez-ve-dudaklar-icin-organik-argan-yagi-30-ml-seacare\/\">\n\t\t\t\t\t<img loading=\"lazy\" decoding=\"async\" width=\"247\" height=\"300\" src=\"https:\/\/seacare.com\/wp-content\/uploads\/2020\/06\/Organic-Care-Argan-Face-Lip-Oil-SC-1-copy-247x300.jpg\" class=\"attachment-shop_catalog size-shop_catalog wp-post-image\" alt=\"Organic Care Argan Face &amp; Lip Oil \u041b\u0435\u0442\u0443\u0430\u043b\u044c\" title=\"Organic Care Argan Face &amp; Lip Oil \u041b\u0435\u0442\u0443\u0430\u043b\u044c\" \/>\t\t\t\t<\/a>\n\t\t\t<\/div>\n\t\t\t<div class=\"image-tools is-small top right show-on-hover\">\n\t\t\t\t\t\t\t<\/div>\n\t\t\t<div class=\"image-tools is-small hide-for-small bottom left show-on-hover\">\n\t\t\t\t\t\t\t<\/div>\n\t\t\t<div class=\"image-tools grid-tools text-center hide-for-small bottom hover-slide-in show-on-hover\">\n\t\t\t\t  <a class=\"quick-view\" data-prod=\"51626\" href=\"#quick-view\">Quick View<\/a>\t\t\t<\/div>\n\t\t\t\t\t<\/div><!-- box-image -->\n\n\t\t<div class=\"box-text box-text-products\">\n\t\t\t<div class=\"title-wrapper\">  <p class=\"category uppercase is-smaller no-text-overflow product-cat op-7\">\n        Do\u011fal organik ya\u011flar   <\/p> <p class=\"name product-title\"><a href=\"https:\/\/seacare.com\/tr\/product\/yuez-ve-dudaklar-icin-organik-argan-yagi-30-ml-seacare\/\">Y\u00fcz ve dudaklar i\u00e7in organik argan ya\u011f\u0131, 30 ml, SeaCare<\/a><\/p><\/div><div class=\"price-wrapper\">\n\t<span class=\"price\"><span class=\"woocommerce-Price-amount amount\"><span class=\"woocommerce-Price-currencySymbol\">&#36;<\/span>&nbsp;59.90<\/span><\/span>\n<\/div>\t\t<\/div><!-- box-text -->\n\t<\/div><!-- box -->\n\t\t<\/div><!-- .col-inner -->\n<\/div><!-- col -->\t            \n\t        <\/div>\n<h3>Di\u011fer serilerdeki benzer \u00fcr\u00fcnler<\/h3>\n\n  \n    <div class=\"row large-columns-4 medium-columns- small-columns-2 row-small slider row-slider slider-nav-reveal slider-nav-push\"  data-flickity-options='{\"imagesLoaded\": true, \"groupCells\": \"100%\", \"dragThreshold\" : 5, \"cellAlign\": \"left\",\"wrapAround\": true,\"prevNextButtons\": true,\"percentPosition\": true,\"pageDots\": false, \"rightToLeft\": false, \"autoPlay\" : false}'>\n\n  \t\n\t            \t\t\t\t\t\n<div class=\"product-small col has-hover post-51666 product type-product status-publish has-post-thumbnail product_cat-akne-karsiti-bakim-ueruenleri product_cat-akne-karsiti-seri product_cat-yuez-bakim-ueruenleri product_cat-yuez-ve-goez-kremleri first instock shipping-taxable purchasable product-type-simple\">\n\t<div class=\"col-inner\">\t\n\t\n<div class=\"badge-container absolute left top z-1\">\n<\/div>\t<div class=\"product-small box \">\n\t\t<div class=\"box-image\">\n\t\t\t<div class=\"image-none\">\n\t\t\t\t<a href=\"https:\/\/seacare.com\/tr\/product\/sivilce-ve-akne-karsiti-krem-50-ml-seacare\/\">\n\t\t\t\t\t<img loading=\"lazy\" decoding=\"async\" width=\"247\" height=\"300\" src=\"https:\/\/seacare.com\/wp-content\/uploads\/2019\/11\/1-2-247x300.jpg\" class=\"attachment-shop_catalog size-shop_catalog wp-post-image\" alt=\"1\" title=\"1\" \/>\t\t\t\t<\/a>\n\t\t\t<\/div>\n\t\t\t<div class=\"image-tools is-small top right show-on-hover\">\n\t\t\t\t\t\t\t<\/div>\n\t\t\t<div class=\"image-tools is-small hide-for-small bottom left show-on-hover\">\n\t\t\t\t\t\t\t<\/div>\n\t\t\t<div class=\"image-tools grid-tools text-center hide-for-small bottom hover-slide-in show-on-hover\">\n\t\t\t\t  <a class=\"quick-view\" data-prod=\"51666\" href=\"#quick-view\">Quick View<\/a>\t\t\t<\/div>\n\t\t\t\t\t<\/div><!-- box-image -->\n\n\t\t<div class=\"box-text box-text-products\">\n\t\t\t<div class=\"title-wrapper\">  <p class=\"category uppercase is-smaller no-text-overflow product-cat op-7\">\n        Akne kar\u015f\u0131t\u0131 bak\u0131m \u00fcr\u00fcnleri   <\/p> <p class=\"name product-title\"><a href=\"https:\/\/seacare.com\/tr\/product\/sivilce-ve-akne-karsiti-krem-50-ml-seacare\/\">Sivilce ve akne kar\u015f\u0131t\u0131 krem, 50 ml, SeaCare<\/a><\/p><\/div><div class=\"price-wrapper\">\n\t<span class=\"price\"><span class=\"woocommerce-Price-amount amount\"><span class=\"woocommerce-Price-currencySymbol\">&#36;<\/span>&nbsp;58.90<\/span><\/span>\n<\/div>\t\t<\/div><!-- box-text -->\n\t<\/div><!-- box -->\n\t\t<\/div><!-- .col-inner -->\n<\/div><!-- col -->\t            \t\t\t\t\t\n<div class=\"product-small col has-hover post-51375 product type-product status-publish has-post-thumbnail product_cat-genclestirici-organik-seri product_cat-organik-bakim-ueruenleri product_cat-yaslanma-karsiti-bakim-ueruenleri product_cat-yuez-bakim-ueruenleri product_cat-yuez-ve-goez-kremleri product_tag-gece-kremleri product_tag-genc-yuez-cildi product_tag-genclestirme product_tag-pueruezsuez-yuez-cildi  instock shipping-taxable purchasable product-type-simple\">\n\t<div class=\"col-inner\">\t\n\t\n<div class=\"badge-container absolute left top z-1\">\n<\/div>\t<div class=\"product-small box \">\n\t\t<div class=\"box-image\">\n\t\t\t<div class=\"image-none\">\n\t\t\t\t<a href=\"https:\/\/seacare.com\/tr\/product\/organik-genclestirici-gece-kremi-50-ml-seasare\/\">\n\t\t\t\t\t<img loading=\"lazy\" decoding=\"async\" width=\"247\" height=\"247\" src=\"https:\/\/seacare.com\/wp-content\/uploads\/2019\/10\/11-\u043a\u043e\u043f\u0438\u044f.jpg\" class=\"attachment-shop_catalog size-shop_catalog wp-post-image\" alt=\"\u041e\u043c\u043e\u043b\u0430\u0436\u0438\u0432\u0430\u044e\u0449\u0438\u0439 \u041d\u043e\u0447\u043d\u043e\u0439 \u041a\u0440\u0435\u043c\" title=\"\u041e\u043c\u043e\u043b\u0430\u0436\u0438\u0432\u0430\u044e\u0449\u0438\u0439 \u041d\u043e\u0447\u043d\u043e\u0439 \u041a\u0440\u0435\u043c\" \/>\t\t\t\t<\/a>\n\t\t\t<\/div>\n\t\t\t<div class=\"image-tools is-small top right show-on-hover\">\n\t\t\t\t\t\t\t<\/div>\n\t\t\t<div class=\"image-tools is-small hide-for-small bottom left show-on-hover\">\n\t\t\t\t\t\t\t<\/div>\n\t\t\t<div class=\"image-tools grid-tools text-center hide-for-small bottom hover-slide-in show-on-hover\">\n\t\t\t\t  <a class=\"quick-view\" data-prod=\"51375\" href=\"#quick-view\">Quick View<\/a>\t\t\t<\/div>\n\t\t\t\t\t<\/div><!-- box-image -->\n\n\t\t<div class=\"box-text box-text-products\">\n\t\t\t<div class=\"title-wrapper\">  <p class=\"category uppercase is-smaller no-text-overflow product-cat op-7\">\n        Gen\u00e7le\u015ftirici organik seri   <\/p> <p class=\"name product-title\"><a href=\"https:\/\/seacare.com\/tr\/product\/organik-genclestirici-gece-kremi-50-ml-seasare\/\">Organik gen\u00e7le\u015ftirici gece kremi, 50 ml, Sea\u0421are<\/a><\/p><\/div><div class=\"price-wrapper\">\n\t<span class=\"price\"><span class=\"woocommerce-Price-amount amount\"><span class=\"woocommerce-Price-currencySymbol\">&#36;<\/span>&nbsp;44.90<\/span><\/span>\n<\/div>\t\t<\/div><!-- box-text -->\n\t<\/div><!-- box -->\n\t\t<\/div><!-- .col-inner -->\n<\/div><!-- col -->\t            \t\t\t\t\t\n<div class=\"product-small col has-hover post-51415 product type-product status-publish has-post-thumbnail product_cat-multivitamin-serisi product_cat-yaslanma-karsiti-bakim-ueruenleri product_cat-yuez-bakim-ueruenleri product_cat-yuez-ve-goez-kremleri product_tag-guezel-cilt product_tag-pueruezsuez-cilt product_tag-vitaminler  instock shipping-taxable purchasable product-type-simple\">\n\t<div class=\"col-inner\">\t\n\t\n<div class=\"badge-container absolute left top z-1\">\n<\/div>\t<div class=\"product-small box \">\n\t\t<div class=\"box-image\">\n\t\t\t<div class=\"image-none\">\n\t\t\t\t<a href=\"https:\/\/seacare.com\/tr\/product\/multivitamin-guenduez-kremi-50-ml-seasare\/\">\n\t\t\t\t\t<img loading=\"lazy\" decoding=\"async\" width=\"247\" height=\"300\" src=\"https:\/\/seacare.com\/wp-content\/uploads\/2017\/03\/\u0412\u0438\u0442\u0430\u043c\u0438\u043d_\u0414\u043d\u0435\u0432\u043d\u043e\u0439-107-247x300.jpg\" class=\"attachment-shop_catalog size-shop_catalog wp-post-image\" alt=\"\u0412\u0438\u0442\u0430\u043c\u0438\u043d_\u0414\u043d\u0435\u0432\u043d\u043e\u0439 107\" title=\"\u0412\u0438\u0442\u0430\u043c\u0438\u043d_\u0414\u043d\u0435\u0432\u043d\u043e\u0439 107\" \/>\t\t\t\t<\/a>\n\t\t\t<\/div>\n\t\t\t<div class=\"image-tools is-small top right show-on-hover\">\n\t\t\t\t\t\t\t<\/div>\n\t\t\t<div class=\"image-tools is-small hide-for-small bottom left show-on-hover\">\n\t\t\t\t\t\t\t<\/div>\n\t\t\t<div class=\"image-tools grid-tools text-center hide-for-small bottom hover-slide-in show-on-hover\">\n\t\t\t\t  <a class=\"quick-view\" data-prod=\"51415\" href=\"#quick-view\">Quick View<\/a>\t\t\t<\/div>\n\t\t\t\t\t<\/div><!-- box-image -->\n\n\t\t<div class=\"box-text box-text-products\">\n\t\t\t<div class=\"title-wrapper\">  <p class=\"category uppercase is-smaller no-text-overflow product-cat op-7\">\n        Multivitamin serisi   <\/p> <p class=\"name product-title\"><a href=\"https:\/\/seacare.com\/tr\/product\/multivitamin-guenduez-kremi-50-ml-seasare\/\">Multivitamin g\u00fcnd\u00fcz kremi, 50 ml, Sea\u0421are<\/a><\/p><\/div><div class=\"price-wrapper\">\n\t<span class=\"price\"><span class=\"woocommerce-Price-amount amount\"><span class=\"woocommerce-Price-currencySymbol\">&#36;<\/span>&nbsp;45.90<\/span><\/span>\n<\/div>\t\t<\/div><!-- box-text -->\n\t<\/div><!-- box -->\n\t\t<\/div><!-- .col-inner -->\n<\/div><!-- col -->\t            \t\t\t\t\t\n<div class=\"product-small col has-hover post-51313 product type-product status-publish has-post-thumbnail product_cat-yaslanma-karsiti-bakim-ueruenleri product_cat-yaslanma-karsiti-seri product_cat-yuez-bakim-ueruenleri product_cat-yuez-ve-goez-serumlari product_tag-genc-yuez-cildi product_tag-genclestirme product_tag-guezel-cilt product_tag-pueruezsuez-yuez-cildi last instock shipping-taxable purchasable product-type-simple\">\n\t<div class=\"col-inner\">\t\n\t\n<div class=\"badge-container absolute left top z-1\">\n<\/div>\t<div class=\"product-small box \">\n\t\t<div class=\"box-image\">\n\t\t\t<div class=\"image-none\">\n\t\t\t\t<a href=\"https:\/\/seacare.com\/tr\/product\/yaslanma-karsiti-yuez-serumu-50-ml-seasare\/\">\n\t\t\t\t\t<img loading=\"lazy\" decoding=\"async\" width=\"247\" height=\"300\" src=\"https:\/\/seacare.com\/wp-content\/uploads\/2017\/03\/1-20-247x300.jpg\" class=\"attachment-shop_catalog size-shop_catalog wp-post-image\" alt=\"1\" title=\"1\" \/>\t\t\t\t<\/a>\n\t\t\t<\/div>\n\t\t\t<div class=\"image-tools is-small top right show-on-hover\">\n\t\t\t\t\t\t\t<\/div>\n\t\t\t<div class=\"image-tools is-small hide-for-small bottom left show-on-hover\">\n\t\t\t\t\t\t\t<\/div>\n\t\t\t<div class=\"image-tools grid-tools text-center hide-for-small bottom hover-slide-in show-on-hover\">\n\t\t\t\t  <a class=\"quick-view\" data-prod=\"51313\" href=\"#quick-view\">Quick View<\/a>\t\t\t<\/div>\n\t\t\t\t\t<\/div><!-- box-image -->\n\n\t\t<div class=\"box-text box-text-products\">\n\t\t\t<div class=\"title-wrapper\">  <p class=\"category uppercase is-smaller no-text-overflow product-cat op-7\">\n        Ya\u015flanma kar\u015f\u0131t\u0131 bak\u0131m \u00fcr\u00fcnleri   <\/p> <p class=\"name product-title\"><a href=\"https:\/\/seacare.com\/tr\/product\/yaslanma-karsiti-yuez-serumu-50-ml-seasare\/\">Ya\u015flanma kar\u015f\u0131t\u0131 y\u00fcz serumu, 50 ml, Sea\u0421are<\/a><\/p><\/div><div class=\"price-wrapper\">\n\t<span class=\"price\"><span class=\"woocommerce-Price-amount amount\"><span class=\"woocommerce-Price-currencySymbol\">&#36;<\/span>&nbsp;56.90<\/span><\/span>\n<\/div>\t\t<\/div><!-- box-text -->\n\t<\/div><!-- box -->\n\t\t<\/div><!-- .col-inner -->\n<\/div><!-- col -->\t            \t\t\t\t\t\n<div class=\"product-small col has-hover post-51216 product type-product status-publish has-post-thumbnail product_cat-24k-gold-serisi product_cat-yaslanma-karsiti-bakim-ueruenleri product_cat-yuez-bakim-ueruenleri product_cat-yuez-ve-goez-serumlari product_tag-genc-yuez-cildi product_tag-genclestirme product_tag-guezel-cilt first instock shipping-taxable purchasable product-type-simple\">\n\t<div class=\"col-inner\">\t\n\t\n<div class=\"badge-container absolute left top z-1\">\n<\/div>\t<div class=\"product-small box \">\n\t\t<div class=\"box-image\">\n\t\t\t<div class=\"image-none\">\n\t\t\t\t<a href=\"https:\/\/seacare.com\/tr\/product\/yaslanma-karsiti-sikilastirici-ve-esneklik-artirici-serum-50-ml-seacare\/\">\n\t\t\t\t\t<img loading=\"lazy\" decoding=\"async\" width=\"247\" height=\"300\" src=\"https:\/\/seacare.com\/wp-content\/uploads\/2018\/10\/1-3-247x300.jpg\" class=\"attachment-shop_catalog size-shop_catalog wp-post-image\" alt=\"1\" title=\"1\" \/>\t\t\t\t<\/a>\n\t\t\t<\/div>\n\t\t\t<div class=\"image-tools is-small top right show-on-hover\">\n\t\t\t\t\t\t\t<\/div>\n\t\t\t<div class=\"image-tools is-small hide-for-small bottom left show-on-hover\">\n\t\t\t\t\t\t\t<\/div>\n\t\t\t<div class=\"image-tools grid-tools text-center hide-for-small bottom hover-slide-in show-on-hover\">\n\t\t\t\t  <a class=\"quick-view\" data-prod=\"51216\" href=\"#quick-view\">Quick View<\/a>\t\t\t<\/div>\n\t\t\t\t\t<\/div><!-- box-image -->\n\n\t\t<div class=\"box-text box-text-products\">\n\t\t\t<div class=\"title-wrapper\">  <p class=\"category uppercase is-smaller no-text-overflow product-cat op-7\">\n        24K Gold serisi   <\/p> <p class=\"name product-title\"><a href=\"https:\/\/seacare.com\/tr\/product\/yaslanma-karsiti-sikilastirici-ve-esneklik-artirici-serum-50-ml-seacare\/\">Ya\u015flanma kar\u015f\u0131t\u0131 s\u0131k\u0131la\u015ft\u0131r\u0131c\u0131 ve esneklik art\u0131r\u0131c\u0131 serum, 50 ml, SeaCare<\/a><\/p><\/div><div class=\"price-wrapper\">\n\t<span class=\"price\"><span class=\"woocommerce-Price-amount amount\"><span class=\"woocommerce-Price-currencySymbol\">&#36;<\/span>&nbsp;64.90<\/span><\/span>\n<\/div>\t\t<\/div><!-- box-text -->\n\t<\/div><!-- box -->\n\t\t<\/div><!-- .col-inner -->\n<\/div><!-- col -->\t            \t\t\t\t\t\n<div class=\"product-small col has-hover post-51338 product type-product status-publish has-post-thumbnail product_cat-genclestirici-organik-seri product_cat-organik-bakim-ueruenleri product_cat-yaslanma-karsiti-bakim-ueruenleri product_cat-yuez-bakim-ueruenleri product_cat-yuez-ve-goez-serumlari product_tag-genc-yuez-cildi product_tag-genclestirme product_tag-pueruezsuez-cilt product_tag-pueruezsuez-yuez-cildi  instock shipping-taxable purchasable product-type-simple\">\n\t<div class=\"col-inner\">\t\n\t\n<div class=\"badge-container absolute left top z-1\">\n<\/div>\t<div class=\"product-small box \">\n\t\t<div class=\"box-image\">\n\t\t\t<div class=\"image-none\">\n\t\t\t\t<a href=\"https:\/\/seacare.com\/tr\/product\/organik-genclestirici-yuez-serumu-50-ml-seasare\/\">\n\t\t\t\t\t<img loading=\"lazy\" decoding=\"async\" width=\"247\" height=\"300\" src=\"https:\/\/seacare.com\/wp-content\/uploads\/2019\/10\/1-4-247x300.jpg\" class=\"attachment-shop_catalog size-shop_catalog wp-post-image\" alt=\"1\" title=\"1\" \/>\t\t\t\t<\/a>\n\t\t\t<\/div>\n\t\t\t<div class=\"image-tools is-small top right show-on-hover\">\n\t\t\t\t\t\t\t<\/div>\n\t\t\t<div class=\"image-tools is-small hide-for-small bottom left show-on-hover\">\n\t\t\t\t\t\t\t<\/div>\n\t\t\t<div class=\"image-tools grid-tools text-center hide-for-small bottom hover-slide-in show-on-hover\">\n\t\t\t\t  <a class=\"quick-view\" data-prod=\"51338\" href=\"#quick-view\">Quick View<\/a>\t\t\t<\/div>\n\t\t\t\t\t<\/div><!-- box-image -->\n\n\t\t<div class=\"box-text box-text-products\">\n\t\t\t<div class=\"title-wrapper\">  <p class=\"category uppercase is-smaller no-text-overflow product-cat op-7\">\n        Gen\u00e7le\u015ftirici organik seri   <\/p> <p class=\"name product-title\"><a href=\"https:\/\/seacare.com\/tr\/product\/organik-genclestirici-yuez-serumu-50-ml-seasare\/\">Organik gen\u00e7le\u015ftirici y\u00fcz serumu, 50 ml, Sea\u0421are<\/a><\/p><\/div><div class=\"price-wrapper\">\n\t<span class=\"price\"><span class=\"woocommerce-Price-amount amount\"><span class=\"woocommerce-Price-currencySymbol\">&#36;<\/span>&nbsp;48.90<\/span><\/span>\n<\/div>\t\t<\/div><!-- box-text -->\n\t<\/div><!-- box -->\n\t\t<\/div><!-- .col-inner -->\n<\/div><!-- col -->\t            \n\t        <\/div>\n","protected":false},"excerpt":{"rendered":"<p>t\u00fcm cilt tipleri i\u00e7in<br \/>\n30\u00a0ml &#8211; 1,0 fl.oz.<\/p>\n","protected":false},"featured_media":59487,"comment_status":"open","ping_status":"closed","template":"","meta":[],"_links":{"self":[{"href":"https:\/\/seacare.com\/tr\/wp-json\/wp\/v2\/product\/51633"}],"collection":[{"href":"https:\/\/seacare.com\/tr\/wp-json\/wp\/v2\/product"}],"about":[{"href":"https:\/\/seacare.com\/tr\/wp-json\/wp\/v2\/types\/product"}],"replies":[{"embeddable":true,"href":"https:\/\/seacare.com\/tr\/wp-json\/wp\/v2\/comments?post=51633"}],"wp:featuredmedia":[{"embeddable":true,"href":"https:\/\/seacare.com\/tr\/wp-json\/wp\/v2\/media\/59487"}],"wp:attachment":[{"href":"https:\/\/seacare.com\/tr\/wp-json\/wp\/v2\/media?parent=51633"}],"curies":[{"name":"wp","href":"https:\/\/api.w.org\/{rel}","templated":true}]}}