{"id":51699,"date":"2020-07-16T09:55:23","date_gmt":"2022-02-02T10:45:21","guid":{"rendered":"https:\/\/seacare.com\/ru\/?post_type=product&#038;p=51699"},"modified":"2022-02-03T16:12:01","modified_gmt":"2022-02-03T13:12:01","slug":"erkek-el-kremi-150-ml-seacare","status":"publish","type":"product","link":"https:\/\/seacare.com\/tr\/product\/erkek-el-kremi-150-ml-seacare\/","title":{"rendered":"Erkek el kremi, 150 ml, SeaCare"},"content":{"rendered":"<p>SeaCare erkek el kremi, \u00f6zenle se\u00e7ilmi\u015f aktif bile\u015fen, do\u011fal ya\u011f ve mineral kombinasyonlar\u0131n\u0131 i\u00e7eren benzersiz zengin bir \u00fcr\u00fcnd\u00fcr. Krem form\u00fcl\u00fc, \u00d6l\u00fc Deniz mineralleri ile zenginle\u015ftirilmi\u015f olup cilt y\u00fczeyindeki lipid bariyerini normalle\u015ftiren etkili bir nemlendirici kompleks olan DuraQuench IQ i\u00e7erir. Hafif dokulu ve h\u0131zla emilen bu krem,  cilt i\u00e7in antienflamatuvar, antimikrobiyal, yat\u0131\u015ft\u0131r\u0131c\u0131 ve ka\u015f\u0131nt\u0131 \u00f6nleyici etkileri sa\u011flayan do\u011fal bir bile\u015fen olan aloe vera \u00f6z\u00fcn\u00fc, cildi besleyen ve hasarlardan koruyan g\u00fc\u00e7l\u00fc bir antioksidan olan zeytinya\u011f\u0131, cildi nemlendiren ve yumu\u015fatan etkili do\u011fal bile\u015fenler olan shea ya\u011f\u0131 ve skualen ya\u011f\u0131 ve de antimikrobiyal ve nemlendirici \u00f6zellikleri birle\u015ftiren %100 do\u011fal bir bitki \u00f6z\u00fc olan Dermosoft GMCY i\u00e7erir. SeaCare erkek el kremi, yorgun cildi nemlendirir, rahatlat\u0131r ve yat\u0131\u015ft\u0131r\u0131r, cildin yumu\u015fak, esnek ve p\u00fcr\u00fczs\u00fcz olmas\u0131n\u0131 sa\u011flar.<\/p>\n<p><strong>Kullan\u0131m \u015fekli:<\/strong> Tamamen emilene kadar dairesel masaj hareketleriyle ellerinize uygulay\u0131n.<\/p>\n<h3>Anahtar bile\u015fenler<\/h3>\n<hr \/>\n<div class=\"row\"  id=\"row-302730746\">\n<div class=\"col medium-6 small-12 large-6\"  ><div class=\"col-inner\"  >\n<div class=\"row\"  id=\"row-1852979363\">\n<div class=\"col medium-3 small-12 large-3\"  ><div class=\"col-inner\"  >\n    <div class=\"img has-hover x md-x lg-x y md-y lg-y\" id=\"image_330247154\">\n                <div class=\"img-inner dark\" >\n        <img loading=\"lazy\" decoding=\"async\" width=\"500\" height=\"500\" src=\"https:\/\/seacare.com\/wp-content\/uploads\/2017\/03\/minerals-1.png\" class=\"attachment-large size-large\" alt=\"\" srcset=\"https:\/\/seacare.com\/wp-content\/uploads\/2017\/03\/minerals-1.png 500w, https:\/\/seacare.com\/wp-content\/uploads\/2017\/03\/minerals-1-280x280.png 280w, https:\/\/seacare.com\/wp-content\/uploads\/2017\/03\/minerals-1-400x400.png 400w, https:\/\/seacare.com\/wp-content\/uploads\/2017\/03\/minerals-1-180x180.png 180w, https:\/\/seacare.com\/wp-content\/uploads\/2017\/03\/minerals-1-300x300.png 300w\" sizes=\"(max-width: 500px) 100vw, 500px\" \/>                \n            <\/div>\n                   \n<style scope=\"scope\">\n\n<\/style>\n    <\/div>\n    \n<\/div><\/div>\n<div class=\"col medium-9 small-12 large-9\"  ><div class=\"col-inner\"  >\n<h4>\u00d6l\u00fc Deniz Mineralleri<\/h4>\n<p>\u00d6l\u00fc Deniz, kan\u0131tlanm\u0131\u015f verilere g\u00f6re cildin g\u00f6r\u00fcn\u00fcm\u00fcn\u00fc iyile\u015ftiren ve sa\u011fl\u0131kl\u0131 ve gen\u00e7 kalmas\u0131n\u0131 sa\u011flayan 20\u2019den fazla mineral i\u00e7erir. \u00d6l\u00fc Deniz k\u0131y\u0131lar\u0131nda yeti\u015fen bitkiler bile <a href=\"\/tr\/oelue-deniz-mineralleri\/\">Etrafl\u0131ca&#8230;<\/a><\/p>\n<\/div><\/div>\n<\/div>\n<\/div><\/div>\n<div class=\"col medium-6 small-12 large-6\"  ><div class=\"col-inner\"  >\n<div class=\"row\"  id=\"row-1452982020\">\n<div class=\"col medium-3 small-12 large-3\"  ><div class=\"col-inner\"  >\n    <div class=\"img has-hover x md-x lg-x y md-y lg-y\" id=\"image_95569746\">\n                <div class=\"img-inner dark\" >\n        <img loading=\"lazy\" decoding=\"async\" width=\"500\" height=\"500\" src=\"https:\/\/seacare.com\/wp-content\/uploads\/2017\/03\/aloe.png\" class=\"attachment-large size-large\" alt=\"\" srcset=\"https:\/\/seacare.com\/wp-content\/uploads\/2017\/03\/aloe.png 500w, https:\/\/seacare.com\/wp-content\/uploads\/2017\/03\/aloe-280x280.png 280w, https:\/\/seacare.com\/wp-content\/uploads\/2017\/03\/aloe-400x400.png 400w, https:\/\/seacare.com\/wp-content\/uploads\/2017\/03\/aloe-180x180.png 180w, https:\/\/seacare.com\/wp-content\/uploads\/2017\/03\/aloe-300x300.png 300w\" sizes=\"(max-width: 500px) 100vw, 500px\" \/>                \n            <\/div>\n                   \n<style scope=\"scope\">\n\n<\/style>\n    <\/div>\n    \n<\/div><\/div>\n<div class=\"col medium-9 small-12 large-9\"  ><div class=\"col-inner\"  >\n<h4>Aloe Vera<\/h4>\n<p>Aloe Vera, v\u00fccut cildini nemlendirmeye, beslemeye ve iyile\u015ftirmeye yard\u0131mc\u0131 olur, epitelin \u00fcst tabakas\u0131n\u0131n restorasyonunu ve gen\u00e7le\u015fmesini sa\u011flar. Ayr\u0131ca Aloe Vera cildin ya\u015flanmas\u0131na, esneklik <a href=\"\/tr\/aloe-vera\/\">Etrafl\u0131ca&#8230;<\/a><\/p>\n<\/div><\/div>\n<\/div>\n<\/div><\/div>\n<div class=\"col medium-6 small-12 large-6\"  ><div class=\"col-inner\"  >\n<div class=\"row\"  id=\"row-2043133364\">\n<div class=\"col medium-3 small-12 large-3\"  ><div class=\"col-inner\"  >\n    <div class=\"img has-hover x md-x lg-x y md-y lg-y\" id=\"image_1126172617\">\n                <div class=\"img-inner dark\" >\n        <img loading=\"lazy\" decoding=\"async\" width=\"500\" height=\"500\" src=\"https:\/\/seacare.com\/wp-content\/uploads\/2017\/03\/olive.png\" class=\"attachment-large size-large\" alt=\"\u041e\u043b\u0438\u0432\u043a\u043e\u0432\u043e\u0435 \u041c\u0430\u0441\u043b\u043e\" srcset=\"https:\/\/seacare.com\/wp-content\/uploads\/2017\/03\/olive.png 500w, https:\/\/seacare.com\/wp-content\/uploads\/2017\/03\/olive-280x280.png 280w, https:\/\/seacare.com\/wp-content\/uploads\/2017\/03\/olive-400x400.png 400w, https:\/\/seacare.com\/wp-content\/uploads\/2017\/03\/olive-180x180.png 180w, https:\/\/seacare.com\/wp-content\/uploads\/2017\/03\/olive-300x300.png 300w\" sizes=\"(max-width: 500px) 100vw, 500px\" \/>                \n            <\/div>\n                   \n<style scope=\"scope\">\n\n<\/style>\n    <\/div>\n    \n<\/div><\/div>\n<div class=\"col medium-9 small-12 large-9\"  ><div class=\"col-inner\"  >\n<h4>Zeytinya\u011f\u0131<\/h4>\n<p>Zeytinya\u011f\u0131, temizleyici, nemlendirici ve cilt koruyucu olarak kullan\u0131lmas\u0131n\u0131 sa\u011flayan d\u00f6rt temel antioksidan i\u00e7erir. Bu antioksidanlar aras\u0131nda A ve E vitaminleri bulunur. E vitamini, cilt esnekli\u011finin <a href=\"\/tr\/zeytinyagi\/\">Etrafl\u0131ca&#8230;<\/a><\/p>\n<\/div><\/div>\n<\/div>\n<\/div><\/div>\n<div class=\"col medium-6 small-12 large-6\"  ><div class=\"col-inner\"  >\n<div class=\"row\"  id=\"row-723490920\">\n<div class=\"col medium-3 small-12 large-3\"  ><div class=\"col-inner\"  >\n    <div class=\"img has-hover x md-x lg-x y md-y lg-y\" id=\"image_1133514938\">\n                <div class=\"img-inner dark\" >\n        <img loading=\"lazy\" decoding=\"async\" width=\"500\" height=\"500\" src=\"https:\/\/seacare.com\/wp-content\/uploads\/2020\/07\/1.jpg\" class=\"attachment-large size-large\" alt=\"\" srcset=\"https:\/\/seacare.com\/wp-content\/uploads\/2020\/07\/1.jpg 500w, https:\/\/seacare.com\/wp-content\/uploads\/2020\/07\/1-247x247.jpg 247w, https:\/\/seacare.com\/wp-content\/uploads\/2020\/07\/1-400x400.jpg 400w, https:\/\/seacare.com\/wp-content\/uploads\/2020\/07\/1-180x180.jpg 180w\" sizes=\"(max-width: 500px) 100vw, 500px\" \/>                \n            <\/div>\n                   \n<style scope=\"scope\">\n\n<\/style>\n    <\/div>\n    \n<\/div><\/div>\n<div class=\"col medium-9 small-12 large-9\"  ><div class=\"col-inner\"  >\n<h4>DuraQuench\u2122 IQ<\/h4>\n<p>DuraQuench\u2122 IQ, cildin y\u00fczeyinde ak\u0131ll\u0131 bir yap\u0131sal tabaka olu\u015fturmak i\u00e7in \u00e7ift mekanizma kullanan ve ayn\u0131 zamanda nem kayb\u0131n\u0131 i\u00e7eriden d\u00fczenleyerek cildin do\u011fal bariyerini g\u00fc\u00e7lendiren <a href=\"\/tr\/duraquench-iq\/\">Etrafl\u0131ca&#8230;<\/a><\/p>\n<\/div><\/div>\n<\/div>\n<\/div><\/div>\n<div class=\"col medium-6 small-12 large-6\"  ><div class=\"col-inner\"  >\n<div class=\"row\"  id=\"row-1525366474\">\n<div class=\"col medium-3 small-12 large-3\"  ><div class=\"col-inner\"  >\n    <div class=\"img has-hover x md-x lg-x y md-y lg-y\" id=\"image_64493592\">\n                <div class=\"img-inner dark\" >\n        <img loading=\"lazy\" decoding=\"async\" width=\"500\" height=\"500\" src=\"https:\/\/seacare.com\/wp-content\/uploads\/2017\/03\/shea.png\" class=\"attachment-large size-large\" alt=\"\" srcset=\"https:\/\/seacare.com\/wp-content\/uploads\/2017\/03\/shea.png 500w, https:\/\/seacare.com\/wp-content\/uploads\/2017\/03\/shea-280x280.png 280w, https:\/\/seacare.com\/wp-content\/uploads\/2017\/03\/shea-400x400.png 400w, https:\/\/seacare.com\/wp-content\/uploads\/2017\/03\/shea-180x180.png 180w, https:\/\/seacare.com\/wp-content\/uploads\/2017\/03\/shea-300x300.png 300w\" sizes=\"(max-width: 500px) 100vw, 500px\" \/>                \n            <\/div>\n                   \n<style scope=\"scope\">\n\n<\/style>\n    <\/div>\n    \n<\/div><\/div>\n<div class=\"col medium-9 small-12 large-9\"  ><div class=\"col-inner\"  >\n<h4>Shea Ya\u011f\u0131<\/h4>\n<p>Shea ya\u011f\u0131, leke, k\u0131r\u0131\u015f\u0131kl\u0131k, egzama ve dermatit gibi cilt sorunlar\u0131n\u0131n giderilmesi i\u00e7in \u00f6nemlidir. Ayr\u0131ca alerji, b\u00f6cek \u0131s\u0131r\u0131klar\u0131, yan\u0131k, donma ve di\u011fer cilt rahats\u0131zl\u0131klar\u0131n\u0131 tedavi edici \u00f6zelliklere  <a href=\"\/tr\/shea-yagi\/\">Etrafl\u0131ca&#8230;<\/a><\/p>\n<\/div><\/div>\n<\/div>\n<\/div><\/div>\n<div class=\"col medium-6 small-12 large-6\"  ><div class=\"col-inner\"  >\n<div class=\"row\"  id=\"row-890784594\">\n<div class=\"col medium-3 small-12 large-3\"  ><div class=\"col-inner\"  >\n    <div class=\"img has-hover x md-x lg-x y md-y lg-y\" id=\"image_416992973\">\n                <div class=\"img-inner dark\" >\n        <img loading=\"lazy\" decoding=\"async\" width=\"500\" height=\"500\" src=\"https:\/\/seacare.com\/wp-content\/uploads\/2018\/10\/Squalin2png.png\" class=\"attachment-large size-large\" alt=\"\u0421\u043a\u0432\u0430\u043b\u0430\u043d\u043e\u0432\u043e\u0435 \u043c\u0430\u0441\u043b\u043e\" srcset=\"https:\/\/seacare.com\/wp-content\/uploads\/2018\/10\/Squalin2png.png 500w, https:\/\/seacare.com\/wp-content\/uploads\/2018\/10\/Squalin2png-247x247.png 247w, https:\/\/seacare.com\/wp-content\/uploads\/2018\/10\/Squalin2png-400x400.png 400w, https:\/\/seacare.com\/wp-content\/uploads\/2018\/10\/Squalin2png-180x180.png 180w\" sizes=\"(max-width: 500px) 100vw, 500px\" \/>                \n            <\/div>\n                   \n<style scope=\"scope\">\n\n<\/style>\n    <\/div>\n    \n<\/div><\/div>\n<div class=\"col medium-9 small-12 large-9\"  ><div class=\"col-inner\"  >\n<h4>Skualen Ya\u011f\u0131<\/h4>\n<p>Skualen ya\u011f\u0131, m\u00fckemmel bir nemlendirici olup cildi yumu\u015fak ve ipeksi hale getirir. Ya\u015fl\u0131l\u0131k lekelerine ve erken ya\u015flanmaya neden olabilecek serbest radikallerden korumaya yard\u0131mc\u0131 olur.  <a href=\"\/tr\/skualen-yagi\/\">Etrafl\u0131ca&#8230;<\/a><\/p>\n<\/div><\/div>\n<\/div>\n<\/div><\/div>\n<div class=\"col medium-6 small-12 large-6\"  ><div class=\"col-inner\"  >\n<div class=\"row\"  id=\"row-1860186518\">\n<div class=\"col medium-3 small-12 large-3\"  ><div class=\"col-inner\"  >\n    <div class=\"img has-hover x md-x lg-x y md-y lg-y\" id=\"image_1618074019\">\n                <div class=\"img-inner dark\" >\n        <img loading=\"lazy\" decoding=\"async\" width=\"500\" height=\"500\" src=\"https:\/\/seacare.com\/wp-content\/uploads\/2020\/07\/2.jpg\" class=\"attachment-large size-large\" alt=\"\" srcset=\"https:\/\/seacare.com\/wp-content\/uploads\/2020\/07\/2.jpg 500w, https:\/\/seacare.com\/wp-content\/uploads\/2020\/07\/2-247x247.jpg 247w, https:\/\/seacare.com\/wp-content\/uploads\/2020\/07\/2-400x400.jpg 400w, https:\/\/seacare.com\/wp-content\/uploads\/2020\/07\/2-180x180.jpg 180w\" sizes=\"(max-width: 500px) 100vw, 500px\" \/>                \n            <\/div>\n                   \n<style scope=\"scope\">\n\n<\/style>\n    <\/div>\n    \n<\/div><\/div>\n<div class=\"col medium-9 small-12 large-9\"  ><div class=\"col-inner\"  >\n<h4>Dermosoft\u00ae GMCY<\/h4>\n<p>Dermosoft\u00ae GMCY nemlendirici ve yenileyici \u00f6zelliklere sahiptir. Cildin nem ve dengesini iyile\u015ftirmeye ve korumaya yard\u0131mc\u0131 olur. Ayr\u0131ca Dermosoft GMCY, Propionibacterium <a href=\"\/tr\/dermosoft-gmcy\/\">Etrafl\u0131ca&#8230;<\/a><\/p>\n<\/div><\/div>\n<\/div>\n<\/div><\/div>\n<\/div>\n<h3>Serideki di\u011fer \u00fcr\u00fcnler<\/h3>\n\n  \n    <div class=\"row large-columns-4 medium-columns- small-columns-2 row-small slider row-slider slider-nav-reveal slider-nav-push\"  data-flickity-options='{\"imagesLoaded\": true, \"groupCells\": \"100%\", \"dragThreshold\" : 5, \"cellAlign\": \"left\",\"wrapAround\": true,\"prevNextButtons\": true,\"percentPosition\": true,\"pageDots\": false, \"rightToLeft\": false, \"autoPlay\" : false}'>\n\n  \t<\/div>\n<h3>Di\u011fer serilerdeki benzer \u00fcr\u00fcnler<\/h3>\n\n  \n    <div class=\"row large-columns-4 medium-columns- small-columns-2 row-small slider row-slider slider-nav-reveal slider-nav-push\"  data-flickity-options='{\"imagesLoaded\": true, \"groupCells\": \"100%\", \"dragThreshold\" : 5, \"cellAlign\": \"left\",\"wrapAround\": true,\"prevNextButtons\": true,\"percentPosition\": true,\"pageDots\": false, \"rightToLeft\": false, \"autoPlay\" : false}'>\n\n  \t\n\t            \t\t\t\t\t\n<div class=\"product-small col has-hover post-51547 product type-product status-publish has-post-thumbnail product_cat-el-ve-ayak-kremleri product_cat-oelue-deniz-bakim-ueruenleri product_cat-oelue-deniz-spa-serisi product_cat-vuecut-bakim-ueruenleri product_tag-guezel-cilt product_tag-pueruezsuez-cilt first instock shipping-taxable purchasable product-type-simple\">\n\t<div class=\"col-inner\">\t\n\t\n<div class=\"badge-container absolute left top z-1\">\n<\/div>\t<div class=\"product-small box \">\n\t\t<div class=\"box-image\">\n\t\t\t<div class=\"image-none\">\n\t\t\t\t<a href=\"https:\/\/seacare.com\/tr\/product\/el-kremi-150-ml-seacare\/\">\n\t\t\t\t\t<img loading=\"lazy\" decoding=\"async\" width=\"247\" height=\"300\" src=\"https:\/\/seacare.com\/wp-content\/uploads\/2017\/03\/1.-Hand-Cream-\u043a\u043e\u043f\u0438\u044f-247x300.jpg\" class=\"attachment-shop_catalog size-shop_catalog wp-post-image\" alt=\"1. Hand Cream \u043a\u043e\u043f\u0438\u044f\" title=\"1. Hand Cream \u043a\u043e\u043f\u0438\u044f\" \/>\t\t\t\t<\/a>\n\t\t\t<\/div>\n\t\t\t<div class=\"image-tools is-small top right show-on-hover\">\n\t\t\t\t\t\t\t<\/div>\n\t\t\t<div class=\"image-tools is-small hide-for-small bottom left show-on-hover\">\n\t\t\t\t\t\t\t<\/div>\n\t\t\t<div class=\"image-tools grid-tools text-center hide-for-small bottom hover-slide-in show-on-hover\">\n\t\t\t\t  <a class=\"quick-view\" data-prod=\"51547\" href=\"#quick-view\">Quick View<\/a>\t\t\t<\/div>\n\t\t\t\t\t<\/div><!-- box-image -->\n\n\t\t<div class=\"box-text box-text-products\">\n\t\t\t<div class=\"title-wrapper\">  <p class=\"category uppercase is-smaller no-text-overflow product-cat op-7\">\n        El ve ayak kremleri   <\/p> <p class=\"name product-title\"><a href=\"https:\/\/seacare.com\/tr\/product\/el-kremi-150-ml-seacare\/\">El kremi, 150 ml, SeaCare<\/a><\/p><\/div><div class=\"price-wrapper\">\n\t<span class=\"price\"><span class=\"woocommerce-Price-amount amount\"><span class=\"woocommerce-Price-currencySymbol\">&#36;<\/span>&nbsp;28.90<\/span><\/span>\n<\/div>\t\t<\/div><!-- box-text -->\n\t<\/div><!-- box -->\n\t\t<\/div><!-- .col-inner -->\n<\/div><!-- col -->\t            \t\t\t\t\t\n<div class=\"product-small col has-hover post-51603 product type-product status-publish has-post-thumbnail product_cat-el-ve-ayak-kremleri product_cat-organik-bakim-ueruenleri product_cat-organik-spa-serisi product_cat-vuecut-bakim-ueruenleri product_tag-guezel-cilt product_tag-pueruezsuez-cilt  instock shipping-taxable purchasable product-type-simple\">\n\t<div class=\"col-inner\">\t\n\t\n<div class=\"badge-container absolute left top z-1\">\n<\/div>\t<div class=\"product-small box \">\n\t\t<div class=\"box-image\">\n\t\t\t<div class=\"image-none\">\n\t\t\t\t<a href=\"https:\/\/seacare.com\/tr\/product\/organik-el-kremi-150-ml-seacare\/\">\n\t\t\t\t\t<img loading=\"lazy\" decoding=\"async\" width=\"247\" height=\"300\" src=\"https:\/\/seacare.com\/wp-content\/uploads\/2020\/06\/Organic-Care-Hand-Cream-SC-1-copy-247x300.jpg\" class=\"attachment-shop_catalog size-shop_catalog wp-post-image\" alt=\"Organic Care Hand Cream \u041b\u0435\u0442\u0443\u0430\u043b\u044c\" title=\"Organic Care Hand Cream \u041b\u0435\u0442\u0443\u0430\u043b\u044c\" \/>\t\t\t\t<\/a>\n\t\t\t<\/div>\n\t\t\t<div class=\"image-tools is-small top right show-on-hover\">\n\t\t\t\t\t\t\t<\/div>\n\t\t\t<div class=\"image-tools is-small hide-for-small bottom left show-on-hover\">\n\t\t\t\t\t\t\t<\/div>\n\t\t\t<div class=\"image-tools grid-tools text-center hide-for-small bottom hover-slide-in show-on-hover\">\n\t\t\t\t  <a class=\"quick-view\" data-prod=\"51603\" href=\"#quick-view\">Quick View<\/a>\t\t\t<\/div>\n\t\t\t\t\t<\/div><!-- box-image -->\n\n\t\t<div class=\"box-text box-text-products\">\n\t\t\t<div class=\"title-wrapper\">  <p class=\"category uppercase is-smaller no-text-overflow product-cat op-7\">\n        El ve ayak kremleri   <\/p> <p class=\"name product-title\"><a href=\"https:\/\/seacare.com\/tr\/product\/organik-el-kremi-150-ml-seacare\/\">Organik el kremi, 150 ml, SeaCare<\/a><\/p><\/div><div class=\"price-wrapper\">\n\t<span class=\"price\"><span class=\"woocommerce-Price-amount amount\"><span class=\"woocommerce-Price-currencySymbol\">&#36;<\/span>&nbsp;36.90<\/span><\/span>\n<\/div>\t\t<\/div><!-- box-text -->\n\t<\/div><!-- box -->\n\t\t<\/div><!-- .col-inner -->\n<\/div><!-- col -->\t            \t\t\t\t\t\n<div class=\"product-small col has-hover post-51460 product type-product status-publish has-post-thumbnail product_cat-el-ve-ayak-kremleri product_cat-oelue-deniz-bakim-ueruenleri product_cat-oelue-deniz-spa-serisi product_cat-vuecut-bakim-ueruenleri  instock shipping-taxable purchasable product-type-simple\">\n\t<div class=\"col-inner\">\t\n\t\n<div class=\"badge-container absolute left top z-1\">\n<\/div>\t<div class=\"product-small box \">\n\t\t<div class=\"box-image\">\n\t\t\t<div class=\"image-none\">\n\t\t\t\t<a href=\"https:\/\/seacare.com\/tr\/product\/el-suetue-150-ml-seacare\/\">\n\t\t\t\t\t<img loading=\"lazy\" decoding=\"async\" width=\"247\" height=\"300\" src=\"https:\/\/seacare.com\/wp-content\/uploads\/2020\/07\/DS-Hand-Milk-SC-1-copy-247x300.jpg\" class=\"attachment-shop_catalog size-shop_catalog wp-post-image\" alt=\"DS Hand Milk \u041b\u0435\u0442\u0443\u0430\u043b\u044c\" title=\"DS Hand Milk \u041b\u0435\u0442\u0443\u0430\u043b\u044c\" \/>\t\t\t\t<\/a>\n\t\t\t<\/div>\n\t\t\t<div class=\"image-tools is-small top right show-on-hover\">\n\t\t\t\t\t\t\t<\/div>\n\t\t\t<div class=\"image-tools is-small hide-for-small bottom left show-on-hover\">\n\t\t\t\t\t\t\t<\/div>\n\t\t\t<div class=\"image-tools grid-tools text-center hide-for-small bottom hover-slide-in show-on-hover\">\n\t\t\t\t  <a class=\"quick-view\" data-prod=\"51460\" href=\"#quick-view\">Quick View<\/a>\t\t\t<\/div>\n\t\t\t\t\t<\/div><!-- box-image -->\n\n\t\t<div class=\"box-text box-text-products\">\n\t\t\t<div class=\"title-wrapper\">  <p class=\"category uppercase is-smaller no-text-overflow product-cat op-7\">\n        El ve ayak kremleri   <\/p> <p class=\"name product-title\"><a href=\"https:\/\/seacare.com\/tr\/product\/el-suetue-150-ml-seacare\/\">El S\u00fct\u00fc, 150 ml, Sea\u0421are<\/a><\/p><\/div><div class=\"price-wrapper\">\n\t<span class=\"price\"><span class=\"woocommerce-Price-amount amount\"><span class=\"woocommerce-Price-currencySymbol\">&#36;<\/span>&nbsp;30.90<\/span><\/span>\n<\/div>\t\t<\/div><!-- box-text -->\n\t<\/div><!-- box -->\n\t\t<\/div><!-- .col-inner -->\n<\/div><!-- col -->\t            \t\t\t\t\t\n<div class=\"product-small col has-hover post-51540 product type-product status-publish has-post-thumbnail product_cat-el-ve-ayak-kremleri product_cat-oelue-deniz-bakim-ueruenleri product_cat-oelue-deniz-spa-serisi product_cat-vuecut-bakim-ueruenleri product_tag-guezel-cilt product_tag-pueruezsuez-cilt last instock shipping-taxable purchasable product-type-simple\">\n\t<div class=\"col-inner\">\t\n\t\n<div class=\"badge-container absolute left top z-1\">\n<\/div>\t<div class=\"product-small box \">\n\t\t<div class=\"box-image\">\n\t\t\t<div class=\"image-none\">\n\t\t\t\t<a href=\"https:\/\/seacare.com\/tr\/product\/ayak-bacak-kremi-150-ml-seacare\/\">\n\t\t\t\t\t<img loading=\"lazy\" decoding=\"async\" width=\"247\" height=\"300\" src=\"https:\/\/seacare.com\/wp-content\/uploads\/2017\/03\/1.-Foot-Cream-\u043a\u043e\u043f\u0438\u044f-247x300.jpg\" class=\"attachment-shop_catalog size-shop_catalog wp-post-image\" alt=\"1. Foot Cream \u043a\u043e\u043f\u0438\u044f\" title=\"1. Foot Cream \u043a\u043e\u043f\u0438\u044f\" \/>\t\t\t\t<\/a>\n\t\t\t<\/div>\n\t\t\t<div class=\"image-tools is-small top right show-on-hover\">\n\t\t\t\t\t\t\t<\/div>\n\t\t\t<div class=\"image-tools is-small hide-for-small bottom left show-on-hover\">\n\t\t\t\t\t\t\t<\/div>\n\t\t\t<div class=\"image-tools grid-tools text-center hide-for-small bottom hover-slide-in show-on-hover\">\n\t\t\t\t  <a class=\"quick-view\" data-prod=\"51540\" href=\"#quick-view\">Quick View<\/a>\t\t\t<\/div>\n\t\t\t\t\t<\/div><!-- box-image -->\n\n\t\t<div class=\"box-text box-text-products\">\n\t\t\t<div class=\"title-wrapper\">  <p class=\"category uppercase is-smaller no-text-overflow product-cat op-7\">\n        El ve ayak kremleri   <\/p> <p class=\"name product-title\"><a href=\"https:\/\/seacare.com\/tr\/product\/ayak-bacak-kremi-150-ml-seacare\/\">Ayak\/bacak kremi, 150 ml, SeaCare<\/a><\/p><\/div><div class=\"price-wrapper\">\n\t<span class=\"price\"><span class=\"woocommerce-Price-amount amount\"><span class=\"woocommerce-Price-currencySymbol\">&#36;<\/span>&nbsp;28.90<\/span><\/span>\n<\/div>\t\t<\/div><!-- box-text -->\n\t<\/div><!-- box -->\n\t\t<\/div><!-- .col-inner -->\n<\/div><!-- col -->\t            \t\t\t\t\t\n<div class=\"product-small col has-hover post-51611 product type-product status-publish has-post-thumbnail product_cat-el-ve-ayak-kremleri product_cat-organik-bakim-ueruenleri product_cat-organik-spa-serisi product_cat-vuecut-bakim-ueruenleri product_tag-guezel-cilt product_tag-pueruezsuez-cilt first instock shipping-taxable purchasable product-type-simple\">\n\t<div class=\"col-inner\">\t\n\t\n<div class=\"badge-container absolute left top z-1\">\n<\/div>\t<div class=\"product-small box \">\n\t\t<div class=\"box-image\">\n\t\t\t<div class=\"image-none\">\n\t\t\t\t<a href=\"https:\/\/seacare.com\/tr\/product\/organik-ayak-bacak-kremi-150-ml-seacare\/\">\n\t\t\t\t\t<img loading=\"lazy\" decoding=\"async\" width=\"247\" height=\"300\" src=\"https:\/\/seacare.com\/wp-content\/uploads\/2020\/06\/Organic-Care-Foot-Cream-SC-1-copy-247x300.jpg\" class=\"attachment-shop_catalog size-shop_catalog wp-post-image\" alt=\"Organic Care Foot Cream SC\" title=\"Organic Care Foot Cream SC\" \/>\t\t\t\t<\/a>\n\t\t\t<\/div>\n\t\t\t<div class=\"image-tools is-small top right show-on-hover\">\n\t\t\t\t\t\t\t<\/div>\n\t\t\t<div class=\"image-tools is-small hide-for-small bottom left show-on-hover\">\n\t\t\t\t\t\t\t<\/div>\n\t\t\t<div class=\"image-tools grid-tools text-center hide-for-small bottom hover-slide-in show-on-hover\">\n\t\t\t\t  <a class=\"quick-view\" data-prod=\"51611\" href=\"#quick-view\">Quick View<\/a>\t\t\t<\/div>\n\t\t\t\t\t<\/div><!-- box-image -->\n\n\t\t<div class=\"box-text box-text-products\">\n\t\t\t<div class=\"title-wrapper\">  <p class=\"category uppercase is-smaller no-text-overflow product-cat op-7\">\n        El ve ayak kremleri   <\/p> <p class=\"name product-title\"><a href=\"https:\/\/seacare.com\/tr\/product\/organik-ayak-bacak-kremi-150-ml-seacare\/\">Organik ayak\/bacak kremi, 150 ml, SeaCare<\/a><\/p><\/div><div class=\"price-wrapper\">\n\t<span class=\"price\"><span class=\"woocommerce-Price-amount amount\"><span class=\"woocommerce-Price-currencySymbol\">&#36;<\/span>&nbsp;36.90<\/span><\/span>\n<\/div>\t\t<\/div><!-- box-text -->\n\t<\/div><!-- box -->\n\t\t<\/div><!-- .col-inner -->\n<\/div><!-- col -->\t            \n\t        <\/div>\n","protected":false},"excerpt":{"rendered":"<p>kuru, p\u00fcr\u00fczl\u00fc veya \u00e7atlam\u0131\u015f cilt i\u00e7in<br \/>\n150 ml &#8211; 5.07 fl.oz.<\/p>\n","protected":false},"featured_media":59287,"comment_status":"open","ping_status":"closed","template":"","meta":[],"_links":{"self":[{"href":"https:\/\/seacare.com\/tr\/wp-json\/wp\/v2\/product\/51699"}],"collection":[{"href":"https:\/\/seacare.com\/tr\/wp-json\/wp\/v2\/product"}],"about":[{"href":"https:\/\/seacare.com\/tr\/wp-json\/wp\/v2\/types\/product"}],"replies":[{"embeddable":true,"href":"https:\/\/seacare.com\/tr\/wp-json\/wp\/v2\/comments?post=51699"}],"wp:featuredmedia":[{"embeddable":true,"href":"https:\/\/seacare.com\/tr\/wp-json\/wp\/v2\/media\/59287"}],"wp:attachment":[{"href":"https:\/\/seacare.com\/tr\/wp-json\/wp\/v2\/media?parent=51699"}],"curies":[{"name":"wp","href":"https:\/\/api.w.org\/{rel}","templated":true}]}}