{"id":51757,"date":"2021-01-13T17:02:28","date_gmt":"2022-02-02T12:21:49","guid":{"rendered":"https:\/\/seacare.com\/ru\/?post_type=product&#038;p=51757"},"modified":"2022-02-03T16:07:39","modified_gmt":"2022-02-03T13:07:39","slug":"erkek-oelue-deniz-banyo-tuzu-300-gr-seacare","status":"publish","type":"product","link":"https:\/\/seacare.com\/tr\/product\/erkek-oelue-deniz-banyo-tuzu-300-gr-seacare\/","title":{"rendered":"Erkek \u00d6l\u00fc Deniz banyo tuzu, 300 gr, SeaCare"},"content":{"rendered":"<p>SeaCare erkek \u00d6l\u00fc Deniz banyo tuzu, y\u00fcksek konsantrasyonda mineral i\u00e7eren do\u011fal \u00d6l\u00fc Deniz tuzlar\u0131n\u0131n kar\u0131\u015f\u0131m\u0131d\u0131r. M\u00fckemmel bir rahatlat\u0131c\u0131 erkek kokusuna sahiptir. Do\u011fal \u015fifal\u0131 tuz form\u00fcl\u00fc, \u00d6l\u00fc Deniz mineralleri ile zenginle\u015ftirilmi\u015f olup \u0130srail Kozmetik \u00dcreticileri Birli\u011fi standartlar\u0131na uygun olarak geli\u015ftirilmi\u015ftir. Zihin ve v\u00fccudunuza bar\u0131\u015f ve huzuru geri getirir. Banyo tuzu, cildi nem kayb\u0131na kar\u015f\u0131 koruyan ve ayn\u0131 zamanda yat\u0131\u015ft\u0131ran ve cildin do\u011fal esnekli\u011fini geri kazanmas\u0131na yard\u0131mc\u0131 olan hafif ya\u011fl\u0131 bir tabaka b\u0131rakarak cildi canland\u0131r\u0131r. SeaCare erkek \u00d6l\u00fc Deniz tuzu ile en rahatlat\u0131c\u0131 anti-stres banyosunun keyfini ya\u015fars\u0131n\u0131z!<\/p>\n<p><strong>Kullan\u0131m \u015fekli:<\/strong> Tuzu k\u00fcvetteki \u0131l\u0131k suda eritip 15-20 dakika banyo yaparak dinlenin.<\/p>\n<h3>Anahtar bile\u015fenler<\/h3>\n<hr \/>\n<div class=\"row\"  id=\"row-2104135977\">\n<div class=\"col medium-6 small-12 large-6\"  ><div class=\"col-inner\"  >\n<div class=\"row\"  id=\"row-962699640\">\n<div class=\"col medium-3 small-12 large-3\"  ><div class=\"col-inner\"  >\n    <div class=\"img has-hover x md-x lg-x y md-y lg-y\" id=\"image_2007444987\">\n                <div class=\"img-inner dark\" >\n        <img loading=\"lazy\" decoding=\"async\" width=\"500\" height=\"500\" src=\"https:\/\/seacare.com\/wp-content\/uploads\/2020\/07\/minerals-1.png\" class=\"attachment-large size-large\" alt=\"\" srcset=\"https:\/\/seacare.com\/wp-content\/uploads\/2020\/07\/minerals-1.png 500w, https:\/\/seacare.com\/wp-content\/uploads\/2020\/07\/minerals-1-247x247.png 247w, https:\/\/seacare.com\/wp-content\/uploads\/2020\/07\/minerals-1-400x400.png 400w, https:\/\/seacare.com\/wp-content\/uploads\/2020\/07\/minerals-1-180x180.png 180w\" sizes=\"(max-width: 500px) 100vw, 500px\" \/>                \n            <\/div>\n                   \n<style scope=\"scope\">\n\n<\/style>\n    <\/div>\n    \n<\/div><\/div>\n<div class=\"col medium-9 small-12 large-9\"  ><div class=\"col-inner\"  >\n<h4>\u00d6l\u00fc Deniz Mineralleri<\/h4>\n<p>\u00d6l\u00fc Deniz, kan\u0131tlanm\u0131\u015f verilere g\u00f6re cildin g\u00f6r\u00fcn\u00fcm\u00fcn\u00fc iyile\u015ftiren ve sa\u011fl\u0131kl\u0131 ve gen\u00e7 kalmas\u0131n\u0131 sa\u011flayan 20\u2019den fazla mineral i\u00e7erir. \u00d6l\u00fc Deniz k\u0131y\u0131lar\u0131nda yeti\u015fen bitkiler bile <a href=\"\/tr\/oelue-deniz-mineralleri\/\">Etrafl\u0131ca&#8230;<\/a><\/p>\n<\/div><\/div>\n<\/div>\n<\/div><\/div>\n<div class=\"col medium-6 small-12 large-6\"  ><div class=\"col-inner\"  >\n<div class=\"row\"  id=\"row-1574976317\">\n<div class=\"col medium-3 small-12 large-3\"  ><div class=\"col-inner\"  >\n    <div class=\"img has-hover x md-x lg-x y md-y lg-y\" id=\"image_2037254057\">\n                <div class=\"img-inner dark\" >\n        <img loading=\"lazy\" decoding=\"async\" width=\"500\" height=\"500\" src=\"https:\/\/seacare.com\/wp-content\/uploads\/2020\/07\/\u0421\u043e\u043b\u044c-\u041c\u0435\u0440\u0442\u0432\u043e\u0433\u043e-\u043c\u043e\u0440\u044f-1.jpg\" class=\"attachment-large size-large\" alt=\"\" srcset=\"https:\/\/seacare.com\/wp-content\/uploads\/2020\/07\/\u0421\u043e\u043b\u044c-\u041c\u0435\u0440\u0442\u0432\u043e\u0433\u043e-\u043c\u043e\u0440\u044f-1.jpg 500w, https:\/\/seacare.com\/wp-content\/uploads\/2020\/07\/\u0421\u043e\u043b\u044c-\u041c\u0435\u0440\u0442\u0432\u043e\u0433\u043e-\u043c\u043e\u0440\u044f-1-247x247.jpg 247w, https:\/\/seacare.com\/wp-content\/uploads\/2020\/07\/\u0421\u043e\u043b\u044c-\u041c\u0435\u0440\u0442\u0432\u043e\u0433\u043e-\u043c\u043e\u0440\u044f-1-400x400.jpg 400w, https:\/\/seacare.com\/wp-content\/uploads\/2020\/07\/\u0421\u043e\u043b\u044c-\u041c\u0435\u0440\u0442\u0432\u043e\u0433\u043e-\u043c\u043e\u0440\u044f-1-180x180.jpg 180w\" sizes=\"(max-width: 500px) 100vw, 500px\" \/>                \n            <\/div>\n                   \n<style scope=\"scope\">\n\n<\/style>\n    <\/div>\n    \n<\/div><\/div>\n<div class=\"col medium-9 small-12 large-9\"  ><div class=\"col-inner\"  >\n<h4>\u00d6l\u00fc Deniz Tuzu<\/h4>\n<p>Gerekli mineralleri i\u00e7eren \u00d6l\u00fc Deniz tuzu, genel sa\u011fl\u0131\u011f\u0131m\u0131z ve kendimizi iyi hissetmemiz i\u00e7in tam ihtiya\u00e7 duydu\u011fumuz \u015fey olabilir. \u00d6l\u00fc Deniz tuzu, genel sa\u011fl\u0131\u011f\u0131m\u0131zda \u00f6nemli bir rol  <a href=\"\/tr\/oelue-deniz-tuzu\/\">Etrafl\u0131ca&#8230;<\/a><\/p>\n<\/div><\/div>\n<\/div>\n<\/div><\/div>\n<\/div>\n<h3>Serideki di\u011fer \u00fcr\u00fcnler<\/h3>\n\n  \n    <div class=\"row large-columns-4 medium-columns- small-columns-2 row-small slider row-slider slider-nav-reveal slider-nav-push\"  data-flickity-options='{\"imagesLoaded\": true, \"groupCells\": \"100%\", \"dragThreshold\" : 5, \"cellAlign\": \"left\",\"wrapAround\": true,\"prevNextButtons\": true,\"percentPosition\": true,\"pageDots\": false, \"rightToLeft\": false, \"autoPlay\" : false}'>\n\n  \t<\/div>\n<h3>Di\u011fer serilerdeki benzer \u00fcr\u00fcnler<\/h3>\n\n  \n    <div class=\"row large-columns-4 medium-columns- small-columns-2 row-small slider row-slider slider-nav-reveal slider-nav-push\"  data-flickity-options='{\"imagesLoaded\": true, \"groupCells\": \"100%\", \"dragThreshold\" : 5, \"cellAlign\": \"left\",\"wrapAround\": true,\"prevNextButtons\": true,\"percentPosition\": true,\"pageDots\": false, \"rightToLeft\": false, \"autoPlay\" : false}'>\n\n  \t\n\t            \t\t\t\t\t\n<div class=\"product-small col has-hover post-51527 product type-product status-publish has-post-thumbnail product_cat-banyo-tuzu product_cat-oelue-deniz-bakim-ueruenleri product_cat-oelue-deniz-spa-serisi product_cat-vuecut-bakim-ueruenleri first instock shipping-taxable purchasable product-type-simple\">\n\t<div class=\"col-inner\">\t\n\t\n<div class=\"badge-container absolute left top z-1\">\n<\/div>\t<div class=\"product-small box \">\n\t\t<div class=\"box-image\">\n\t\t\t<div class=\"image-none\">\n\t\t\t\t<a href=\"https:\/\/seacare.com\/tr\/product\/oelue-deniz-banyo-tuzu-300-gr-seacare\/\">\n\t\t\t\t\t<img loading=\"lazy\" decoding=\"async\" width=\"247\" height=\"300\" src=\"https:\/\/seacare.com\/wp-content\/uploads\/2017\/03\/1.-Bath_Salt_1-\u043a\u043e\u043f\u0438\u044f-247x300.jpg\" class=\"attachment-shop_catalog size-shop_catalog wp-post-image\" alt=\"1. Bath_Salt_1 \u043a\u043e\u043f\u0438\u044f\" title=\"1. Bath_Salt_1 \u043a\u043e\u043f\u0438\u044f\" \/>\t\t\t\t<\/a>\n\t\t\t<\/div>\n\t\t\t<div class=\"image-tools is-small top right show-on-hover\">\n\t\t\t\t\t\t\t<\/div>\n\t\t\t<div class=\"image-tools is-small hide-for-small bottom left show-on-hover\">\n\t\t\t\t\t\t\t<\/div>\n\t\t\t<div class=\"image-tools grid-tools text-center hide-for-small bottom hover-slide-in show-on-hover\">\n\t\t\t\t  <a class=\"quick-view\" data-prod=\"51527\" href=\"#quick-view\">Quick View<\/a>\t\t\t<\/div>\n\t\t\t\t\t<\/div><!-- box-image -->\n\n\t\t<div class=\"box-text box-text-products\">\n\t\t\t<div class=\"title-wrapper\">  <p class=\"category uppercase is-smaller no-text-overflow product-cat op-7\">\n        Banyo tuzu   <\/p> <p class=\"name product-title\"><a href=\"https:\/\/seacare.com\/tr\/product\/oelue-deniz-banyo-tuzu-300-gr-seacare\/\">\u00d6l\u00fc Deniz banyo tuzu, 300 gr, SeaCare<\/a><\/p><\/div><div class=\"price-wrapper\">\n\t<span class=\"price\"><span class=\"woocommerce-Price-amount amount\"><span class=\"woocommerce-Price-currencySymbol\">&#36;<\/span>&nbsp;36.90<\/span><\/span>\n<\/div>\t\t<\/div><!-- box-text -->\n\t<\/div><!-- box -->\n\t\t<\/div><!-- .col-inner -->\n<\/div><!-- col -->\t            \n\t        <\/div>\n","protected":false},"excerpt":{"rendered":"<p>t\u00fcm cilt tipleri i\u00e7in<br \/>\n300 g &#8211; 10.1 oz.<\/p>\n","protected":false},"featured_media":59385,"comment_status":"open","ping_status":"closed","template":"","meta":[],"_links":{"self":[{"href":"https:\/\/seacare.com\/tr\/wp-json\/wp\/v2\/product\/51757"}],"collection":[{"href":"https:\/\/seacare.com\/tr\/wp-json\/wp\/v2\/product"}],"about":[{"href":"https:\/\/seacare.com\/tr\/wp-json\/wp\/v2\/types\/product"}],"replies":[{"embeddable":true,"href":"https:\/\/seacare.com\/tr\/wp-json\/wp\/v2\/comments?post=51757"}],"wp:featuredmedia":[{"embeddable":true,"href":"https:\/\/seacare.com\/tr\/wp-json\/wp\/v2\/media\/59385"}],"wp:attachment":[{"href":"https:\/\/seacare.com\/tr\/wp-json\/wp\/v2\/media?parent=51757"}],"curies":[{"name":"wp","href":"https:\/\/api.w.org\/{rel}","templated":true}]}}